{"id":2099,"date":"2025-06-28T12:03:47","date_gmt":"2025-06-28T10:03:47","guid":{"rendered":"https:\/\/uj.adatbank.ro\/lexikon\/termek\/balogh-pal\/"},"modified":"2025-06-28T12:03:47","modified_gmt":"2025-06-28T10:03:47","slug":"balogh-pal","status":"publish","type":"product","link":"https:\/\/uj.adatbank.ro\/lexikon\/termek\/balogh-pal\/","title":{"rendered":"BALOGH P\u00e1l"},"content":{"rendered":"<p>1916, \u2020 Mv., 1983. okt. 15.: tan\u00e1r. \u2013 Mv.-en a Bolyai L\u00edc.-ban tan\u00edtott. <br \/><strong>Irod.:<\/strong> [Nekrol\u00f3g], (V. Z. 1983. okt. 16.)<\/br><\/p>\n","protected":false},"excerpt":{"rendered":"<p>1916, \u2020 Mv., 1983. okt. 15.: tan\u00e1r. \u2013 Mv.-en a Bolyai L\u00edc.-ban tan\u00edtott. Irod.: [Nekrol\u00f3g], (V. Z. 1983. okt. 16.)<\/p>\n","protected":false},"featured_media":0,"comment_status":"open","ping_status":"closed","template":"","meta":[],"product_brand":[],"product_cat":[137],"product_tag":[],"class_list":{"0":"post-2099","1":"product","2":"type-product","3":"status-publish","5":"product_cat-maros-megyei-eletrajzi-lexikon","7":"first","8":"instock","9":"shipping-taxable","10":"product-type-simple"},"_links":{"self":[{"href":"https:\/\/uj.adatbank.ro\/lexikon\/wp-json\/wp\/v2\/product\/2099","targetHints":{"allow":["GET"]}}],"collection":[{"href":"https:\/\/uj.adatbank.ro\/lexikon\/wp-json\/wp\/v2\/product"}],"about":[{"href":"https:\/\/uj.adatbank.ro\/lexikon\/wp-json\/wp\/v2\/types\/product"}],"replies":[{"embeddable":true,"href":"https:\/\/uj.adatbank.ro\/lexikon\/wp-json\/wp\/v2\/comments?post=2099"}],"wp:attachment":[{"href":"https:\/\/uj.adatbank.ro\/lexikon\/wp-json\/wp\/v2\/media?parent=2099"}],"wp:term":[{"taxonomy":"product_brand","embeddable":true,"href":"https:\/\/uj.adatbank.ro\/lexikon\/wp-json\/wp\/v2\/product_brand?post=2099"},{"taxonomy":"product_cat","embeddable":true,"href":"https:\/\/uj.adatbank.ro\/lexikon\/wp-json\/wp\/v2\/product_cat?post=2099"},{"taxonomy":"product_tag","embeddable":true,"href":"https:\/\/uj.adatbank.ro\/lexikon\/wp-json\/wp\/v2\/product_tag?post=2099"}],"curies":[{"name":"wp","href":"https:\/\/api.w.org\/{rel}","templated":true}]}}