{"id":20991,"date":"2025-07-22T19:09:12","date_gmt":"2025-07-22T17:09:12","guid":{"rendered":"https:\/\/uj.adatbank.ro\/lexikon\/termek\/suranyi-samuel\/"},"modified":"2025-07-22T19:09:12","modified_gmt":"2025-07-22T17:09:12","slug":"suranyi-samuel","status":"publish","type":"product","link":"https:\/\/uj.adatbank.ro\/lexikon\/termek\/suranyi-samuel\/","title":{"rendered":"SUR\u00c1NYI S\u00e1muel"},"content":{"rendered":"<p>? \u2020?: tan\u00edt\u00f3. \u2013 Feles\u00e9ge: 1. V\u00e1radi Zsuzs\u00e1nna, 2. Garda S\u00e1ra. Mv.-en suscrib\u00e1lt (1773), Sz\u0151kefalv\u00e1n tan\u00edtott a ref. iskol\u00e1ban (1778\u201379), H\u00e9derf\u00e1j\u00e1n (1779\u20131813). <br \/><strong>Irod.:<\/strong> K\u00fck\u00fcll\u0151i Ref. Egyh\u00e1zm. 2., 4.; Nagy L\u00e1szl\u00f3.<\/br><\/p>\n","protected":false},"excerpt":{"rendered":"<p>? \u2020?: tan\u00edt\u00f3. \u2013 Feles\u00e9ge: 1. V\u00e1radi Zsuzs\u00e1nna, 2. Garda S\u00e1ra. Mv.-en suscrib\u00e1lt (1773), Sz\u0151kefalv\u00e1n tan\u00edtott a ref. iskol\u00e1ban (1778\u201379), H\u00e9derf\u00e1j\u00e1n (1779\u20131813). Irod.: K\u00fck\u00fcll\u0151i Ref. Egyh\u00e1zm. 2., 4.; Nagy L\u00e1szl\u00f3.<\/p>\n","protected":false},"featured_media":0,"comment_status":"open","ping_status":"closed","template":"","meta":[],"product_brand":[],"product_cat":[137],"product_tag":[],"class_list":{"0":"post-20991","1":"product","2":"type-product","3":"status-publish","5":"product_cat-maros-megyei-eletrajzi-lexikon","7":"first","8":"instock","9":"shipping-taxable","10":"product-type-simple"},"_links":{"self":[{"href":"https:\/\/uj.adatbank.ro\/lexikon\/wp-json\/wp\/v2\/product\/20991","targetHints":{"allow":["GET"]}}],"collection":[{"href":"https:\/\/uj.adatbank.ro\/lexikon\/wp-json\/wp\/v2\/product"}],"about":[{"href":"https:\/\/uj.adatbank.ro\/lexikon\/wp-json\/wp\/v2\/types\/product"}],"replies":[{"embeddable":true,"href":"https:\/\/uj.adatbank.ro\/lexikon\/wp-json\/wp\/v2\/comments?post=20991"}],"wp:attachment":[{"href":"https:\/\/uj.adatbank.ro\/lexikon\/wp-json\/wp\/v2\/media?parent=20991"}],"wp:term":[{"taxonomy":"product_brand","embeddable":true,"href":"https:\/\/uj.adatbank.ro\/lexikon\/wp-json\/wp\/v2\/product_brand?post=20991"},{"taxonomy":"product_cat","embeddable":true,"href":"https:\/\/uj.adatbank.ro\/lexikon\/wp-json\/wp\/v2\/product_cat?post=20991"},{"taxonomy":"product_tag","embeddable":true,"href":"https:\/\/uj.adatbank.ro\/lexikon\/wp-json\/wp\/v2\/product_tag?post=20991"}],"curies":[{"name":"wp","href":"https:\/\/api.w.org\/{rel}","templated":true}]}}