{"id":20994,"date":"2025-07-22T19:09:20","date_gmt":"2025-07-22T17:09:20","guid":{"rendered":"https:\/\/uj.adatbank.ro\/lexikon\/termek\/surius-peter-petrus\/"},"modified":"2025-07-22T19:09:20","modified_gmt":"2025-07-22T17:09:20","slug":"surius-peter-petrus","status":"publish","type":"product","link":"https:\/\/uj.adatbank.ro\/lexikon\/termek\/surius-peter-petrus\/","title":{"rendered":"SURIUS Peter,\u00a0Petrus"},"content":{"rendered":"<p>Sz\u00e1szkereszt\u00far? \u2020\u00a01603. j\u00fal. 31.: \u00e1g. ev. lelk\u00e9sz. \u2013 Sz\u00e1szkereszt\u00fari sz\u00e1rmaz\u00e1s\u00fa. A wittenbergi egyetemen tanult (1579). Segesv\u00e1rra v\u00e1lasztott\u00e1k v\u00e1rosi lelk\u00e9sznek (1586), majd d\u00e9k\u00e1nnak (1590). Feljegyezte a sz\u00e1sz evang\u00e9likus zsinat esem\u00e9nyeit (1601, 1602) \u00e9s Mattias Schiffbaumer (1547\u20131611) p\u00fcsp\u00f6kk\u00e9 v\u00e1laszt\u00e1s\u00e1t. Kr\u00f3nikaszer\u0171en feljegyezte a sz\u00e1sz egyh\u00e1z t\u00f6rt\u00e9neti esem\u00e9nyeit, a Sz\u00e1szk\u00e9zdi K\u00e1ptalanra vonatkoz\u00f3 okm\u00e1nyokb\u00f3l (1558\u20131600) kivonatokat k\u00e9sz\u00edtett \u00e9s a politikai esem\u00e9nyeket is r\u00f6gz\u00edtette. K\u00e9zirati munk\u00e1i: De electione Superintendentis; Capituli Cibiniensis Index Privilegiorum et Libertatum.. <br \/><strong>Irod.:<\/strong> Kraus: Erd\u00e9lyi kr\u00f3nika; RMK; Szinnyei.<\/br><\/p>\n","protected":false},"excerpt":{"rendered":"<p>Sz\u00e1szkereszt\u00far? \u2020\u00a01603. j\u00fal. 31.: \u00e1g. ev. lelk\u00e9sz. \u2013 Sz\u00e1szkereszt\u00fari sz\u00e1rmaz\u00e1s\u00fa. A wittenbergi egyetemen tanult (1579). Segesv\u00e1rra v\u00e1lasztott\u00e1k v\u00e1rosi lelk\u00e9sznek (1586), majd d\u00e9k\u00e1nnak (1590). Feljegyezte a sz\u00e1sz evang\u00e9likus zsinat esem\u00e9nyeit (1601, 1602) \u00e9s Mattias Schiffbaumer (1547\u20131611) p\u00fcsp\u00f6kk\u00e9 v\u00e1laszt\u00e1s\u00e1t. Kr\u00f3nikaszer\u0171en feljegyezte a sz\u00e1sz egyh\u00e1z t\u00f6rt\u00e9neti esem\u00e9nyeit, a Sz\u00e1szk\u00e9zdi K\u00e1ptalanra vonatkoz\u00f3 okm\u00e1nyokb\u00f3l (1558\u20131600) kivonatokat k\u00e9sz\u00edtett \u00e9s a politikai [&hellip;]<\/p>\n","protected":false},"featured_media":0,"comment_status":"open","ping_status":"closed","template":"","meta":[],"product_brand":[],"product_cat":[137],"product_tag":[],"class_list":{"0":"post-20994","1":"product","2":"type-product","3":"status-publish","5":"product_cat-maros-megyei-eletrajzi-lexikon","7":"first","8":"instock","9":"shipping-taxable","10":"product-type-simple"},"_links":{"self":[{"href":"https:\/\/uj.adatbank.ro\/lexikon\/wp-json\/wp\/v2\/product\/20994","targetHints":{"allow":["GET"]}}],"collection":[{"href":"https:\/\/uj.adatbank.ro\/lexikon\/wp-json\/wp\/v2\/product"}],"about":[{"href":"https:\/\/uj.adatbank.ro\/lexikon\/wp-json\/wp\/v2\/types\/product"}],"replies":[{"embeddable":true,"href":"https:\/\/uj.adatbank.ro\/lexikon\/wp-json\/wp\/v2\/comments?post=20994"}],"wp:attachment":[{"href":"https:\/\/uj.adatbank.ro\/lexikon\/wp-json\/wp\/v2\/media?parent=20994"}],"wp:term":[{"taxonomy":"product_brand","embeddable":true,"href":"https:\/\/uj.adatbank.ro\/lexikon\/wp-json\/wp\/v2\/product_brand?post=20994"},{"taxonomy":"product_cat","embeddable":true,"href":"https:\/\/uj.adatbank.ro\/lexikon\/wp-json\/wp\/v2\/product_cat?post=20994"},{"taxonomy":"product_tag","embeddable":true,"href":"https:\/\/uj.adatbank.ro\/lexikon\/wp-json\/wp\/v2\/product_tag?post=20994"}],"curies":[{"name":"wp","href":"https:\/\/api.w.org\/{rel}","templated":true}]}}