{"id":20995,"date":"2025-07-22T19:09:22","date_gmt":"2025-07-22T17:09:22","guid":{"rendered":"https:\/\/uj.adatbank.ro\/lexikon\/termek\/susann-massimiliano\/"},"modified":"2025-07-22T19:09:22","modified_gmt":"2025-07-22T17:09:22","slug":"susann-massimiliano","status":"publish","type":"product","link":"https:\/\/uj.adatbank.ro\/lexikon\/termek\/susann-massimiliano\/","title":{"rendered":"SUSANN Massimiliano"},"content":{"rendered":"<p>? \u2020?: tisztvisel\u0151 Sz\u00e1szr\u00e9genben. \u2013 A labdar\u00fag\u00f3, \u00fasz\u00f3 \u00e9s evez\u0151s sportot \u0171zte. Olaszorsz\u00e1gban kezdett sportolni, majd Jugoszl\u00e1vi\u00e1ban folytatta. Sz\u00e1szr\u00e9genbe ker\u00fclve a magyar sport lelkes bar\u00e1tja lett. A sz\u00e1szr\u00e9geni magyar sport\u00e9letben jelent\u0151s szerepet j\u00e1tszott. <br \/><strong>Irod.:<\/strong> Pluh\u00e1r.<\/br><\/p>\n","protected":false},"excerpt":{"rendered":"<p>? \u2020?: tisztvisel\u0151 Sz\u00e1szr\u00e9genben. \u2013 A labdar\u00fag\u00f3, \u00fasz\u00f3 \u00e9s evez\u0151s sportot \u0171zte. Olaszorsz\u00e1gban kezdett sportolni, majd Jugoszl\u00e1vi\u00e1ban folytatta. Sz\u00e1szr\u00e9genbe ker\u00fclve a magyar sport lelkes bar\u00e1tja lett. A sz\u00e1szr\u00e9geni magyar sport\u00e9letben jelent\u0151s szerepet j\u00e1tszott. Irod.: Pluh\u00e1r.<\/p>\n","protected":false},"featured_media":0,"comment_status":"open","ping_status":"closed","template":"","meta":[],"product_brand":[],"product_cat":[137],"product_tag":[],"class_list":{"0":"post-20995","1":"product","2":"type-product","3":"status-publish","5":"product_cat-maros-megyei-eletrajzi-lexikon","7":"first","8":"instock","9":"shipping-taxable","10":"product-type-simple"},"_links":{"self":[{"href":"https:\/\/uj.adatbank.ro\/lexikon\/wp-json\/wp\/v2\/product\/20995","targetHints":{"allow":["GET"]}}],"collection":[{"href":"https:\/\/uj.adatbank.ro\/lexikon\/wp-json\/wp\/v2\/product"}],"about":[{"href":"https:\/\/uj.adatbank.ro\/lexikon\/wp-json\/wp\/v2\/types\/product"}],"replies":[{"embeddable":true,"href":"https:\/\/uj.adatbank.ro\/lexikon\/wp-json\/wp\/v2\/comments?post=20995"}],"wp:attachment":[{"href":"https:\/\/uj.adatbank.ro\/lexikon\/wp-json\/wp\/v2\/media?parent=20995"}],"wp:term":[{"taxonomy":"product_brand","embeddable":true,"href":"https:\/\/uj.adatbank.ro\/lexikon\/wp-json\/wp\/v2\/product_brand?post=20995"},{"taxonomy":"product_cat","embeddable":true,"href":"https:\/\/uj.adatbank.ro\/lexikon\/wp-json\/wp\/v2\/product_cat?post=20995"},{"taxonomy":"product_tag","embeddable":true,"href":"https:\/\/uj.adatbank.ro\/lexikon\/wp-json\/wp\/v2\/product_tag?post=20995"}],"curies":[{"name":"wp","href":"https:\/\/api.w.org\/{rel}","templated":true}]}}