{"id":20996,"date":"2025-07-22T19:09:24","date_gmt":"2025-07-22T17:09:24","guid":{"rendered":"https:\/\/uj.adatbank.ro\/lexikon\/termek\/sussmann-joel-%c2%a7\/"},"modified":"2025-07-22T19:09:24","modified_gmt":"2025-07-22T17:09:24","slug":"sussmann-joel-%c2%a7","status":"publish","type":"product","link":"https:\/\/uj.adatbank.ro\/lexikon\/termek\/sussmann-joel-%c2%a7\/","title":{"rendered":"S\u00dcSSMANN Joel, \u00a7"},"content":{"rendered":"<p>? \u2020?: keresked\u0151. \u2013 Sz\u00e1szr\u00e9genben volt vaskeresked\u0151. Az I. vh.-ban (1915.\u201318. nov.) r\u00e9szt vett a 63. gy.-e.-ben gyalogosk\u00e9nt az orosz harct\u00e9ren teljes\u00edtett arcvonalszolg\u00e1latot. Kit\u00fcntet\u00e9se: K\u00e1roly cs. k.ig. a. <br \/><strong>Irod.:<\/strong> M. Hadviselt zsid\u00f3k.<\/br><\/p>\n","protected":false},"excerpt":{"rendered":"<p>? \u2020?: keresked\u0151. \u2013 Sz\u00e1szr\u00e9genben volt vaskeresked\u0151. Az I. vh.-ban (1915.\u201318. nov.) r\u00e9szt vett a 63. gy.-e.-ben gyalogosk\u00e9nt az orosz harct\u00e9ren teljes\u00edtett arcvonalszolg\u00e1latot. Kit\u00fcntet\u00e9se: K\u00e1roly cs. k.ig. a. Irod.: M. Hadviselt zsid\u00f3k.<\/p>\n","protected":false},"featured_media":0,"comment_status":"open","ping_status":"closed","template":"","meta":[],"product_brand":[],"product_cat":[137],"product_tag":[],"class_list":{"0":"post-20996","1":"product","2":"type-product","3":"status-publish","5":"product_cat-maros-megyei-eletrajzi-lexikon","7":"first","8":"instock","9":"shipping-taxable","10":"product-type-simple"},"_links":{"self":[{"href":"https:\/\/uj.adatbank.ro\/lexikon\/wp-json\/wp\/v2\/product\/20996","targetHints":{"allow":["GET"]}}],"collection":[{"href":"https:\/\/uj.adatbank.ro\/lexikon\/wp-json\/wp\/v2\/product"}],"about":[{"href":"https:\/\/uj.adatbank.ro\/lexikon\/wp-json\/wp\/v2\/types\/product"}],"replies":[{"embeddable":true,"href":"https:\/\/uj.adatbank.ro\/lexikon\/wp-json\/wp\/v2\/comments?post=20996"}],"wp:attachment":[{"href":"https:\/\/uj.adatbank.ro\/lexikon\/wp-json\/wp\/v2\/media?parent=20996"}],"wp:term":[{"taxonomy":"product_brand","embeddable":true,"href":"https:\/\/uj.adatbank.ro\/lexikon\/wp-json\/wp\/v2\/product_brand?post=20996"},{"taxonomy":"product_cat","embeddable":true,"href":"https:\/\/uj.adatbank.ro\/lexikon\/wp-json\/wp\/v2\/product_cat?post=20996"},{"taxonomy":"product_tag","embeddable":true,"href":"https:\/\/uj.adatbank.ro\/lexikon\/wp-json\/wp\/v2\/product_tag?post=20996"}],"curies":[{"name":"wp","href":"https:\/\/api.w.org\/{rel}","templated":true}]}}