{"id":21000,"date":"2025-07-22T19:09:31","date_gmt":"2025-07-22T17:09:31","guid":{"rendered":"https:\/\/uj.adatbank.ro\/lexikon\/termek\/suto-gyula\/"},"modified":"2025-07-22T19:09:31","modified_gmt":"2025-07-22T17:09:31","slug":"suto-gyula","status":"publish","type":"product","link":"https:\/\/uj.adatbank.ro\/lexikon\/termek\/suto-gyula\/","title":{"rendered":"S\u00dcT\u0150 Gyula"},"content":{"rendered":"<p>Mv., 1928., \u20201993: ref. lelk\u00e9sz. \u2013 Mez\u0151cs\u00e1v\u00e1s k\u00f6zs\u00e9gbe kezdte lelk\u00e9szi szolg\u00e1lat\u00e1t (1953\u2013), Gyergy\u00f3szentmikl\u00f3s sz\u00f3rv\u00e1nyaiban folytatta, Vajdaszentiv\u00e1nyon is lelk\u00e9sz egy \u00e9vig, r\u00f6vid ideig seg\u00e9dlelk\u00e9sz Sepsiszentgy\u00f6rgy\u00f6n \u00e9s Hossz\u00fafaluban, Disznaj\u00f3n (1955\u2013) t\u00f6bb \u00e9ven \u00e1t a gy\u00fclekezet lelk\u00e9sze. <br \/><strong>Irod.:<\/strong> Cs\u00e1ky.<\/br><\/p>\n","protected":false},"excerpt":{"rendered":"<p>Mv., 1928., \u20201993: ref. lelk\u00e9sz. \u2013 Mez\u0151cs\u00e1v\u00e1s k\u00f6zs\u00e9gbe kezdte lelk\u00e9szi szolg\u00e1lat\u00e1t (1953\u2013), Gyergy\u00f3szentmikl\u00f3s sz\u00f3rv\u00e1nyaiban folytatta, Vajdaszentiv\u00e1nyon is lelk\u00e9sz egy \u00e9vig, r\u00f6vid ideig seg\u00e9dlelk\u00e9sz Sepsiszentgy\u00f6rgy\u00f6n \u00e9s Hossz\u00fafaluban, Disznaj\u00f3n (1955\u2013) t\u00f6bb \u00e9ven \u00e1t a gy\u00fclekezet lelk\u00e9sze. Irod.: Cs\u00e1ky.<\/p>\n","protected":false},"featured_media":0,"comment_status":"open","ping_status":"closed","template":"","meta":[],"product_brand":[],"product_cat":[137],"product_tag":[],"class_list":{"0":"post-21000","1":"product","2":"type-product","3":"status-publish","5":"product_cat-maros-megyei-eletrajzi-lexikon","7":"first","8":"instock","9":"shipping-taxable","10":"product-type-simple"},"_links":{"self":[{"href":"https:\/\/uj.adatbank.ro\/lexikon\/wp-json\/wp\/v2\/product\/21000","targetHints":{"allow":["GET"]}}],"collection":[{"href":"https:\/\/uj.adatbank.ro\/lexikon\/wp-json\/wp\/v2\/product"}],"about":[{"href":"https:\/\/uj.adatbank.ro\/lexikon\/wp-json\/wp\/v2\/types\/product"}],"replies":[{"embeddable":true,"href":"https:\/\/uj.adatbank.ro\/lexikon\/wp-json\/wp\/v2\/comments?post=21000"}],"wp:attachment":[{"href":"https:\/\/uj.adatbank.ro\/lexikon\/wp-json\/wp\/v2\/media?parent=21000"}],"wp:term":[{"taxonomy":"product_brand","embeddable":true,"href":"https:\/\/uj.adatbank.ro\/lexikon\/wp-json\/wp\/v2\/product_brand?post=21000"},{"taxonomy":"product_cat","embeddable":true,"href":"https:\/\/uj.adatbank.ro\/lexikon\/wp-json\/wp\/v2\/product_cat?post=21000"},{"taxonomy":"product_tag","embeddable":true,"href":"https:\/\/uj.adatbank.ro\/lexikon\/wp-json\/wp\/v2\/product_tag?post=21000"}],"curies":[{"name":"wp","href":"https:\/\/api.w.org\/{rel}","templated":true}]}}