{"id":21001,"date":"2025-07-22T19:09:33","date_gmt":"2025-07-22T17:09:33","guid":{"rendered":"https:\/\/uj.adatbank.ro\/lexikon\/termek\/suto-istvan\/"},"modified":"2025-07-22T19:09:33","modified_gmt":"2025-07-22T17:09:33","slug":"suto-istvan","status":"publish","type":"product","link":"https:\/\/uj.adatbank.ro\/lexikon\/termek\/suto-istvan\/","title":{"rendered":"S\u00dcT\u0150 Istv\u00e1n"},"content":{"rendered":"<p>Mv., 1896., \u2020 Mv., 1972. aug. 3.: vasmunk\u00e1s, munk\u00e1smozgalmi harcos. \u2013 Fiatalon bekapcsol\u00f3dott a mv.-i munk\u00e1smozgalomba. Tagja a vasmunk\u00e1sok szakszervezet\u00e9nek (1914\u2013), a RKP mv.-i szervezet\u00e9nek (1922\u2013). A felszabadul\u00e1s ut\u00e1n felel\u0151s beoszt\u00e1s\u00fa tiszts\u00e9geket t\u00f6lt\u00f6tt be: az OGYI adminisztrat\u00edv igazgat\u00f3ja t\u00f6bb \u00e9ven \u00e1t, majd a S. r. \u00e9s V. Z.. napilapok adminisztrat\u00edv oszt\u00e1ly\u00e1nak vezet\u0151je nyugd\u00edjaz\u00e1s\u00e1ig (\u20131957). T\u00f6bb kit\u00fcntet\u00e9sben r\u00e9szes\u00fclt. <br \/><strong>Irod.:<\/strong> S. I. [Nekrol\u00f3g] (V. Z., 1972. aug. 4.).<\/br><\/p>\n","protected":false},"excerpt":{"rendered":"<p>Mv., 1896., \u2020 Mv., 1972. aug. 3.: vasmunk\u00e1s, munk\u00e1smozgalmi harcos. \u2013 Fiatalon bekapcsol\u00f3dott a mv.-i munk\u00e1smozgalomba. Tagja a vasmunk\u00e1sok szakszervezet\u00e9nek (1914\u2013), a RKP mv.-i szervezet\u00e9nek (1922\u2013). A felszabadul\u00e1s ut\u00e1n felel\u0151s beoszt\u00e1s\u00fa tiszts\u00e9geket t\u00f6lt\u00f6tt be: az OGYI adminisztrat\u00edv igazgat\u00f3ja t\u00f6bb \u00e9ven \u00e1t, majd a S. r. \u00e9s V. Z.. napilapok adminisztrat\u00edv oszt\u00e1ly\u00e1nak vezet\u0151je nyugd\u00edjaz\u00e1s\u00e1ig (\u20131957). T\u00f6bb [&hellip;]<\/p>\n","protected":false},"featured_media":0,"comment_status":"open","ping_status":"closed","template":"","meta":[],"product_brand":[],"product_cat":[137],"product_tag":[],"class_list":{"0":"post-21001","1":"product","2":"type-product","3":"status-publish","5":"product_cat-maros-megyei-eletrajzi-lexikon","7":"first","8":"instock","9":"shipping-taxable","10":"product-type-simple"},"_links":{"self":[{"href":"https:\/\/uj.adatbank.ro\/lexikon\/wp-json\/wp\/v2\/product\/21001","targetHints":{"allow":["GET"]}}],"collection":[{"href":"https:\/\/uj.adatbank.ro\/lexikon\/wp-json\/wp\/v2\/product"}],"about":[{"href":"https:\/\/uj.adatbank.ro\/lexikon\/wp-json\/wp\/v2\/types\/product"}],"replies":[{"embeddable":true,"href":"https:\/\/uj.adatbank.ro\/lexikon\/wp-json\/wp\/v2\/comments?post=21001"}],"wp:attachment":[{"href":"https:\/\/uj.adatbank.ro\/lexikon\/wp-json\/wp\/v2\/media?parent=21001"}],"wp:term":[{"taxonomy":"product_brand","embeddable":true,"href":"https:\/\/uj.adatbank.ro\/lexikon\/wp-json\/wp\/v2\/product_brand?post=21001"},{"taxonomy":"product_cat","embeddable":true,"href":"https:\/\/uj.adatbank.ro\/lexikon\/wp-json\/wp\/v2\/product_cat?post=21001"},{"taxonomy":"product_tag","embeddable":true,"href":"https:\/\/uj.adatbank.ro\/lexikon\/wp-json\/wp\/v2\/product_tag?post=21001"}],"curies":[{"name":"wp","href":"https:\/\/api.w.org\/{rel}","templated":true}]}}