{"id":21002,"date":"2025-07-22T19:09:35","date_gmt":"2025-07-22T17:09:35","guid":{"rendered":"https:\/\/uj.adatbank.ro\/lexikon\/termek\/suto-istvan-2\/"},"modified":"2025-07-22T19:09:35","modified_gmt":"2025-07-22T17:09:35","slug":"suto-istvan-2","status":"publish","type":"product","link":"https:\/\/uj.adatbank.ro\/lexikon\/termek\/suto-istvan-2\/","title":{"rendered":"S\u00dcT\u0150 Istv\u00e1n"},"content":{"rendered":"<p>Mv., 1949. szept. 29., \u2020 Mv., 1987. jan. 26.: k\u00f6lt\u0151, tan\u00e1r. \u2013 \u00c9retts\u00e9gi ut\u00e1n \u00e9p\u00edt\u00e9szeti technikumot v\u00e9gzett, majd levelez\u0151 hallgat\u00f3 a BBTE m.-angol szak\u00e1n. K\u00f6zben Sepsiszentgy\u00f6rgy\u00f6n dolgozott a v\u00e1rosi m\u0171vel\u0151d\u00e9si h\u00e1zban, a Megyei T\u00fck\u00f6r munkat\u00e1rsa volt \u00e9s tan\u00edtott egy falusi iskol\u00e1ban. Mv.-en a sz\u00ednh\u00e1zn\u00e1l diszletez\u0151 seg\u00e9dmunk\u00e1s. Els\u0151 versei az Ifj\u00famunk\u00e1sban \u00e9s az Igaz Sz\u00f3-ban jelentek meg (1971\u201372). Els\u0151 versesk\u00f6tete a Forr\u00e1s sorozatban jelent meg. KISZ Irodalmi D\u00edj\u00e1t kapta (1981). Verseiben \u00f6tv\u00f6zi a l\u00edrai \u00e9s epikai elemeket. Tragikus k\u00f6r\u00fclm\u00e9nyek k\u00f6z\u00f6tt hunyt el. \u2013 <strong><strong>F. m.<\/strong><\/strong>: Arcfogyatkoz\u00e1s (versek; Buk., 1981); Nagy csal\u00e1di album (Buk., 1983); \u00c9n, D\u00e1niel (versek; Buk., 1987); Utaz\u00e1sok \u00e1lruh\u00e1\u00e9rt (\u00f6sszegy\u0171jt\u00f6tt versek; Mv., 2004). <br \/><strong>Irod.:<\/strong> Borcsa J\u00e1nos: Az epika kis\u00e9rt\u00e9se \u00e9s a l\u00edra gy\u0151zelme k\u00f6z\u00f6tt (Irodalmi Jelen 47. sz., 2005. szept.); KM\u00cd; Kort\u00e1rs M\u00cdKL; Kusz\u00e1lik; [Nekrol\u00f3g] (V. Z., 1983. jan. 29.); \u00daMIL.<\/br><\/p>\n","protected":false},"excerpt":{"rendered":"<p>Mv., 1949. szept. 29., \u2020 Mv., 1987. jan. 26.: k\u00f6lt\u0151, tan\u00e1r. \u2013 \u00c9retts\u00e9gi ut\u00e1n \u00e9p\u00edt\u00e9szeti technikumot v\u00e9gzett, majd levelez\u0151 hallgat\u00f3 a BBTE m.-angol szak\u00e1n. K\u00f6zben Sepsiszentgy\u00f6rgy\u00f6n dolgozott a v\u00e1rosi m\u0171vel\u0151d\u00e9si h\u00e1zban, a Megyei T\u00fck\u00f6r munkat\u00e1rsa volt \u00e9s tan\u00edtott egy falusi iskol\u00e1ban. Mv.-en a sz\u00ednh\u00e1zn\u00e1l diszletez\u0151 seg\u00e9dmunk\u00e1s. Els\u0151 versei az Ifj\u00famunk\u00e1sban \u00e9s az Igaz Sz\u00f3-ban jelentek [&hellip;]<\/p>\n","protected":false},"featured_media":0,"comment_status":"open","ping_status":"closed","template":"","meta":[],"product_brand":[],"product_cat":[137],"product_tag":[],"class_list":{"0":"post-21002","1":"product","2":"type-product","3":"status-publish","5":"product_cat-maros-megyei-eletrajzi-lexikon","7":"first","8":"instock","9":"shipping-taxable","10":"product-type-simple"},"_links":{"self":[{"href":"https:\/\/uj.adatbank.ro\/lexikon\/wp-json\/wp\/v2\/product\/21002","targetHints":{"allow":["GET"]}}],"collection":[{"href":"https:\/\/uj.adatbank.ro\/lexikon\/wp-json\/wp\/v2\/product"}],"about":[{"href":"https:\/\/uj.adatbank.ro\/lexikon\/wp-json\/wp\/v2\/types\/product"}],"replies":[{"embeddable":true,"href":"https:\/\/uj.adatbank.ro\/lexikon\/wp-json\/wp\/v2\/comments?post=21002"}],"wp:attachment":[{"href":"https:\/\/uj.adatbank.ro\/lexikon\/wp-json\/wp\/v2\/media?parent=21002"}],"wp:term":[{"taxonomy":"product_brand","embeddable":true,"href":"https:\/\/uj.adatbank.ro\/lexikon\/wp-json\/wp\/v2\/product_brand?post=21002"},{"taxonomy":"product_cat","embeddable":true,"href":"https:\/\/uj.adatbank.ro\/lexikon\/wp-json\/wp\/v2\/product_cat?post=21002"},{"taxonomy":"product_tag","embeddable":true,"href":"https:\/\/uj.adatbank.ro\/lexikon\/wp-json\/wp\/v2\/product_tag?post=21002"}],"curies":[{"name":"wp","href":"https:\/\/api.w.org\/{rel}","templated":true}]}}