{"id":21005,"date":"2025-07-22T19:09:43","date_gmt":"2025-07-22T17:09:43","guid":{"rendered":"https:\/\/uj.adatbank.ro\/lexikon\/termek\/suto-sandor\/"},"modified":"2025-07-22T19:09:43","modified_gmt":"2025-07-22T17:09:43","slug":"suto-sandor","status":"publish","type":"product","link":"https:\/\/uj.adatbank.ro\/lexikon\/termek\/suto-sandor\/","title":{"rendered":"S\u00dcT\u0150 S\u00e1ndor"},"content":{"rendered":"<p>Uzdiszentp\u00e9ter, 1915, \u2020 Uzdiszentp\u00e9ter, 2000.: f\u00f6ldm\u0171ves. \u2013 Sz\u00fcl\u0151faluj\u00e1ban gazdak\u00e9nt (10\u201312 teh\u00e9n, l\u00f3 volt ist\u00e1ll\u00f3j\u00e1ban), sz\u0151l\u0151- \u00e9s gy\u00fcm\u00f6lcstermeszt\u0151k\u00e9nt tartott\u00e1k sz\u00e1mon. K\u00e9nyszerb\u0151l \u00e1llt be a kollekt\u00edv gazdas\u00e1gba. Kv.-on a 11. C\u0103l\u0103ra\u015fi regimentben v\u00e1lt\u00f3 lovask\u00e9nt v\u00e9gezte a katonas\u00e1got. R\u00e9szt vett a II. vh. moldvai harcaiban, veter\u00e1n nyugd\u00edjban r\u00e9szes\u00fclt (1990\u2013). Hossz\u00fa \u00e9veken kereszt\u00fcl az uzdiszentp\u00e9teri ref. templomnak kurat\u00e1rora volt. <br \/><strong>Irod.:<\/strong> S\u00e2npetru de C\u00e2mpie.<\/br><\/p>\n","protected":false},"excerpt":{"rendered":"<p>Uzdiszentp\u00e9ter, 1915, \u2020 Uzdiszentp\u00e9ter, 2000.: f\u00f6ldm\u0171ves. \u2013 Sz\u00fcl\u0151faluj\u00e1ban gazdak\u00e9nt (10\u201312 teh\u00e9n, l\u00f3 volt ist\u00e1ll\u00f3j\u00e1ban), sz\u0151l\u0151- \u00e9s gy\u00fcm\u00f6lcstermeszt\u0151k\u00e9nt tartott\u00e1k sz\u00e1mon. K\u00e9nyszerb\u0151l \u00e1llt be a kollekt\u00edv gazdas\u00e1gba. Kv.-on a 11. C\u0103l\u0103ra\u015fi regimentben v\u00e1lt\u00f3 lovask\u00e9nt v\u00e9gezte a katonas\u00e1got. R\u00e9szt vett a II. vh. moldvai harcaiban, veter\u00e1n nyugd\u00edjban r\u00e9szes\u00fclt (1990\u2013). Hossz\u00fa \u00e9veken kereszt\u00fcl az uzdiszentp\u00e9teri ref. templomnak kurat\u00e1rora volt. [&hellip;]<\/p>\n","protected":false},"featured_media":0,"comment_status":"open","ping_status":"closed","template":"","meta":[],"product_brand":[],"product_cat":[137],"product_tag":[],"class_list":{"0":"post-21005","1":"product","2":"type-product","3":"status-publish","5":"product_cat-maros-megyei-eletrajzi-lexikon","7":"first","8":"instock","9":"shipping-taxable","10":"product-type-simple"},"_links":{"self":[{"href":"https:\/\/uj.adatbank.ro\/lexikon\/wp-json\/wp\/v2\/product\/21005","targetHints":{"allow":["GET"]}}],"collection":[{"href":"https:\/\/uj.adatbank.ro\/lexikon\/wp-json\/wp\/v2\/product"}],"about":[{"href":"https:\/\/uj.adatbank.ro\/lexikon\/wp-json\/wp\/v2\/types\/product"}],"replies":[{"embeddable":true,"href":"https:\/\/uj.adatbank.ro\/lexikon\/wp-json\/wp\/v2\/comments?post=21005"}],"wp:attachment":[{"href":"https:\/\/uj.adatbank.ro\/lexikon\/wp-json\/wp\/v2\/media?parent=21005"}],"wp:term":[{"taxonomy":"product_brand","embeddable":true,"href":"https:\/\/uj.adatbank.ro\/lexikon\/wp-json\/wp\/v2\/product_brand?post=21005"},{"taxonomy":"product_cat","embeddable":true,"href":"https:\/\/uj.adatbank.ro\/lexikon\/wp-json\/wp\/v2\/product_cat?post=21005"},{"taxonomy":"product_tag","embeddable":true,"href":"https:\/\/uj.adatbank.ro\/lexikon\/wp-json\/wp\/v2\/product_tag?post=21005"}],"curies":[{"name":"wp","href":"https:\/\/api.w.org\/{rel}","templated":true}]}}