{"id":21006,"date":"2025-07-22T19:09:45","date_gmt":"2025-07-22T17:09:45","guid":{"rendered":"https:\/\/uj.adatbank.ro\/lexikon\/termek\/suto-szoszi\/"},"modified":"2025-07-22T19:09:45","modified_gmt":"2025-07-22T17:09:45","slug":"suto-szoszi","status":"publish","type":"product","link":"https:\/\/uj.adatbank.ro\/lexikon\/termek\/suto-szoszi\/","title":{"rendered":"S\u00dcT\u0150 Sz\u00f6szi"},"content":{"rendered":"<p>Ratosnya, ?\u00a0\u2020?: mag\u00e1ntisztvisel\u0151. \u2013 Iskol\u00e1it Sz\u00e1szr\u00e9genben v\u00e9gezte, a k\u00f6z\u00e9piskola elv\u00e9gz\u00e9se ut\u00e1n mag\u00e1ntisztvisel\u0151 lett Ratosny\u00e1n. <br \/><strong>Irod.:<\/strong> Sz\u00e9kelyf\u00f6ld \u00ed. k.<\/br><\/p>\n","protected":false},"excerpt":{"rendered":"<p>Ratosnya, ?\u00a0\u2020?: mag\u00e1ntisztvisel\u0151. \u2013 Iskol\u00e1it Sz\u00e1szr\u00e9genben v\u00e9gezte, a k\u00f6z\u00e9piskola elv\u00e9gz\u00e9se ut\u00e1n mag\u00e1ntisztvisel\u0151 lett Ratosny\u00e1n. Irod.: Sz\u00e9kelyf\u00f6ld \u00ed. k.<\/p>\n","protected":false},"featured_media":0,"comment_status":"open","ping_status":"closed","template":"","meta":[],"product_brand":[],"product_cat":[137],"product_tag":[],"class_list":{"0":"post-21006","1":"product","2":"type-product","3":"status-publish","5":"product_cat-maros-megyei-eletrajzi-lexikon","7":"first","8":"instock","9":"shipping-taxable","10":"product-type-simple"},"_links":{"self":[{"href":"https:\/\/uj.adatbank.ro\/lexikon\/wp-json\/wp\/v2\/product\/21006","targetHints":{"allow":["GET"]}}],"collection":[{"href":"https:\/\/uj.adatbank.ro\/lexikon\/wp-json\/wp\/v2\/product"}],"about":[{"href":"https:\/\/uj.adatbank.ro\/lexikon\/wp-json\/wp\/v2\/types\/product"}],"replies":[{"embeddable":true,"href":"https:\/\/uj.adatbank.ro\/lexikon\/wp-json\/wp\/v2\/comments?post=21006"}],"wp:attachment":[{"href":"https:\/\/uj.adatbank.ro\/lexikon\/wp-json\/wp\/v2\/media?parent=21006"}],"wp:term":[{"taxonomy":"product_brand","embeddable":true,"href":"https:\/\/uj.adatbank.ro\/lexikon\/wp-json\/wp\/v2\/product_brand?post=21006"},{"taxonomy":"product_cat","embeddable":true,"href":"https:\/\/uj.adatbank.ro\/lexikon\/wp-json\/wp\/v2\/product_cat?post=21006"},{"taxonomy":"product_tag","embeddable":true,"href":"https:\/\/uj.adatbank.ro\/lexikon\/wp-json\/wp\/v2\/product_tag?post=21006"}],"curies":[{"name":"wp","href":"https:\/\/api.w.org\/{rel}","templated":true}]}}