{"id":21007,"date":"2025-07-22T19:09:47","date_gmt":"2025-07-22T17:09:47","guid":{"rendered":"https:\/\/uj.adatbank.ro\/lexikon\/termek\/svab-roger-antal-p\/"},"modified":"2025-07-22T19:09:47","modified_gmt":"2025-07-22T17:09:47","slug":"svab-roger-antal-p","status":"publish","type":"product","link":"https:\/\/uj.adatbank.ro\/lexikon\/termek\/svab-roger-antal-p\/","title":{"rendered":"SV\u00c1B Rog\u00e9r Antal, P."},"content":{"rendered":"<p>Landecro (Csehorsz.), 1745., \u2020 Segesv\u00e1r, 1783. okt. 3.: ferences szerzetes. \u2013 Be\u00f6lt\u00f6z\u00f6tt (1764. \u00e1pr. 11.), felszentelt\u00e9k (1770.). Lector Philos. <br \/><strong>Irod.:<\/strong> Gy\u00f6rgy: A ferencrendiek.<\/br><\/p>\n","protected":false},"excerpt":{"rendered":"<p>Landecro (Csehorsz.), 1745., \u2020 Segesv\u00e1r, 1783. okt. 3.: ferences szerzetes. \u2013 Be\u00f6lt\u00f6z\u00f6tt (1764. \u00e1pr. 11.), felszentelt\u00e9k (1770.). Lector Philos. Irod.: Gy\u00f6rgy: A ferencrendiek.<\/p>\n","protected":false},"featured_media":0,"comment_status":"open","ping_status":"closed","template":"","meta":[],"product_brand":[],"product_cat":[137],"product_tag":[],"class_list":{"0":"post-21007","1":"product","2":"type-product","3":"status-publish","5":"product_cat-maros-megyei-eletrajzi-lexikon","7":"first","8":"instock","9":"shipping-taxable","10":"product-type-simple"},"_links":{"self":[{"href":"https:\/\/uj.adatbank.ro\/lexikon\/wp-json\/wp\/v2\/product\/21007","targetHints":{"allow":["GET"]}}],"collection":[{"href":"https:\/\/uj.adatbank.ro\/lexikon\/wp-json\/wp\/v2\/product"}],"about":[{"href":"https:\/\/uj.adatbank.ro\/lexikon\/wp-json\/wp\/v2\/types\/product"}],"replies":[{"embeddable":true,"href":"https:\/\/uj.adatbank.ro\/lexikon\/wp-json\/wp\/v2\/comments?post=21007"}],"wp:attachment":[{"href":"https:\/\/uj.adatbank.ro\/lexikon\/wp-json\/wp\/v2\/media?parent=21007"}],"wp:term":[{"taxonomy":"product_brand","embeddable":true,"href":"https:\/\/uj.adatbank.ro\/lexikon\/wp-json\/wp\/v2\/product_brand?post=21007"},{"taxonomy":"product_cat","embeddable":true,"href":"https:\/\/uj.adatbank.ro\/lexikon\/wp-json\/wp\/v2\/product_cat?post=21007"},{"taxonomy":"product_tag","embeddable":true,"href":"https:\/\/uj.adatbank.ro\/lexikon\/wp-json\/wp\/v2\/product_tag?post=21007"}],"curies":[{"name":"wp","href":"https:\/\/api.w.org\/{rel}","templated":true}]}}