{"id":21008,"date":"2025-07-22T19:09:48","date_gmt":"2025-07-22T17:09:48","guid":{"rendered":"https:\/\/uj.adatbank.ro\/lexikon\/termek\/svarc-janos\/"},"modified":"2025-07-22T19:09:48","modified_gmt":"2025-07-22T17:09:48","slug":"svarc-janos","status":"publish","type":"product","link":"https:\/\/uj.adatbank.ro\/lexikon\/termek\/svarc-janos\/","title":{"rendered":"SVARC J\u00e1nos"},"content":{"rendered":"<p>? \u2020?: Segesv\u00e1rsz\u00e9k k\u00f6vete. <br \/><strong>Irod.:<\/strong> Az Erd\u00e9lyi Nagyfejedelems\u00e9g sz. k. Kv. v\u00e1ros\u00e1ba 1846-ik esztend\u0151 szept. 9. napj\u00e1ra k\u00f6z\u00f6ns\u00e9ges gy\u0171l\u00e9sre \u00f6sszeh\u00edvott tek. rendeinek n\u00e9vsora \u00e9s kirendelt sz\u00e1ll\u00e1sainak kimutat\u00e1sa (Kv., 1848).<\/br><\/p>\n","protected":false},"excerpt":{"rendered":"<p>? \u2020?: Segesv\u00e1rsz\u00e9k k\u00f6vete. Irod.: Az Erd\u00e9lyi Nagyfejedelems\u00e9g sz. k. Kv. v\u00e1ros\u00e1ba 1846-ik esztend\u0151 szept. 9. napj\u00e1ra k\u00f6z\u00f6ns\u00e9ges gy\u0171l\u00e9sre \u00f6sszeh\u00edvott tek. rendeinek n\u00e9vsora \u00e9s kirendelt sz\u00e1ll\u00e1sainak kimutat\u00e1sa (Kv., 1848).<\/p>\n","protected":false},"featured_media":0,"comment_status":"open","ping_status":"closed","template":"","meta":[],"product_brand":[],"product_cat":[137],"product_tag":[],"class_list":{"0":"post-21008","1":"product","2":"type-product","3":"status-publish","5":"product_cat-maros-megyei-eletrajzi-lexikon","7":"first","8":"instock","9":"shipping-taxable","10":"product-type-simple"},"_links":{"self":[{"href":"https:\/\/uj.adatbank.ro\/lexikon\/wp-json\/wp\/v2\/product\/21008","targetHints":{"allow":["GET"]}}],"collection":[{"href":"https:\/\/uj.adatbank.ro\/lexikon\/wp-json\/wp\/v2\/product"}],"about":[{"href":"https:\/\/uj.adatbank.ro\/lexikon\/wp-json\/wp\/v2\/types\/product"}],"replies":[{"embeddable":true,"href":"https:\/\/uj.adatbank.ro\/lexikon\/wp-json\/wp\/v2\/comments?post=21008"}],"wp:attachment":[{"href":"https:\/\/uj.adatbank.ro\/lexikon\/wp-json\/wp\/v2\/media?parent=21008"}],"wp:term":[{"taxonomy":"product_brand","embeddable":true,"href":"https:\/\/uj.adatbank.ro\/lexikon\/wp-json\/wp\/v2\/product_brand?post=21008"},{"taxonomy":"product_cat","embeddable":true,"href":"https:\/\/uj.adatbank.ro\/lexikon\/wp-json\/wp\/v2\/product_cat?post=21008"},{"taxonomy":"product_tag","embeddable":true,"href":"https:\/\/uj.adatbank.ro\/lexikon\/wp-json\/wp\/v2\/product_tag?post=21008"}],"curies":[{"name":"wp","href":"https:\/\/api.w.org\/{rel}","templated":true}]}}