{"id":21009,"date":"2025-07-22T19:09:50","date_gmt":"2025-07-22T17:09:50","guid":{"rendered":"https:\/\/uj.adatbank.ro\/lexikon\/termek\/svella-gyula\/"},"modified":"2025-07-22T19:09:50","modified_gmt":"2025-07-22T17:09:50","slug":"svella-gyula","status":"publish","type":"product","link":"https:\/\/uj.adatbank.ro\/lexikon\/termek\/svella-gyula\/","title":{"rendered":"SVELLA Gyula"},"content":{"rendered":"<p>Szentegyh\u00e1zasfalu, 1894., \u2020?: f\u0171szerkeresked\u0151 Mv.-en. \u2013 K\u00f6z\u00e9piskol\u00e1it Brass\u00f3ban v\u00e9gezte, a keresked\u0151 szakm\u00e1t Bp.-en saj\u00e1t\u00edtotta el. Szent\u00e1got\u00e1n mint t\u00e1rstulajdonos tev\u00e9kenykedett, majd Mv.-en \u00f6n\u00e1ll\u00fa \u00fczletet l\u00e9tes\u00edtett (1941). Az els\u0151 vil\u00e1gh\u00e1bor\u00faban az orosz fronton harcolt \u00e9s megsebes\u00fclt, kit\u00fcntett\u00e9k a Bronz vit\u00e9zs\u00e9gi \u00e9rem, K\u00e1roly Csapatkereszt \u00e9s a Sebes\u00fcl\u00e9si \u00e9remmel. A M.P. szent\u00e1gotai aleln\u00f6ke, \u00e9s a r. kat. egyh\u00e1z gondnoka volt., minden hazafias \u00e9s kultur\u00e1lis egylet lelkes t\u00e1mogat\u00f3ja. <br \/><strong>Irod.:<\/strong> Sz\u00e9kelyf\u00f6ld \u00ed. k.<\/br><\/p>\n","protected":false},"excerpt":{"rendered":"<p>Szentegyh\u00e1zasfalu, 1894., \u2020?: f\u0171szerkeresked\u0151 Mv.-en. \u2013 K\u00f6z\u00e9piskol\u00e1it Brass\u00f3ban v\u00e9gezte, a keresked\u0151 szakm\u00e1t Bp.-en saj\u00e1t\u00edtotta el. Szent\u00e1got\u00e1n mint t\u00e1rstulajdonos tev\u00e9kenykedett, majd Mv.-en \u00f6n\u00e1ll\u00fa \u00fczletet l\u00e9tes\u00edtett (1941). Az els\u0151 vil\u00e1gh\u00e1bor\u00faban az orosz fronton harcolt \u00e9s megsebes\u00fclt, kit\u00fcntett\u00e9k a Bronz vit\u00e9zs\u00e9gi \u00e9rem, K\u00e1roly Csapatkereszt \u00e9s a Sebes\u00fcl\u00e9si \u00e9remmel. A M.P. szent\u00e1gotai aleln\u00f6ke, \u00e9s a r. kat. egyh\u00e1z gondnoka [&hellip;]<\/p>\n","protected":false},"featured_media":0,"comment_status":"open","ping_status":"closed","template":"","meta":[],"product_brand":[],"product_cat":[137],"product_tag":[],"class_list":{"0":"post-21009","1":"product","2":"type-product","3":"status-publish","5":"product_cat-maros-megyei-eletrajzi-lexikon","7":"first","8":"instock","9":"shipping-taxable","10":"product-type-simple"},"_links":{"self":[{"href":"https:\/\/uj.adatbank.ro\/lexikon\/wp-json\/wp\/v2\/product\/21009","targetHints":{"allow":["GET"]}}],"collection":[{"href":"https:\/\/uj.adatbank.ro\/lexikon\/wp-json\/wp\/v2\/product"}],"about":[{"href":"https:\/\/uj.adatbank.ro\/lexikon\/wp-json\/wp\/v2\/types\/product"}],"replies":[{"embeddable":true,"href":"https:\/\/uj.adatbank.ro\/lexikon\/wp-json\/wp\/v2\/comments?post=21009"}],"wp:attachment":[{"href":"https:\/\/uj.adatbank.ro\/lexikon\/wp-json\/wp\/v2\/media?parent=21009"}],"wp:term":[{"taxonomy":"product_brand","embeddable":true,"href":"https:\/\/uj.adatbank.ro\/lexikon\/wp-json\/wp\/v2\/product_brand?post=21009"},{"taxonomy":"product_cat","embeddable":true,"href":"https:\/\/uj.adatbank.ro\/lexikon\/wp-json\/wp\/v2\/product_cat?post=21009"},{"taxonomy":"product_tag","embeddable":true,"href":"https:\/\/uj.adatbank.ro\/lexikon\/wp-json\/wp\/v2\/product_tag?post=21009"}],"curies":[{"name":"wp","href":"https:\/\/api.w.org\/{rel}","templated":true}]}}