{"id":21011,"date":"2025-07-22T19:09:54","date_gmt":"2025-07-22T17:09:54","guid":{"rendered":"https:\/\/uj.adatbank.ro\/lexikon\/termek\/swiebel-walter\/"},"modified":"2025-07-22T19:09:54","modified_gmt":"2025-07-22T17:09:54","slug":"swiebel-walter","status":"publish","type":"product","link":"https:\/\/uj.adatbank.ro\/lexikon\/termek\/swiebel-walter\/","title":{"rendered":"SWIEBEL Walter"},"content":{"rendered":"<p>? \u2020?: m\u00e9rn\u00f6k. \u2013 Mv.-en \u00e9p\u00edt\u00e9sz f\u0151m\u00e9rn\u00f6k a 802 \u00c9p\u00edtkez\u00e9si V\u00e1llalatn\u00e1l (1952). A securitate megfigyeltette (1952 k.). <br \/><strong>Irod.:<\/strong> Bartos 2012.<\/br><\/p>\n","protected":false},"excerpt":{"rendered":"<p>? \u2020?: m\u00e9rn\u00f6k. \u2013 Mv.-en \u00e9p\u00edt\u00e9sz f\u0151m\u00e9rn\u00f6k a 802 \u00c9p\u00edtkez\u00e9si V\u00e1llalatn\u00e1l (1952). A securitate megfigyeltette (1952 k.). Irod.: Bartos 2012.<\/p>\n","protected":false},"featured_media":0,"comment_status":"open","ping_status":"closed","template":"","meta":[],"product_brand":[],"product_cat":[137],"product_tag":[],"class_list":{"0":"post-21011","1":"product","2":"type-product","3":"status-publish","5":"product_cat-maros-megyei-eletrajzi-lexikon","7":"first","8":"instock","9":"shipping-taxable","10":"product-type-simple"},"_links":{"self":[{"href":"https:\/\/uj.adatbank.ro\/lexikon\/wp-json\/wp\/v2\/product\/21011","targetHints":{"allow":["GET"]}}],"collection":[{"href":"https:\/\/uj.adatbank.ro\/lexikon\/wp-json\/wp\/v2\/product"}],"about":[{"href":"https:\/\/uj.adatbank.ro\/lexikon\/wp-json\/wp\/v2\/types\/product"}],"replies":[{"embeddable":true,"href":"https:\/\/uj.adatbank.ro\/lexikon\/wp-json\/wp\/v2\/comments?post=21011"}],"wp:attachment":[{"href":"https:\/\/uj.adatbank.ro\/lexikon\/wp-json\/wp\/v2\/media?parent=21011"}],"wp:term":[{"taxonomy":"product_brand","embeddable":true,"href":"https:\/\/uj.adatbank.ro\/lexikon\/wp-json\/wp\/v2\/product_brand?post=21011"},{"taxonomy":"product_cat","embeddable":true,"href":"https:\/\/uj.adatbank.ro\/lexikon\/wp-json\/wp\/v2\/product_cat?post=21011"},{"taxonomy":"product_tag","embeddable":true,"href":"https:\/\/uj.adatbank.ro\/lexikon\/wp-json\/wp\/v2\/product_tag?post=21011"}],"curies":[{"name":"wp","href":"https:\/\/api.w.org\/{rel}","templated":true}]}}