{"id":21012,"date":"2025-07-22T19:09:57","date_gmt":"2025-07-22T17:09:57","guid":{"rendered":"https:\/\/uj.adatbank.ro\/lexikon\/termek\/sycher-janos-syckher-janos\/"},"modified":"2025-07-22T19:09:57","modified_gmt":"2025-07-22T17:09:57","slug":"sycher-janos-syckher-janos","status":"publish","type":"product","link":"https:\/\/uj.adatbank.ro\/lexikon\/termek\/sycher-janos-syckher-janos\/","title":{"rendered":"SYCHER J\u00e1nos, Syckher J\u00e1nos"},"content":{"rendered":"<p>? \u2020?: birtokos, v\u00e1rparancsnok. \u2013 Fia: S. M\u00e1ty\u00e1s. \u2013 Ny\u00e1r\u00e1dszentl\u00e1szl\u00f3n nyert birtokot I. R\u00e1k\u00f3czi Gy\u00f6rgy el\u0151tti id\u0151ben v. az erd\u00e9lyi fejedelmek idej\u00e9n. <br \/><strong>Irod.:<\/strong> Pesty 2014.<\/br><\/p>\n","protected":false},"excerpt":{"rendered":"<p>? \u2020?: birtokos, v\u00e1rparancsnok. \u2013 Fia: S. M\u00e1ty\u00e1s. \u2013 Ny\u00e1r\u00e1dszentl\u00e1szl\u00f3n nyert birtokot I. R\u00e1k\u00f3czi Gy\u00f6rgy el\u0151tti id\u0151ben v. az erd\u00e9lyi fejedelmek idej\u00e9n. Irod.: Pesty 2014.<\/p>\n","protected":false},"featured_media":0,"comment_status":"open","ping_status":"closed","template":"","meta":[],"product_brand":[],"product_cat":[137],"product_tag":[],"class_list":{"0":"post-21012","1":"product","2":"type-product","3":"status-publish","5":"product_cat-maros-megyei-eletrajzi-lexikon","7":"first","8":"instock","9":"shipping-taxable","10":"product-type-simple"},"_links":{"self":[{"href":"https:\/\/uj.adatbank.ro\/lexikon\/wp-json\/wp\/v2\/product\/21012","targetHints":{"allow":["GET"]}}],"collection":[{"href":"https:\/\/uj.adatbank.ro\/lexikon\/wp-json\/wp\/v2\/product"}],"about":[{"href":"https:\/\/uj.adatbank.ro\/lexikon\/wp-json\/wp\/v2\/types\/product"}],"replies":[{"embeddable":true,"href":"https:\/\/uj.adatbank.ro\/lexikon\/wp-json\/wp\/v2\/comments?post=21012"}],"wp:attachment":[{"href":"https:\/\/uj.adatbank.ro\/lexikon\/wp-json\/wp\/v2\/media?parent=21012"}],"wp:term":[{"taxonomy":"product_brand","embeddable":true,"href":"https:\/\/uj.adatbank.ro\/lexikon\/wp-json\/wp\/v2\/product_brand?post=21012"},{"taxonomy":"product_cat","embeddable":true,"href":"https:\/\/uj.adatbank.ro\/lexikon\/wp-json\/wp\/v2\/product_cat?post=21012"},{"taxonomy":"product_tag","embeddable":true,"href":"https:\/\/uj.adatbank.ro\/lexikon\/wp-json\/wp\/v2\/product_tag?post=21012"}],"curies":[{"name":"wp","href":"https:\/\/api.w.org\/{rel}","templated":true}]}}