{"id":21013,"date":"2025-07-22T19:09:59","date_gmt":"2025-07-22T17:09:59","guid":{"rendered":"https:\/\/uj.adatbank.ro\/lexikon\/termek\/syger-janos-szentlaszloi\/"},"modified":"2025-07-22T19:09:59","modified_gmt":"2025-07-22T17:09:59","slug":"syger-janos-szentlaszloi","status":"publish","type":"product","link":"https:\/\/uj.adatbank.ro\/lexikon\/termek\/syger-janos-szentlaszloi\/","title":{"rendered":"SYG\u00c9R J\u00e1nos, szentl\u00e1szl\u00f3i"},"content":{"rendered":"<p>? \u2020?: kapit\u00e1ny, birtokos, k\u00f6vet, kincst\u00e1rnok. \u2013 A fia: S. M\u00e1ty\u00e1s (\u2020\u00a01586. okt. 24.). a csal\u00e1d dom\u00edniuma Szentl\u00e1szl\u00f3n volt. S. J\u00e1nos az udvarhelyi v\u00e1r provisora volt \u00e9s B\u00e1thory Istv\u00e1nt\u00f3l nyert adom\u00e1nylevelet (1572. j\u00fal. 6.), amit, majd B\u00e1thory G\u00e1bor adom\u00e1nyozott Ozdi Gergelynek (1609). Marossz\u00e9k kir\u00e1lyb\u00edr\u00f3ja volt (1578). B\u00e1thory Zsigmond tr\u00f3nra l\u00e9ptekor Konstantin\u00e1polyban k\u00f6vet (1581) \u00e9s t\u0151le t\u00f6bb \u00edzben nyert j\u00f3sz\u00e1gokat Backamadarason, K\u00fcsm\u00f6d\u00f6n (1583), Szentl\u00e1szl\u00f3n k\u00fari\u00e1val, Harasztker\u00e9ken, B\u00e1lintfalv\u00e1n, Kakasdon stb. (1589). <br \/><strong>Irod.:<\/strong> Bir\u00f3 Vencel: Erd\u00e9ly k\u00f6vetei a Port\u00e1n (Kv., 1921); Keresztes Gyula: A backamadarasi udvarh\u00e1z \u00e9s kast\u00e9ly (N\u00fa., 1994. febr. 25.); Keresztes Gyula: \u00d6r\u00f6ks\u00e9g\u00fcnk 55.: Elpusztult kast\u00e9lyok (N\u00fa., 1994. m\u00e1j. 6.); MMMM; Ny\u00e1r\u00e1dszentl\u00e1szl\u00f3; P\u00e1l-Antal; P\u00e1lmay.<\/br><\/p>\n","protected":false},"excerpt":{"rendered":"<p>? \u2020?: kapit\u00e1ny, birtokos, k\u00f6vet, kincst\u00e1rnok. \u2013 A fia: S. M\u00e1ty\u00e1s (\u2020\u00a01586. okt. 24.). a csal\u00e1d dom\u00edniuma Szentl\u00e1szl\u00f3n volt. S. J\u00e1nos az udvarhelyi v\u00e1r provisora volt \u00e9s B\u00e1thory Istv\u00e1nt\u00f3l nyert adom\u00e1nylevelet (1572. j\u00fal. 6.), amit, majd B\u00e1thory G\u00e1bor adom\u00e1nyozott Ozdi Gergelynek (1609). Marossz\u00e9k kir\u00e1lyb\u00edr\u00f3ja volt (1578). B\u00e1thory Zsigmond tr\u00f3nra l\u00e9ptekor Konstantin\u00e1polyban k\u00f6vet (1581) \u00e9s t\u0151le [&hellip;]<\/p>\n","protected":false},"featured_media":0,"comment_status":"open","ping_status":"closed","template":"","meta":[],"product_brand":[],"product_cat":[137],"product_tag":[],"class_list":{"0":"post-21013","1":"product","2":"type-product","3":"status-publish","5":"product_cat-maros-megyei-eletrajzi-lexikon","7":"first","8":"instock","9":"shipping-taxable","10":"product-type-simple"},"_links":{"self":[{"href":"https:\/\/uj.adatbank.ro\/lexikon\/wp-json\/wp\/v2\/product\/21013","targetHints":{"allow":["GET"]}}],"collection":[{"href":"https:\/\/uj.adatbank.ro\/lexikon\/wp-json\/wp\/v2\/product"}],"about":[{"href":"https:\/\/uj.adatbank.ro\/lexikon\/wp-json\/wp\/v2\/types\/product"}],"replies":[{"embeddable":true,"href":"https:\/\/uj.adatbank.ro\/lexikon\/wp-json\/wp\/v2\/comments?post=21013"}],"wp:attachment":[{"href":"https:\/\/uj.adatbank.ro\/lexikon\/wp-json\/wp\/v2\/media?parent=21013"}],"wp:term":[{"taxonomy":"product_brand","embeddable":true,"href":"https:\/\/uj.adatbank.ro\/lexikon\/wp-json\/wp\/v2\/product_brand?post=21013"},{"taxonomy":"product_cat","embeddable":true,"href":"https:\/\/uj.adatbank.ro\/lexikon\/wp-json\/wp\/v2\/product_cat?post=21013"},{"taxonomy":"product_tag","embeddable":true,"href":"https:\/\/uj.adatbank.ro\/lexikon\/wp-json\/wp\/v2\/product_tag?post=21013"}],"curies":[{"name":"wp","href":"https:\/\/api.w.org\/{rel}","templated":true}]}}