{"id":21016,"date":"2025-07-22T19:10:06","date_gmt":"2025-07-22T17:10:06","guid":{"rendered":"https:\/\/uj.adatbank.ro\/lexikon\/termek\/sylvester-gyorgy-tarcsfalvi\/"},"modified":"2025-07-22T19:10:06","modified_gmt":"2025-07-22T17:10:06","slug":"sylvester-gyorgy-tarcsfalvi","status":"publish","type":"product","link":"https:\/\/uj.adatbank.ro\/lexikon\/termek\/sylvester-gyorgy-tarcsfalvi\/","title":{"rendered":"SYLVESTER Gy\u00f6rgy, tarcsfalvi"},"content":{"rendered":"<p>Tarcsfalva, 1786. \u2020 Kv., 1828.: unit\u00e1rius lelk\u00e9sz \u00e9s teol\u00f3giai tan\u00e1r. \u2013 Tanult Sz\u00e9kelykereszt\u00faron (1802\u2013), Kv.-on. Nagyszebenben Bruckenthal Mih\u00e1ly nevel\u0151je volt (1808\u201309). Sz\u00e9plakon lelk\u00e9sz (1808\u2013), innen indult k\u00fclf\u00f6ldi tanulm\u00e1ny\u00fatra: J\u00e9na, G\u00f6ttingen (1812\u201314). Kv.-on az Unit. Koll.-ban tan\u00e1r (1814\u2013) \u00e9s unit. pap. \u2013 <strong>F. m.<\/strong>: K\u00e9t zsinati besz\u00e9dek, melyeket fels\u0151bb parancsolatb\u00f3l \u00edrt \u00e9s k\u00fcl\u00f6mb\u00f6z\u0151 alkalmatoss\u00e1gokkal elmondott (Kv., 1821) (Dics\u0151szentm\u00e1rtonban 1820 Szent Jakab hava 2.-\u00e1n); Halotti besz\u00e9d magyargyer\u0151monostori br. Kem\u00e9ny \u00c9va, d\u00e9sfalvi Simon Krist\u00f3fn\u00e9 felett, 1822. (Kv., 1823); A besz\u00e9dben \u00e9s cselekedetben hatalmas pap. Egy halotti besz\u00e9dben el\u0151adattatva, melyet Vargyasi Sz\u00e1sz Moses \u00farnak, a kv.-i unit\u00e1rius ekkl\u00e9sia els\u0151 papj\u00e1nak halotti megtiszteltet\u00e9s\u00e9re \u00edrt \u00e9s elmondot (Kv., 1824). <br \/><strong>Irod.:<\/strong> Halotti besz\u00e9dek; Szinnyei.<\/br><\/p>\n","protected":false},"excerpt":{"rendered":"<p>Tarcsfalva, 1786. \u2020 Kv., 1828.: unit\u00e1rius lelk\u00e9sz \u00e9s teol\u00f3giai tan\u00e1r. \u2013 Tanult Sz\u00e9kelykereszt\u00faron (1802\u2013), Kv.-on. Nagyszebenben Bruckenthal Mih\u00e1ly nevel\u0151je volt (1808\u201309). Sz\u00e9plakon lelk\u00e9sz (1808\u2013), innen indult k\u00fclf\u00f6ldi tanulm\u00e1ny\u00fatra: J\u00e9na, G\u00f6ttingen (1812\u201314). Kv.-on az Unit. Koll.-ban tan\u00e1r (1814\u2013) \u00e9s unit. pap. \u2013 F. m.: K\u00e9t zsinati besz\u00e9dek, melyeket fels\u0151bb parancsolatb\u00f3l \u00edrt \u00e9s k\u00fcl\u00f6mb\u00f6z\u0151 alkalmatoss\u00e1gokkal elmondott (Kv., [&hellip;]<\/p>\n","protected":false},"featured_media":0,"comment_status":"open","ping_status":"closed","template":"","meta":[],"product_brand":[],"product_cat":[137],"product_tag":[],"class_list":{"0":"post-21016","1":"product","2":"type-product","3":"status-publish","5":"product_cat-maros-megyei-eletrajzi-lexikon","7":"first","8":"instock","9":"shipping-taxable","10":"product-type-simple"},"_links":{"self":[{"href":"https:\/\/uj.adatbank.ro\/lexikon\/wp-json\/wp\/v2\/product\/21016","targetHints":{"allow":["GET"]}}],"collection":[{"href":"https:\/\/uj.adatbank.ro\/lexikon\/wp-json\/wp\/v2\/product"}],"about":[{"href":"https:\/\/uj.adatbank.ro\/lexikon\/wp-json\/wp\/v2\/types\/product"}],"replies":[{"embeddable":true,"href":"https:\/\/uj.adatbank.ro\/lexikon\/wp-json\/wp\/v2\/comments?post=21016"}],"wp:attachment":[{"href":"https:\/\/uj.adatbank.ro\/lexikon\/wp-json\/wp\/v2\/media?parent=21016"}],"wp:term":[{"taxonomy":"product_brand","embeddable":true,"href":"https:\/\/uj.adatbank.ro\/lexikon\/wp-json\/wp\/v2\/product_brand?post=21016"},{"taxonomy":"product_cat","embeddable":true,"href":"https:\/\/uj.adatbank.ro\/lexikon\/wp-json\/wp\/v2\/product_cat?post=21016"},{"taxonomy":"product_tag","embeddable":true,"href":"https:\/\/uj.adatbank.ro\/lexikon\/wp-json\/wp\/v2\/product_tag?post=21016"}],"curies":[{"name":"wp","href":"https:\/\/api.w.org\/{rel}","templated":true}]}}