{"id":21021,"date":"2025-07-22T19:10:18","date_gmt":"2025-07-22T17:10:18","guid":{"rendered":"https:\/\/uj.adatbank.ro\/lexikon\/termek\/szabadi-berei\/"},"modified":"2025-07-22T19:10:18","modified_gmt":"2025-07-22T17:10:18","slug":"szabadi-berei","status":"publish","type":"product","link":"https:\/\/uj.adatbank.ro\/lexikon\/termek\/szabadi-berei\/","title":{"rendered":"SZABADI, berei"},"content":{"rendered":"<p>R\u00e9gi sz\u00e9kely csal\u00e1d. Sz. Tam\u00e1s Ber\u00e9ben birtokos, felesk\u00fcszik a cs. \u00e9s kir. h\u0171s\u00e9g\u00e9re (1602); Sz. Mih\u00e1ly kiv\u00e1lts\u00e1glevelet nyert B\u00e1thory G\u00e1bort\u00f3l (1608. j\u00fan. 10.), ezen \u00e1g lesz\u00e1rmazottai Mv.-en \u00e9ltek. <br \/><strong>Irod.:<\/strong> P\u00e1lmay.<\/br><\/p>\n","protected":false},"excerpt":{"rendered":"<p>R\u00e9gi sz\u00e9kely csal\u00e1d. Sz. Tam\u00e1s Ber\u00e9ben birtokos, felesk\u00fcszik a cs. \u00e9s kir. h\u0171s\u00e9g\u00e9re (1602); Sz. Mih\u00e1ly kiv\u00e1lts\u00e1glevelet nyert B\u00e1thory G\u00e1bort\u00f3l (1608. j\u00fan. 10.), ezen \u00e1g lesz\u00e1rmazottai Mv.-en \u00e9ltek. Irod.: P\u00e1lmay.<\/p>\n","protected":false},"featured_media":0,"comment_status":"open","ping_status":"closed","template":"","meta":[],"product_brand":[],"product_cat":[137],"product_tag":[],"class_list":{"0":"post-21021","1":"product","2":"type-product","3":"status-publish","5":"product_cat-maros-megyei-eletrajzi-lexikon","7":"first","8":"instock","9":"shipping-taxable","10":"product-type-simple"},"_links":{"self":[{"href":"https:\/\/uj.adatbank.ro\/lexikon\/wp-json\/wp\/v2\/product\/21021","targetHints":{"allow":["GET"]}}],"collection":[{"href":"https:\/\/uj.adatbank.ro\/lexikon\/wp-json\/wp\/v2\/product"}],"about":[{"href":"https:\/\/uj.adatbank.ro\/lexikon\/wp-json\/wp\/v2\/types\/product"}],"replies":[{"embeddable":true,"href":"https:\/\/uj.adatbank.ro\/lexikon\/wp-json\/wp\/v2\/comments?post=21021"}],"wp:attachment":[{"href":"https:\/\/uj.adatbank.ro\/lexikon\/wp-json\/wp\/v2\/media?parent=21021"}],"wp:term":[{"taxonomy":"product_brand","embeddable":true,"href":"https:\/\/uj.adatbank.ro\/lexikon\/wp-json\/wp\/v2\/product_brand?post=21021"},{"taxonomy":"product_cat","embeddable":true,"href":"https:\/\/uj.adatbank.ro\/lexikon\/wp-json\/wp\/v2\/product_cat?post=21021"},{"taxonomy":"product_tag","embeddable":true,"href":"https:\/\/uj.adatbank.ro\/lexikon\/wp-json\/wp\/v2\/product_tag?post=21021"}],"curies":[{"name":"wp","href":"https:\/\/api.w.org\/{rel}","templated":true}]}}