{"id":21025,"date":"2025-07-22T19:10:28","date_gmt":"2025-07-22T17:10:28","guid":{"rendered":"https:\/\/uj.adatbank.ro\/lexikon\/termek\/szabadkai-miklos\/"},"modified":"2025-07-22T19:10:28","modified_gmt":"2025-07-22T17:10:28","slug":"szabadkai-miklos","status":"publish","type":"product","link":"https:\/\/uj.adatbank.ro\/lexikon\/termek\/szabadkai-miklos\/","title":{"rendered":"SZABADKAI Mikl\u00f3s"},"content":{"rendered":"<p>1886., \u2020?: sz\u00edn\u00e9sz. \u2013 A 35. sz\u00edn\u00e9szi jubileum\u00e1t \u00fcnnepelte az Obsitossal (1940). Mv.-r\u0151l deport\u00e1lt\u00e1k (1944. m\u00e1j. 29.). <br \/><strong>Irod.:<\/strong> Magyar Sz\u00f3, 1940. m\u00e1rc.12.; Mv. zsid\u00f3s.<\/br><\/p>\n","protected":false},"excerpt":{"rendered":"<p>1886., \u2020?: sz\u00edn\u00e9sz. \u2013 A 35. sz\u00edn\u00e9szi jubileum\u00e1t \u00fcnnepelte az Obsitossal (1940). Mv.-r\u0151l deport\u00e1lt\u00e1k (1944. m\u00e1j. 29.). Irod.: Magyar Sz\u00f3, 1940. m\u00e1rc.12.; Mv. zsid\u00f3s.<\/p>\n","protected":false},"featured_media":0,"comment_status":"open","ping_status":"closed","template":"","meta":[],"product_brand":[],"product_cat":[137],"product_tag":[],"class_list":{"0":"post-21025","1":"product","2":"type-product","3":"status-publish","5":"product_cat-maros-megyei-eletrajzi-lexikon","7":"first","8":"instock","9":"shipping-taxable","10":"product-type-simple"},"_links":{"self":[{"href":"https:\/\/uj.adatbank.ro\/lexikon\/wp-json\/wp\/v2\/product\/21025","targetHints":{"allow":["GET"]}}],"collection":[{"href":"https:\/\/uj.adatbank.ro\/lexikon\/wp-json\/wp\/v2\/product"}],"about":[{"href":"https:\/\/uj.adatbank.ro\/lexikon\/wp-json\/wp\/v2\/types\/product"}],"replies":[{"embeddable":true,"href":"https:\/\/uj.adatbank.ro\/lexikon\/wp-json\/wp\/v2\/comments?post=21025"}],"wp:attachment":[{"href":"https:\/\/uj.adatbank.ro\/lexikon\/wp-json\/wp\/v2\/media?parent=21025"}],"wp:term":[{"taxonomy":"product_brand","embeddable":true,"href":"https:\/\/uj.adatbank.ro\/lexikon\/wp-json\/wp\/v2\/product_brand?post=21025"},{"taxonomy":"product_cat","embeddable":true,"href":"https:\/\/uj.adatbank.ro\/lexikon\/wp-json\/wp\/v2\/product_cat?post=21025"},{"taxonomy":"product_tag","embeddable":true,"href":"https:\/\/uj.adatbank.ro\/lexikon\/wp-json\/wp\/v2\/product_tag?post=21025"}],"curies":[{"name":"wp","href":"https:\/\/api.w.org\/{rel}","templated":true}]}}