{"id":21026,"date":"2025-07-22T19:10:30","date_gmt":"2025-07-22T17:10:30","guid":{"rendered":"https:\/\/uj.adatbank.ro\/lexikon\/termek\/szabadszallasi-r-mihaly\/"},"modified":"2025-07-22T19:10:30","modified_gmt":"2025-07-22T17:10:30","slug":"szabadszallasi-r-mihaly","status":"publish","type":"product","link":"https:\/\/uj.adatbank.ro\/lexikon\/termek\/szabadszallasi-r-mihaly\/","title":{"rendered":"SZABADSZ\u00c1LL\u00c1SI R. Mih\u00e1ly"},"content":{"rendered":"<p>? \u2020\u00a0Sz\u00e1szd\u00e1ny\u00e1n, 1727.: tan\u00edt\u00f3 ref. lelk\u00e9sz. \u2013 S\u00e1rospatak-Gyulafeh\u00e9rv\u00e1ron suscrib\u00e1lt (1715). L\u00e9vita volt Nagyteremiben (1721). D\u00e1ny\u00e1nban hal\u00e1l\u00e1ig (1721\u201327). <br \/><strong>Irod.:<\/strong> K\u00fck\u00fcll\u0151i Ref. Egyh\u00e1zm.1.,4.<\/br><\/p>\n","protected":false},"excerpt":{"rendered":"<p>? \u2020\u00a0Sz\u00e1szd\u00e1ny\u00e1n, 1727.: tan\u00edt\u00f3 ref. lelk\u00e9sz. \u2013 S\u00e1rospatak-Gyulafeh\u00e9rv\u00e1ron suscrib\u00e1lt (1715). L\u00e9vita volt Nagyteremiben (1721). D\u00e1ny\u00e1nban hal\u00e1l\u00e1ig (1721\u201327). Irod.: K\u00fck\u00fcll\u0151i Ref. Egyh\u00e1zm.1.,4.<\/p>\n","protected":false},"featured_media":0,"comment_status":"open","ping_status":"closed","template":"","meta":[],"product_brand":[],"product_cat":[137],"product_tag":[],"class_list":{"0":"post-21026","1":"product","2":"type-product","3":"status-publish","5":"product_cat-maros-megyei-eletrajzi-lexikon","7":"first","8":"instock","9":"shipping-taxable","10":"product-type-simple"},"_links":{"self":[{"href":"https:\/\/uj.adatbank.ro\/lexikon\/wp-json\/wp\/v2\/product\/21026","targetHints":{"allow":["GET"]}}],"collection":[{"href":"https:\/\/uj.adatbank.ro\/lexikon\/wp-json\/wp\/v2\/product"}],"about":[{"href":"https:\/\/uj.adatbank.ro\/lexikon\/wp-json\/wp\/v2\/types\/product"}],"replies":[{"embeddable":true,"href":"https:\/\/uj.adatbank.ro\/lexikon\/wp-json\/wp\/v2\/comments?post=21026"}],"wp:attachment":[{"href":"https:\/\/uj.adatbank.ro\/lexikon\/wp-json\/wp\/v2\/media?parent=21026"}],"wp:term":[{"taxonomy":"product_brand","embeddable":true,"href":"https:\/\/uj.adatbank.ro\/lexikon\/wp-json\/wp\/v2\/product_brand?post=21026"},{"taxonomy":"product_cat","embeddable":true,"href":"https:\/\/uj.adatbank.ro\/lexikon\/wp-json\/wp\/v2\/product_cat?post=21026"},{"taxonomy":"product_tag","embeddable":true,"href":"https:\/\/uj.adatbank.ro\/lexikon\/wp-json\/wp\/v2\/product_tag?post=21026"}],"curies":[{"name":"wp","href":"https:\/\/api.w.org\/{rel}","templated":true}]}}