{"id":2103,"date":"2025-06-28T12:03:53","date_gmt":"2025-06-28T10:03:53","guid":{"rendered":"https:\/\/uj.adatbank.ro\/lexikon\/termek\/balogh-tamas\/"},"modified":"2025-06-28T12:03:53","modified_gmt":"2025-06-28T10:03:53","slug":"balogh-tamas","status":"publish","type":"product","link":"https:\/\/uj.adatbank.ro\/lexikon\/termek\/balogh-tamas\/","title":{"rendered":"BALOGH Tam\u00e1s"},"content":{"rendered":"<p>Geges, 1899, \u2020\u00a0?: gazd\u00e1lkod\u00f3. \u2013 Iskol\u00e1it Rigm\u00e1nyban v\u00e9gezte, majd a csal\u00e1di birtokon kezdett gazd\u00e1lkodni. A k\u00f6zs\u00e9g p\u00e9nzt\u00e1rosa, a Hangya Sz\u00f6vetkezet \u00e9s a Tejsz\u00f6vetkezet fel\u00fcgyel\u0151je, a ref. egyh\u00e1z presbitere volt. Az els\u0151 vh.-ban az olasz fronton harcolt. <br \/><strong>Irod.:<\/strong> Sz\u00e9kelyf\u00f6ld \u00ed. k.<\/br><\/p>\n","protected":false},"excerpt":{"rendered":"<p>Geges, 1899, \u2020\u00a0?: gazd\u00e1lkod\u00f3. \u2013 Iskol\u00e1it Rigm\u00e1nyban v\u00e9gezte, majd a csal\u00e1di birtokon kezdett gazd\u00e1lkodni. A k\u00f6zs\u00e9g p\u00e9nzt\u00e1rosa, a Hangya Sz\u00f6vetkezet \u00e9s a Tejsz\u00f6vetkezet fel\u00fcgyel\u0151je, a ref. egyh\u00e1z presbitere volt. Az els\u0151 vh.-ban az olasz fronton harcolt. Irod.: Sz\u00e9kelyf\u00f6ld \u00ed. k.<\/p>\n","protected":false},"featured_media":0,"comment_status":"open","ping_status":"closed","template":"","meta":[],"product_brand":[],"product_cat":[137],"product_tag":[],"class_list":{"0":"post-2103","1":"product","2":"type-product","3":"status-publish","5":"product_cat-maros-megyei-eletrajzi-lexikon","7":"first","8":"instock","9":"shipping-taxable","10":"product-type-simple"},"_links":{"self":[{"href":"https:\/\/uj.adatbank.ro\/lexikon\/wp-json\/wp\/v2\/product\/2103","targetHints":{"allow":["GET"]}}],"collection":[{"href":"https:\/\/uj.adatbank.ro\/lexikon\/wp-json\/wp\/v2\/product"}],"about":[{"href":"https:\/\/uj.adatbank.ro\/lexikon\/wp-json\/wp\/v2\/types\/product"}],"replies":[{"embeddable":true,"href":"https:\/\/uj.adatbank.ro\/lexikon\/wp-json\/wp\/v2\/comments?post=2103"}],"wp:attachment":[{"href":"https:\/\/uj.adatbank.ro\/lexikon\/wp-json\/wp\/v2\/media?parent=2103"}],"wp:term":[{"taxonomy":"product_brand","embeddable":true,"href":"https:\/\/uj.adatbank.ro\/lexikon\/wp-json\/wp\/v2\/product_brand?post=2103"},{"taxonomy":"product_cat","embeddable":true,"href":"https:\/\/uj.adatbank.ro\/lexikon\/wp-json\/wp\/v2\/product_cat?post=2103"},{"taxonomy":"product_tag","embeddable":true,"href":"https:\/\/uj.adatbank.ro\/lexikon\/wp-json\/wp\/v2\/product_tag?post=2103"}],"curies":[{"name":"wp","href":"https:\/\/api.w.org\/{rel}","templated":true}]}}