{"id":21030,"date":"2025-07-22T19:10:39","date_gmt":"2025-07-22T17:10:39","guid":{"rendered":"https:\/\/uj.adatbank.ro\/lexikon\/termek\/szabo-dicsoszentmartoni-csalad\/"},"modified":"2025-07-22T19:10:39","modified_gmt":"2025-07-22T17:10:39","slug":"szabo-dicsoszentmartoni-csalad","status":"publish","type":"product","link":"https:\/\/uj.adatbank.ro\/lexikon\/termek\/szabo-dicsoszentmartoni-csalad\/","title":{"rendered":"SZAB\u00d3, dics\u0151szentm\u00e1rtoni csal\u00e1d"},"content":{"rendered":"<p>C\u00edmereslevele kelt 1591. febr. 19. K\u00f6z\u00fcl\u00fck J\u00f3zsef K\u00fck\u00fcll\u0151 megy\u00e9ben. \u00cdrnok (1825. k\u00f6r\u00fcl). Mih\u00e1ly birtokos D.-Sz.-M\u00e1rtonban. K\u00fck\u00fcll\u0151 megy\u00e9ben m\u00e9g t\u00f6bb helyen birtokosok Szab\u00f3 nevezet\u0171ek, jeles\u00fcl Keszl\u00e9ren, B\u00e1bahalm\u00e1n, Magyar\u00f3son, Cikm\u00e1ntoron stb., de val\u00f3di eredet\u00fck \u00e9s \u00f6sszek\u00f6ttet\u00e9s\u00fck ismeretlen. <br \/><strong>Irod.:<\/strong> Nagy Iv\u00e1n.<\/br><\/p>\n","protected":false},"excerpt":{"rendered":"<p>C\u00edmereslevele kelt 1591. febr. 19. K\u00f6z\u00fcl\u00fck J\u00f3zsef K\u00fck\u00fcll\u0151 megy\u00e9ben. \u00cdrnok (1825. k\u00f6r\u00fcl). Mih\u00e1ly birtokos D.-Sz.-M\u00e1rtonban. K\u00fck\u00fcll\u0151 megy\u00e9ben m\u00e9g t\u00f6bb helyen birtokosok Szab\u00f3 nevezet\u0171ek, jeles\u00fcl Keszl\u00e9ren, B\u00e1bahalm\u00e1n, Magyar\u00f3son, Cikm\u00e1ntoron stb., de val\u00f3di eredet\u00fck \u00e9s \u00f6sszek\u00f6ttet\u00e9s\u00fck ismeretlen. Irod.: Nagy Iv\u00e1n.<\/p>\n","protected":false},"featured_media":0,"comment_status":"open","ping_status":"closed","template":"","meta":[],"product_brand":[],"product_cat":[137],"product_tag":[],"class_list":{"0":"post-21030","1":"product","2":"type-product","3":"status-publish","5":"product_cat-maros-megyei-eletrajzi-lexikon","7":"first","8":"instock","9":"shipping-taxable","10":"product-type-simple"},"_links":{"self":[{"href":"https:\/\/uj.adatbank.ro\/lexikon\/wp-json\/wp\/v2\/product\/21030","targetHints":{"allow":["GET"]}}],"collection":[{"href":"https:\/\/uj.adatbank.ro\/lexikon\/wp-json\/wp\/v2\/product"}],"about":[{"href":"https:\/\/uj.adatbank.ro\/lexikon\/wp-json\/wp\/v2\/types\/product"}],"replies":[{"embeddable":true,"href":"https:\/\/uj.adatbank.ro\/lexikon\/wp-json\/wp\/v2\/comments?post=21030"}],"wp:attachment":[{"href":"https:\/\/uj.adatbank.ro\/lexikon\/wp-json\/wp\/v2\/media?parent=21030"}],"wp:term":[{"taxonomy":"product_brand","embeddable":true,"href":"https:\/\/uj.adatbank.ro\/lexikon\/wp-json\/wp\/v2\/product_brand?post=21030"},{"taxonomy":"product_cat","embeddable":true,"href":"https:\/\/uj.adatbank.ro\/lexikon\/wp-json\/wp\/v2\/product_cat?post=21030"},{"taxonomy":"product_tag","embeddable":true,"href":"https:\/\/uj.adatbank.ro\/lexikon\/wp-json\/wp\/v2\/product_tag?post=21030"}],"curies":[{"name":"wp","href":"https:\/\/api.w.org\/{rel}","templated":true}]}}