{"id":21032,"date":"2025-07-22T19:10:44","date_gmt":"2025-07-22T17:10:44","guid":{"rendered":"https:\/\/uj.adatbank.ro\/lexikon\/termek\/szabo-erdocsinadi-erdelyi-csalad\/"},"modified":"2025-07-22T19:10:44","modified_gmt":"2025-07-22T17:10:44","slug":"szabo-erdocsinadi-erdelyi-csalad","status":"publish","type":"product","link":"https:\/\/uj.adatbank.ro\/lexikon\/termek\/szabo-erdocsinadi-erdelyi-csalad\/","title":{"rendered":"SZAB\u00d3, erd\u0151csin\u00e1di erd\u00e9lyi csal\u00e1d"},"content":{"rendered":"<p>Torda megy\u00e9ben sz\u00e9kel, hol Ferenc 1837-ben t\u00f6rv\u00e9nysz\u00e9ki \u00fcln\u00f6k, Lajos 1845. k\u00f6r\u00fcl \u00fcgyv\u00e9d volt. <br \/><strong>Irod.:<\/strong> Kempelen; Nagy Iv\u00e1n.<\/br><\/p>\n","protected":false},"excerpt":{"rendered":"<p>Torda megy\u00e9ben sz\u00e9kel, hol Ferenc 1837-ben t\u00f6rv\u00e9nysz\u00e9ki \u00fcln\u00f6k, Lajos 1845. k\u00f6r\u00fcl \u00fcgyv\u00e9d volt. Irod.: Kempelen; Nagy Iv\u00e1n.<\/p>\n","protected":false},"featured_media":0,"comment_status":"open","ping_status":"closed","template":"","meta":[],"product_brand":[],"product_cat":[137],"product_tag":[],"class_list":{"0":"post-21032","1":"product","2":"type-product","3":"status-publish","5":"product_cat-maros-megyei-eletrajzi-lexikon","7":"first","8":"instock","9":"shipping-taxable","10":"product-type-simple"},"_links":{"self":[{"href":"https:\/\/uj.adatbank.ro\/lexikon\/wp-json\/wp\/v2\/product\/21032","targetHints":{"allow":["GET"]}}],"collection":[{"href":"https:\/\/uj.adatbank.ro\/lexikon\/wp-json\/wp\/v2\/product"}],"about":[{"href":"https:\/\/uj.adatbank.ro\/lexikon\/wp-json\/wp\/v2\/types\/product"}],"replies":[{"embeddable":true,"href":"https:\/\/uj.adatbank.ro\/lexikon\/wp-json\/wp\/v2\/comments?post=21032"}],"wp:attachment":[{"href":"https:\/\/uj.adatbank.ro\/lexikon\/wp-json\/wp\/v2\/media?parent=21032"}],"wp:term":[{"taxonomy":"product_brand","embeddable":true,"href":"https:\/\/uj.adatbank.ro\/lexikon\/wp-json\/wp\/v2\/product_brand?post=21032"},{"taxonomy":"product_cat","embeddable":true,"href":"https:\/\/uj.adatbank.ro\/lexikon\/wp-json\/wp\/v2\/product_cat?post=21032"},{"taxonomy":"product_tag","embeddable":true,"href":"https:\/\/uj.adatbank.ro\/lexikon\/wp-json\/wp\/v2\/product_tag?post=21032"}],"curies":[{"name":"wp","href":"https:\/\/api.w.org\/{rel}","templated":true}]}}