{"id":21036,"date":"2025-07-22T19:10:51","date_gmt":"2025-07-22T17:10:51","guid":{"rendered":"https:\/\/uj.adatbank.ro\/lexikon\/termek\/szabo-harasztkereki\/"},"modified":"2025-07-22T19:10:51","modified_gmt":"2025-07-22T17:10:51","slug":"szabo-harasztkereki","status":"publish","type":"product","link":"https:\/\/uj.adatbank.ro\/lexikon\/termek\/szabo-harasztkereki\/","title":{"rendered":"SZAB\u00d3, harasztkereki"},"content":{"rendered":"<p>A csal\u00e1db\u00f3l Sz. J\u00e1nos \u00e9s Andr\u00e1s, mint pixid\u00e1rius lustr\u00e1lt (1614); Sz. Istv\u00e1n \u00e9s P\u00e1l nemeslevelet nyert (1630. \u00e1pr. 22.); Andr\u00e1s a XVIII. sz\u00e1zadban \u00e9lt. <br \/><strong>Irod.:<\/strong> Kempelen; P\u00e1lmay.<\/br><\/p>\n","protected":false},"excerpt":{"rendered":"<p>A csal\u00e1db\u00f3l Sz. J\u00e1nos \u00e9s Andr\u00e1s, mint pixid\u00e1rius lustr\u00e1lt (1614); Sz. Istv\u00e1n \u00e9s P\u00e1l nemeslevelet nyert (1630. \u00e1pr. 22.); Andr\u00e1s a XVIII. sz\u00e1zadban \u00e9lt. Irod.: Kempelen; P\u00e1lmay.<\/p>\n","protected":false},"featured_media":0,"comment_status":"open","ping_status":"closed","template":"","meta":[],"product_brand":[],"product_cat":[137],"product_tag":[],"class_list":{"0":"post-21036","1":"product","2":"type-product","3":"status-publish","5":"product_cat-maros-megyei-eletrajzi-lexikon","7":"first","8":"instock","9":"shipping-taxable","10":"product-type-simple"},"_links":{"self":[{"href":"https:\/\/uj.adatbank.ro\/lexikon\/wp-json\/wp\/v2\/product\/21036","targetHints":{"allow":["GET"]}}],"collection":[{"href":"https:\/\/uj.adatbank.ro\/lexikon\/wp-json\/wp\/v2\/product"}],"about":[{"href":"https:\/\/uj.adatbank.ro\/lexikon\/wp-json\/wp\/v2\/types\/product"}],"replies":[{"embeddable":true,"href":"https:\/\/uj.adatbank.ro\/lexikon\/wp-json\/wp\/v2\/comments?post=21036"}],"wp:attachment":[{"href":"https:\/\/uj.adatbank.ro\/lexikon\/wp-json\/wp\/v2\/media?parent=21036"}],"wp:term":[{"taxonomy":"product_brand","embeddable":true,"href":"https:\/\/uj.adatbank.ro\/lexikon\/wp-json\/wp\/v2\/product_brand?post=21036"},{"taxonomy":"product_cat","embeddable":true,"href":"https:\/\/uj.adatbank.ro\/lexikon\/wp-json\/wp\/v2\/product_cat?post=21036"},{"taxonomy":"product_tag","embeddable":true,"href":"https:\/\/uj.adatbank.ro\/lexikon\/wp-json\/wp\/v2\/product_tag?post=21036"}],"curies":[{"name":"wp","href":"https:\/\/api.w.org\/{rel}","templated":true}]}}