{"id":21039,"date":"2025-07-22T19:10:56","date_gmt":"2025-07-22T17:10:56","guid":{"rendered":"https:\/\/uj.adatbank.ro\/lexikon\/termek\/szabo-sarpataki-csalad\/"},"modified":"2025-07-22T19:10:56","modified_gmt":"2025-07-22T17:10:56","slug":"szabo-sarpataki-csalad","status":"publish","type":"product","link":"https:\/\/uj.adatbank.ro\/lexikon\/termek\/szabo-sarpataki-csalad\/","title":{"rendered":"SZAB\u00d3, s\u00e1rpataki csal\u00e1d"},"content":{"rendered":"<p>Szint\u00e9n K\u00fck\u00fcll\u0151 megyei csal\u00e1d, Nemess\u00e9g\u00e9t (1786. j\u00fan. 19.) legf. helyen igazolta. K\u00f6z\u00fcl\u00fck J\u00e1nos alszolgab\u00edr\u00f3 (1794-ben), L\u00e1szl\u00f3 1815. k\u00f6r\u00fcl szolgab\u00edr\u00f3, ut\u00f3bb t\u00f6rv. sz\u00e9ki \u00fcln\u00f6k, \u00e9s sz\u00e1mvev\u0151biztos volt. Val\u00f3sz\u00edn\u0171leg e csal\u00e1db\u00f3l volt Lajos ugyan ott szolgab\u00edr\u00f3 (1815-ben.). <br \/><strong>Irod.:<\/strong> Nagy Iv\u00e1n.<\/br><\/p>\n","protected":false},"excerpt":{"rendered":"<p>Szint\u00e9n K\u00fck\u00fcll\u0151 megyei csal\u00e1d, Nemess\u00e9g\u00e9t (1786. j\u00fan. 19.) legf. helyen igazolta. K\u00f6z\u00fcl\u00fck J\u00e1nos alszolgab\u00edr\u00f3 (1794-ben), L\u00e1szl\u00f3 1815. k\u00f6r\u00fcl szolgab\u00edr\u00f3, ut\u00f3bb t\u00f6rv. sz\u00e9ki \u00fcln\u00f6k, \u00e9s sz\u00e1mvev\u0151biztos volt. Val\u00f3sz\u00edn\u0171leg e csal\u00e1db\u00f3l volt Lajos ugyan ott szolgab\u00edr\u00f3 (1815-ben.). Irod.: Nagy Iv\u00e1n.<\/p>\n","protected":false},"featured_media":0,"comment_status":"open","ping_status":"closed","template":"","meta":[],"product_brand":[],"product_cat":[137],"product_tag":[],"class_list":{"0":"post-21039","1":"product","2":"type-product","3":"status-publish","5":"product_cat-maros-megyei-eletrajzi-lexikon","7":"first","8":"instock","9":"shipping-taxable","10":"product-type-simple"},"_links":{"self":[{"href":"https:\/\/uj.adatbank.ro\/lexikon\/wp-json\/wp\/v2\/product\/21039","targetHints":{"allow":["GET"]}}],"collection":[{"href":"https:\/\/uj.adatbank.ro\/lexikon\/wp-json\/wp\/v2\/product"}],"about":[{"href":"https:\/\/uj.adatbank.ro\/lexikon\/wp-json\/wp\/v2\/types\/product"}],"replies":[{"embeddable":true,"href":"https:\/\/uj.adatbank.ro\/lexikon\/wp-json\/wp\/v2\/comments?post=21039"}],"wp:attachment":[{"href":"https:\/\/uj.adatbank.ro\/lexikon\/wp-json\/wp\/v2\/media?parent=21039"}],"wp:term":[{"taxonomy":"product_brand","embeddable":true,"href":"https:\/\/uj.adatbank.ro\/lexikon\/wp-json\/wp\/v2\/product_brand?post=21039"},{"taxonomy":"product_cat","embeddable":true,"href":"https:\/\/uj.adatbank.ro\/lexikon\/wp-json\/wp\/v2\/product_cat?post=21039"},{"taxonomy":"product_tag","embeddable":true,"href":"https:\/\/uj.adatbank.ro\/lexikon\/wp-json\/wp\/v2\/product_tag?post=21039"}],"curies":[{"name":"wp","href":"https:\/\/api.w.org\/{rel}","templated":true}]}}