{"id":2104,"date":"2025-06-28T12:03:54","date_gmt":"2025-06-28T10:03:54","guid":{"rendered":"https:\/\/uj.adatbank.ro\/lexikon\/termek\/balogh-zoltan\/"},"modified":"2025-06-28T12:03:54","modified_gmt":"2025-06-28T10:03:54","slug":"balogh-zoltan","status":"publish","type":"product","link":"https:\/\/uj.adatbank.ro\/lexikon\/termek\/balogh-zoltan\/","title":{"rendered":"BALOGH Zolt\u00e1n"},"content":{"rendered":"<p>1927., \u2020\u00a0Mv., 2016: orvos. \u2013 Feles\u00e9ge\u00a0: Fodor Ilona. \u2013 A MOGYI \u00e1ltal\u00e1nos orvosi kar\u00e1n v\u00e9gzett (1952). Fogorvosi szakk\u00e9pes\u00edt\u0151 tanfolyamot v\u00e9gzett (1958\u20131959), mert nagy volt a fogorvos hi\u00e1ny. L\u00e9trehozt\u00e1k Mv.-en a Fogp\u00f3tl\u00e1stani klinik\u00e1t (1965), ez volt a munkahelye. <br \/><strong>Irod.:<\/strong> Kiss\u2013P\u00e9terffy\u2013P\u00e9terffy<\/br><\/p>\n","protected":false},"excerpt":{"rendered":"<p>1927., \u2020\u00a0Mv., 2016: orvos. \u2013 Feles\u00e9ge\u00a0: Fodor Ilona. \u2013 A MOGYI \u00e1ltal\u00e1nos orvosi kar\u00e1n v\u00e9gzett (1952). Fogorvosi szakk\u00e9pes\u00edt\u0151 tanfolyamot v\u00e9gzett (1958\u20131959), mert nagy volt a fogorvos hi\u00e1ny. L\u00e9trehozt\u00e1k Mv.-en a Fogp\u00f3tl\u00e1stani klinik\u00e1t (1965), ez volt a munkahelye. Irod.: Kiss\u2013P\u00e9terffy\u2013P\u00e9terffy<\/p>\n","protected":false},"featured_media":0,"comment_status":"open","ping_status":"closed","template":"","meta":[],"product_brand":[],"product_cat":[137],"product_tag":[],"class_list":{"0":"post-2104","1":"product","2":"type-product","3":"status-publish","5":"product_cat-maros-megyei-eletrajzi-lexikon","7":"first","8":"instock","9":"shipping-taxable","10":"product-type-simple"},"_links":{"self":[{"href":"https:\/\/uj.adatbank.ro\/lexikon\/wp-json\/wp\/v2\/product\/2104","targetHints":{"allow":["GET"]}}],"collection":[{"href":"https:\/\/uj.adatbank.ro\/lexikon\/wp-json\/wp\/v2\/product"}],"about":[{"href":"https:\/\/uj.adatbank.ro\/lexikon\/wp-json\/wp\/v2\/types\/product"}],"replies":[{"embeddable":true,"href":"https:\/\/uj.adatbank.ro\/lexikon\/wp-json\/wp\/v2\/comments?post=2104"}],"wp:attachment":[{"href":"https:\/\/uj.adatbank.ro\/lexikon\/wp-json\/wp\/v2\/media?parent=2104"}],"wp:term":[{"taxonomy":"product_brand","embeddable":true,"href":"https:\/\/uj.adatbank.ro\/lexikon\/wp-json\/wp\/v2\/product_brand?post=2104"},{"taxonomy":"product_cat","embeddable":true,"href":"https:\/\/uj.adatbank.ro\/lexikon\/wp-json\/wp\/v2\/product_cat?post=2104"},{"taxonomy":"product_tag","embeddable":true,"href":"https:\/\/uj.adatbank.ro\/lexikon\/wp-json\/wp\/v2\/product_tag?post=2104"}],"curies":[{"name":"wp","href":"https:\/\/api.w.org\/{rel}","templated":true}]}}