{"id":21046,"date":"2025-07-22T19:11:11","date_gmt":"2025-07-22T17:11:11","guid":{"rendered":"https:\/\/uj.adatbank.ro\/lexikon\/termek\/szabo-adalbert\/"},"modified":"2025-07-22T19:11:11","modified_gmt":"2025-07-22T17:11:11","slug":"szabo-adalbert","status":"publish","type":"product","link":"https:\/\/uj.adatbank.ro\/lexikon\/termek\/szabo-adalbert\/","title":{"rendered":"SZAB\u00d3 Adalbert"},"content":{"rendered":"<p>? \u2020?: gy\u00e1ros. \u2013 B\u00fator- \u00e9s \u00e9p\u00fcletasztalos m\u0171hely (\u00fczem?) tulajdonosa Sz\u00e1szr\u00e9genben (1926). <br \/><strong>Irod.:<\/strong> Pan\u0103.<\/br><\/p>\n","protected":false},"excerpt":{"rendered":"<p>? \u2020?: gy\u00e1ros. \u2013 B\u00fator- \u00e9s \u00e9p\u00fcletasztalos m\u0171hely (\u00fczem?) tulajdonosa Sz\u00e1szr\u00e9genben (1926). Irod.: Pan\u0103.<\/p>\n","protected":false},"featured_media":0,"comment_status":"open","ping_status":"closed","template":"","meta":[],"product_brand":[],"product_cat":[137],"product_tag":[],"class_list":{"0":"post-21046","1":"product","2":"type-product","3":"status-publish","5":"product_cat-maros-megyei-eletrajzi-lexikon","7":"first","8":"instock","9":"shipping-taxable","10":"product-type-simple"},"_links":{"self":[{"href":"https:\/\/uj.adatbank.ro\/lexikon\/wp-json\/wp\/v2\/product\/21046","targetHints":{"allow":["GET"]}}],"collection":[{"href":"https:\/\/uj.adatbank.ro\/lexikon\/wp-json\/wp\/v2\/product"}],"about":[{"href":"https:\/\/uj.adatbank.ro\/lexikon\/wp-json\/wp\/v2\/types\/product"}],"replies":[{"embeddable":true,"href":"https:\/\/uj.adatbank.ro\/lexikon\/wp-json\/wp\/v2\/comments?post=21046"}],"wp:attachment":[{"href":"https:\/\/uj.adatbank.ro\/lexikon\/wp-json\/wp\/v2\/media?parent=21046"}],"wp:term":[{"taxonomy":"product_brand","embeddable":true,"href":"https:\/\/uj.adatbank.ro\/lexikon\/wp-json\/wp\/v2\/product_brand?post=21046"},{"taxonomy":"product_cat","embeddable":true,"href":"https:\/\/uj.adatbank.ro\/lexikon\/wp-json\/wp\/v2\/product_cat?post=21046"},{"taxonomy":"product_tag","embeddable":true,"href":"https:\/\/uj.adatbank.ro\/lexikon\/wp-json\/wp\/v2\/product_tag?post=21046"}],"curies":[{"name":"wp","href":"https:\/\/api.w.org\/{rel}","templated":true}]}}