{"id":21047,"date":"2025-07-22T19:11:13","date_gmt":"2025-07-22T17:11:13","guid":{"rendered":"https:\/\/uj.adatbank.ro\/lexikon\/termek\/szabo-adam\/"},"modified":"2025-07-22T19:11:13","modified_gmt":"2025-07-22T17:11:13","slug":"szabo-adam","status":"publish","type":"product","link":"https:\/\/uj.adatbank.ro\/lexikon\/termek\/szabo-adam\/","title":{"rendered":"SZAB\u00d3 \u00c1dam"},"content":{"rendered":"<p>? \u2020 1855?: ? \u2013 Feles\u00e9ge: Petri Eszter (1815-Mv., 1885. nov. 8.). Gyermekeik: Sz. Am\u00e1lia; J\u00f3zsef, feles\u00e9ge Orza M\u00e1ria; Ferenc; Istv\u00e1n, feles\u00e9ge: Gomb\u00e1s Emma. <br \/><strong>Irod.:<\/strong> Gy\u00e1szjelent\u0151.<\/br><\/p>\n","protected":false},"excerpt":{"rendered":"<p>? \u2020 1855?: ? \u2013 Feles\u00e9ge: Petri Eszter (1815-Mv., 1885. nov. 8.). Gyermekeik: Sz. Am\u00e1lia; J\u00f3zsef, feles\u00e9ge Orza M\u00e1ria; Ferenc; Istv\u00e1n, feles\u00e9ge: Gomb\u00e1s Emma. Irod.: Gy\u00e1szjelent\u0151.<\/p>\n","protected":false},"featured_media":0,"comment_status":"open","ping_status":"closed","template":"","meta":[],"product_brand":[],"product_cat":[137],"product_tag":[],"class_list":{"0":"post-21047","1":"product","2":"type-product","3":"status-publish","5":"product_cat-maros-megyei-eletrajzi-lexikon","7":"first","8":"instock","9":"shipping-taxable","10":"product-type-simple"},"_links":{"self":[{"href":"https:\/\/uj.adatbank.ro\/lexikon\/wp-json\/wp\/v2\/product\/21047","targetHints":{"allow":["GET"]}}],"collection":[{"href":"https:\/\/uj.adatbank.ro\/lexikon\/wp-json\/wp\/v2\/product"}],"about":[{"href":"https:\/\/uj.adatbank.ro\/lexikon\/wp-json\/wp\/v2\/types\/product"}],"replies":[{"embeddable":true,"href":"https:\/\/uj.adatbank.ro\/lexikon\/wp-json\/wp\/v2\/comments?post=21047"}],"wp:attachment":[{"href":"https:\/\/uj.adatbank.ro\/lexikon\/wp-json\/wp\/v2\/media?parent=21047"}],"wp:term":[{"taxonomy":"product_brand","embeddable":true,"href":"https:\/\/uj.adatbank.ro\/lexikon\/wp-json\/wp\/v2\/product_brand?post=21047"},{"taxonomy":"product_cat","embeddable":true,"href":"https:\/\/uj.adatbank.ro\/lexikon\/wp-json\/wp\/v2\/product_cat?post=21047"},{"taxonomy":"product_tag","embeddable":true,"href":"https:\/\/uj.adatbank.ro\/lexikon\/wp-json\/wp\/v2\/product_tag?post=21047"}],"curies":[{"name":"wp","href":"https:\/\/api.w.org\/{rel}","templated":true}]}}