{"id":21048,"date":"2025-07-22T19:11:15","date_gmt":"2025-07-22T17:11:15","guid":{"rendered":"https:\/\/uj.adatbank.ro\/lexikon\/termek\/szabo-adam-antal-p\/"},"modified":"2025-07-22T19:11:15","modified_gmt":"2025-07-22T17:11:15","slug":"szabo-adam-antal-p","status":"publish","type":"product","link":"https:\/\/uj.adatbank.ro\/lexikon\/termek\/szabo-adam-antal-p\/","title":{"rendered":"SZAB\u00d3 \u00c1d\u00e1m Antal, P."},"content":{"rendered":"<p>K\u00e9zdiszentl\u00e9lek, 1699., \u2020 Mv., 1771. jan. 5. A mv.-i ferences bar\u00e1tok egykori temploma alatt l\u00e9v\u0151 kript\u00e1ban nyugszik: ferences szerzetes. \u2013 Be\u00f6lt\u00f6z\u00f6tt (1720. dec. 22.), felszentelt\u00e9k (1725. szept. 12. .). <br \/><strong>Irod.:<\/strong> Gy\u00f6rgy: A ferencrendiek; Mv.-i \u00f6rm\u00e9nyek; Pantheon.<\/br><\/p>\n","protected":false},"excerpt":{"rendered":"<p>K\u00e9zdiszentl\u00e9lek, 1699., \u2020 Mv., 1771. jan. 5. A mv.-i ferences bar\u00e1tok egykori temploma alatt l\u00e9v\u0151 kript\u00e1ban nyugszik: ferences szerzetes. \u2013 Be\u00f6lt\u00f6z\u00f6tt (1720. dec. 22.), felszentelt\u00e9k (1725. szept. 12. .). Irod.: Gy\u00f6rgy: A ferencrendiek; Mv.-i \u00f6rm\u00e9nyek; Pantheon.<\/p>\n","protected":false},"featured_media":0,"comment_status":"open","ping_status":"closed","template":"","meta":[],"product_brand":[],"product_cat":[137],"product_tag":[],"class_list":{"0":"post-21048","1":"product","2":"type-product","3":"status-publish","5":"product_cat-maros-megyei-eletrajzi-lexikon","7":"first","8":"instock","9":"shipping-taxable","10":"product-type-simple"},"_links":{"self":[{"href":"https:\/\/uj.adatbank.ro\/lexikon\/wp-json\/wp\/v2\/product\/21048","targetHints":{"allow":["GET"]}}],"collection":[{"href":"https:\/\/uj.adatbank.ro\/lexikon\/wp-json\/wp\/v2\/product"}],"about":[{"href":"https:\/\/uj.adatbank.ro\/lexikon\/wp-json\/wp\/v2\/types\/product"}],"replies":[{"embeddable":true,"href":"https:\/\/uj.adatbank.ro\/lexikon\/wp-json\/wp\/v2\/comments?post=21048"}],"wp:attachment":[{"href":"https:\/\/uj.adatbank.ro\/lexikon\/wp-json\/wp\/v2\/media?parent=21048"}],"wp:term":[{"taxonomy":"product_brand","embeddable":true,"href":"https:\/\/uj.adatbank.ro\/lexikon\/wp-json\/wp\/v2\/product_brand?post=21048"},{"taxonomy":"product_cat","embeddable":true,"href":"https:\/\/uj.adatbank.ro\/lexikon\/wp-json\/wp\/v2\/product_cat?post=21048"},{"taxonomy":"product_tag","embeddable":true,"href":"https:\/\/uj.adatbank.ro\/lexikon\/wp-json\/wp\/v2\/product_tag?post=21048"}],"curies":[{"name":"wp","href":"https:\/\/api.w.org\/{rel}","templated":true}]}}