{"id":21049,"date":"2025-07-22T19:11:17","date_gmt":"2025-07-22T17:11:17","guid":{"rendered":"https:\/\/uj.adatbank.ro\/lexikon\/termek\/szabo-agi-tamas-ferencne\/"},"modified":"2025-07-22T19:11:17","modified_gmt":"2025-07-22T17:11:17","slug":"szabo-agi-tamas-ferencne","status":"publish","type":"product","link":"https:\/\/uj.adatbank.ro\/lexikon\/termek\/szabo-agi-tamas-ferencne\/","title":{"rendered":"SZAB\u00d3 \u00c1gi, Tam\u00e1s Ferencn\u00e9"},"content":{"rendered":"<p>Torda. 1926. \u00e1pr. 10., \u2020 Mv., 1977. jan. 6.: sz\u00edn\u00e9szn\u0151. \u2013 A mv.-i Sz\u00e9kely Sz\u00ednh\u00e1z alap\u00edt\u00f3 tagja volt (1946\u2013). A hetvenes \u00e9vekben betegs\u00e9ge miatt nyugd\u00edjba vonult. \u2013 <strong>F. sz.:<\/strong> Lenke (Moln\u00e1r Ferenc: Doktor \u00far); Odette (K\u00e1lm\u00e1n: A bajad\u00e9r); Mariane (Moliere: Tartuffe); Zelna (Csiky Gergely: Ingyen\u00e9l\u0151k); Beatrix (Heltai: N\u00e9ma levente); Leh\u00e1r: A mosoly orsz\u00e1ga (1946), E. Scribe: Egy poh\u00e1r v\u00edz (1947); Sarkady Imre: Szeptember (1957); Fini, fiatal l\u00e1ny (Leh\u00e1r Ferenc: A mosoly orsz\u00e1ga); Cunci (B\u00e9keffy Istv\u00e1n: Es\u0151 ut\u00e1n k\u00f6p\u00f6nyeg); Auriol (J. Devall: Francia szobal\u00e1ny); \u00c9vike (Farkas Imre: Igl\u00f3i Di\u00e1kok); St\u00e1zi (K\u00e1lm\u00e1n Imre: Cs\u00e1rd\u00e1skir\u00e1lyn\u0151); Ellen (Paul Laurent: Szerelmes di\u00e1kok); Robicsekn\u00e9 (Eisemann M.: Egy cs\u00f3k \u00e9s m\u00e1s semmi); Michonn\u00e9 (Eisemann M.: Fekete P\u00e9ter); N\u00f6vend\u00e9k (M. Sebastian: N\u00e9vtelen csillag); Miss Betty Torday (B\u00e9keffy Istv\u00e1n: Janika); Christa (Losonczy Dezs\u0151: Egyetlen \u00e9jszak\u00e1ra); Lonczi (F\u00e9nyes Szabolcs: V\u00e9n di\u00f3fa); Vera (Vaszary G\u00e1bor: Mondj igazat); Fatime (Huszka Jen\u0151: G\u00fcl-Baba); M\u00e1sodik di\u00e1kl\u00e1ny (L.Rachmanov: Viharos alkonyat); H\u00e9di (Schubert \u2013 Bert\u00e9: H\u00e1rom a kisl\u00e1ny); Betty (J.B. Priestley: Vesz\u00e9lyes kanyar); Tam\u00e1sn\u00e9, Zsuzsi (F\u00e9nyes Szabolcs: Az utols\u00f3 Vereb\u00e9ly l\u00e1ny); Olga (Vaszary G\u00e1bor: Bubus); Bendeleiben Izid\u00f3ra (Katona J\u00f3zsef: B\u00e1nk b\u00e1n); Tertay gr\u00f3fn\u0151 (Eisemann M.: Vadvir\u00e1g); Abigail (E. Scribe: Egy poh\u00e1r v\u00edz); Mandula Manci (Komj\u00e1thy K\u00e1roly: Harap\u00f3s f\u00e9rj); Missis Simpson (E. Petrov: A b\u00e9ke szigete); Viola (Zilahy Lajos: A sz\u0171z \u00e9s a g\u00f6d\u00f6lye); R\u00e1tz kisasszony (L\u00e1szl\u00f3 Mikl\u00f3s: Illatstert\u00e1r); N\u00e1dja, egyetemi hallgat\u00f3n\u0151 (A. Skvarkin: Ifj\u00fas\u00e1g); VII. summ\u00e1sl\u00e1ny (M\u00f3ricz Zsigmond: Uri muri); Eliza (M. Davidoglu: B\u00e1ny\u00e1szok); III. asszony (M. Gorkij: Kispolg\u00e1rok); 1. le\u00e1ny (A. Gribojedov: Az \u00e9sz bajjal j\u00e1r); I. munk\u00e1sn\u0151 (Szab\u00f3 Ern\u0151: Vid\u00e1m vak\u00e1ci\u00f3); Pinc\u00e9rn\u0151 (J. Burjakovszkij: \u00dczenet az \u00e9l\u0151knek); 1. kolhozl\u00e1ny (Boroszina \u00e9s Davidzon: Harmad\u00e9vesek), Florica, darukezel\u0151 (M. Davidoglu: T\u0171zer\u0151d), 1. h\u00f6lgy (Gogol: A revizor); Dasa (B. Gorbatov: Ap\u00e1k ifj\u00fas\u00e1ga); Szerepelt a szilveszteri m\u0171sorban (1953); Ir\u00e9nke (Aki m\u00e1snak vermet \u00e1s); Tanul\u00f3 l\u00e1ny (Nusics: A kegyelmes asszony); Els\u0151 \u00fajs\u00e1g\u00edr\u00f3n\u0151 (H. Kipphardt: Shakespeare kerestetik); Donna Fenissa (Augustin Moreto y Cabana: Donna Diana); Mari (Sarkadi Imre: Szeptember); Vir\u00e1g\u00e1rusl\u00e1ny (Edmond Rostand: Cyrano de Bergenac); Csel\u00e9d (Federico Garcia Lorca: Bernarda Alba h\u00e1za); M\u00e1konyi Zelma (Csiky Gergely: Ingyen\u00e9l\u0151k); Lenke (Moln\u00e1r Ferenc: Doktor \u00far); Rosita (Machiavelli: Mandragora). <br \/><strong>Irod.:<\/strong> Enyedi; A H\u00e9t \u00e9vk. (1982); Horv\u00e1th Bea; Kov\u00e1cs Levente; N\u00fa. (1998. nov. 2.).<\/br><\/p>\n","protected":false},"excerpt":{"rendered":"<p>Torda. 1926. \u00e1pr. 10., \u2020 Mv., 1977. jan. 6.: sz\u00edn\u00e9szn\u0151. \u2013 A mv.-i Sz\u00e9kely Sz\u00ednh\u00e1z alap\u00edt\u00f3 tagja volt (1946\u2013). A hetvenes \u00e9vekben betegs\u00e9ge miatt nyugd\u00edjba vonult. \u2013 F. sz.: Lenke (Moln\u00e1r Ferenc: Doktor \u00far); Odette (K\u00e1lm\u00e1n: A bajad\u00e9r); Mariane (Moliere: Tartuffe); Zelna (Csiky Gergely: Ingyen\u00e9l\u0151k); Beatrix (Heltai: N\u00e9ma levente); Leh\u00e1r: A mosoly orsz\u00e1ga (1946), E. [&hellip;]<\/p>\n","protected":false},"featured_media":0,"comment_status":"open","ping_status":"closed","template":"","meta":[],"product_brand":[],"product_cat":[137],"product_tag":[],"class_list":{"0":"post-21049","1":"product","2":"type-product","3":"status-publish","5":"product_cat-maros-megyei-eletrajzi-lexikon","7":"first","8":"instock","9":"shipping-taxable","10":"product-type-simple"},"_links":{"self":[{"href":"https:\/\/uj.adatbank.ro\/lexikon\/wp-json\/wp\/v2\/product\/21049","targetHints":{"allow":["GET"]}}],"collection":[{"href":"https:\/\/uj.adatbank.ro\/lexikon\/wp-json\/wp\/v2\/product"}],"about":[{"href":"https:\/\/uj.adatbank.ro\/lexikon\/wp-json\/wp\/v2\/types\/product"}],"replies":[{"embeddable":true,"href":"https:\/\/uj.adatbank.ro\/lexikon\/wp-json\/wp\/v2\/comments?post=21049"}],"wp:attachment":[{"href":"https:\/\/uj.adatbank.ro\/lexikon\/wp-json\/wp\/v2\/media?parent=21049"}],"wp:term":[{"taxonomy":"product_brand","embeddable":true,"href":"https:\/\/uj.adatbank.ro\/lexikon\/wp-json\/wp\/v2\/product_brand?post=21049"},{"taxonomy":"product_cat","embeddable":true,"href":"https:\/\/uj.adatbank.ro\/lexikon\/wp-json\/wp\/v2\/product_cat?post=21049"},{"taxonomy":"product_tag","embeddable":true,"href":"https:\/\/uj.adatbank.ro\/lexikon\/wp-json\/wp\/v2\/product_tag?post=21049"}],"curies":[{"name":"wp","href":"https:\/\/api.w.org\/{rel}","templated":true}]}}