{"id":21054,"date":"2025-07-22T19:11:26","date_gmt":"2025-07-22T17:11:26","guid":{"rendered":"https:\/\/uj.adatbank.ro\/lexikon\/termek\/szabo-albert-5\/"},"modified":"2025-07-22T19:11:26","modified_gmt":"2025-07-22T17:11:26","slug":"szabo-albert-5","status":"publish","type":"product","link":"https:\/\/uj.adatbank.ro\/lexikon\/termek\/szabo-albert-5\/","title":{"rendered":"SZAB\u00d3 Albert"},"content":{"rendered":"<p>Nagys\u00e1rm\u00e1s, 1916. m\u00e1j. 9. \u2020?: csizmadia, igazgat\u00f3. \u2013 Csizmadiak\u00e9nt dolgozott Mv.-en az Unitatea Kisipari Sz\u00f6vetkezetben (1946\u2013). Nem politiz\u00e1lt, de tagja lett a RMP.-nak (1946 m\u00e1rc.). Az \u00e1llamos\u00edt\u00e1skor \u0151t nevezt\u00e9k ki igazgat\u00f3nak a M\u00e1rton J\u00f3zsef tulajdon\u00e1ban lev\u0151, 5 munkaer\u0151t foglalkoztat\u00f3 Tim\u00e1r- \u00e9s Cserz\u0151gy\u00e1r \u00e9l\u00e9re. <br \/><strong>Irod.:<\/strong> Bartos Zolt\u00e1n.<\/br><\/p>\n","protected":false},"excerpt":{"rendered":"<p>Nagys\u00e1rm\u00e1s, 1916. m\u00e1j. 9. \u2020?: csizmadia, igazgat\u00f3. \u2013 Csizmadiak\u00e9nt dolgozott Mv.-en az Unitatea Kisipari Sz\u00f6vetkezetben (1946\u2013). Nem politiz\u00e1lt, de tagja lett a RMP.-nak (1946 m\u00e1rc.). Az \u00e1llamos\u00edt\u00e1skor \u0151t nevezt\u00e9k ki igazgat\u00f3nak a M\u00e1rton J\u00f3zsef tulajdon\u00e1ban lev\u0151, 5 munkaer\u0151t foglalkoztat\u00f3 Tim\u00e1r- \u00e9s Cserz\u0151gy\u00e1r \u00e9l\u00e9re. Irod.: Bartos Zolt\u00e1n.<\/p>\n","protected":false},"featured_media":0,"comment_status":"open","ping_status":"closed","template":"","meta":[],"product_brand":[],"product_cat":[137],"product_tag":[],"class_list":{"0":"post-21054","1":"product","2":"type-product","3":"status-publish","5":"product_cat-maros-megyei-eletrajzi-lexikon","7":"first","8":"instock","9":"shipping-taxable","10":"product-type-simple"},"_links":{"self":[{"href":"https:\/\/uj.adatbank.ro\/lexikon\/wp-json\/wp\/v2\/product\/21054","targetHints":{"allow":["GET"]}}],"collection":[{"href":"https:\/\/uj.adatbank.ro\/lexikon\/wp-json\/wp\/v2\/product"}],"about":[{"href":"https:\/\/uj.adatbank.ro\/lexikon\/wp-json\/wp\/v2\/types\/product"}],"replies":[{"embeddable":true,"href":"https:\/\/uj.adatbank.ro\/lexikon\/wp-json\/wp\/v2\/comments?post=21054"}],"wp:attachment":[{"href":"https:\/\/uj.adatbank.ro\/lexikon\/wp-json\/wp\/v2\/media?parent=21054"}],"wp:term":[{"taxonomy":"product_brand","embeddable":true,"href":"https:\/\/uj.adatbank.ro\/lexikon\/wp-json\/wp\/v2\/product_brand?post=21054"},{"taxonomy":"product_cat","embeddable":true,"href":"https:\/\/uj.adatbank.ro\/lexikon\/wp-json\/wp\/v2\/product_cat?post=21054"},{"taxonomy":"product_tag","embeddable":true,"href":"https:\/\/uj.adatbank.ro\/lexikon\/wp-json\/wp\/v2\/product_tag?post=21054"}],"curies":[{"name":"wp","href":"https:\/\/api.w.org\/{rel}","templated":true}]}}