{"id":21055,"date":"2025-07-22T19:11:30","date_gmt":"2025-07-22T17:11:30","guid":{"rendered":"https:\/\/uj.adatbank.ro\/lexikon\/termek\/szabo-andras\/"},"modified":"2025-07-22T19:11:30","modified_gmt":"2025-07-22T17:11:30","slug":"szabo-andras","status":"publish","type":"product","link":"https:\/\/uj.adatbank.ro\/lexikon\/termek\/szabo-andras\/","title":{"rendered":"SZAB\u00d3 Andr\u00e1s"},"content":{"rendered":"<p>1797.?, \u2020 Mv., 1823. el\u0151tt: k\u00f6nyvt\u00e1ros. \u2013 Val\u00f3sz\u00edn\u0171leg G\u00f6tting\u00e1ban \u00e9s J\u00e9n\u00e1ban tanult. Teleki L\u00e1szl\u00f3 gyermekeinek nevel\u0151je, majd Wessel\u00e9nyi Mikl\u00f3snak a filoz\u00f3fiatan\u00e1ra volt (1810\u201316). K\u00f6nyvt\u00e1ros a Teleki T\u00e9k\u00e1ban (1816), ahol egy \u00e9vet t\u00f6lt\u00f6tt. Tev\u00e9kenys\u00e9g\u00e9re az akkori j\u00f3sz\u00e1gigazgat\u00f3 Kad\u00e1csi Istv\u00e1n besz\u00e1mol\u00f3j\u00e1b\u00f3l kapunk utal\u00e1st, aki meg van el\u00e9gedve munk\u00e1j\u00e1val \u00e9s szorgalm\u00e1val. Kazinczy Ferencet kalauzolta a T\u00e9k\u00e1ban (1816), aki dics\u00e9r\u0151leg \u00edrt r\u00f3la level\u00e9ben. A k\u00f6vetkez\u0151 \u00e9vben m\u00e1r Kelemen M\u00e1rton volt a k\u00f6nyvt\u00e1ros. Filoz\u00f3fiai tanulm\u00e1nya jelent meg az Erd\u00e9lyi M\u00fazeumban. <br \/><strong>Irod.:<\/strong> De\u00e9 Nagy Anik\u00f3; De\u00e9 Nagy Anik\u00f3 2001; Fogarasi; M\u0171vt\u00f6rt. T. 1980.<\/br><\/p>\n","protected":false},"excerpt":{"rendered":"<p>1797.?, \u2020 Mv., 1823. el\u0151tt: k\u00f6nyvt\u00e1ros. \u2013 Val\u00f3sz\u00edn\u0171leg G\u00f6tting\u00e1ban \u00e9s J\u00e9n\u00e1ban tanult. Teleki L\u00e1szl\u00f3 gyermekeinek nevel\u0151je, majd Wessel\u00e9nyi Mikl\u00f3snak a filoz\u00f3fiatan\u00e1ra volt (1810\u201316). K\u00f6nyvt\u00e1ros a Teleki T\u00e9k\u00e1ban (1816), ahol egy \u00e9vet t\u00f6lt\u00f6tt. Tev\u00e9kenys\u00e9g\u00e9re az akkori j\u00f3sz\u00e1gigazgat\u00f3 Kad\u00e1csi Istv\u00e1n besz\u00e1mol\u00f3j\u00e1b\u00f3l kapunk utal\u00e1st, aki meg van el\u00e9gedve munk\u00e1j\u00e1val \u00e9s szorgalm\u00e1val. Kazinczy Ferencet kalauzolta a T\u00e9k\u00e1ban (1816), aki [&hellip;]<\/p>\n","protected":false},"featured_media":0,"comment_status":"open","ping_status":"closed","template":"","meta":[],"product_brand":[],"product_cat":[137],"product_tag":[],"class_list":{"0":"post-21055","1":"product","2":"type-product","3":"status-publish","5":"product_cat-maros-megyei-eletrajzi-lexikon","7":"first","8":"instock","9":"shipping-taxable","10":"product-type-simple"},"_links":{"self":[{"href":"https:\/\/uj.adatbank.ro\/lexikon\/wp-json\/wp\/v2\/product\/21055","targetHints":{"allow":["GET"]}}],"collection":[{"href":"https:\/\/uj.adatbank.ro\/lexikon\/wp-json\/wp\/v2\/product"}],"about":[{"href":"https:\/\/uj.adatbank.ro\/lexikon\/wp-json\/wp\/v2\/types\/product"}],"replies":[{"embeddable":true,"href":"https:\/\/uj.adatbank.ro\/lexikon\/wp-json\/wp\/v2\/comments?post=21055"}],"wp:attachment":[{"href":"https:\/\/uj.adatbank.ro\/lexikon\/wp-json\/wp\/v2\/media?parent=21055"}],"wp:term":[{"taxonomy":"product_brand","embeddable":true,"href":"https:\/\/uj.adatbank.ro\/lexikon\/wp-json\/wp\/v2\/product_brand?post=21055"},{"taxonomy":"product_cat","embeddable":true,"href":"https:\/\/uj.adatbank.ro\/lexikon\/wp-json\/wp\/v2\/product_cat?post=21055"},{"taxonomy":"product_tag","embeddable":true,"href":"https:\/\/uj.adatbank.ro\/lexikon\/wp-json\/wp\/v2\/product_tag?post=21055"}],"curies":[{"name":"wp","href":"https:\/\/api.w.org\/{rel}","templated":true}]}}