{"id":21058,"date":"2025-07-22T19:11:37","date_gmt":"2025-07-22T17:11:37","guid":{"rendered":"https:\/\/uj.adatbank.ro\/lexikon\/termek\/szabo-andras-4\/"},"modified":"2025-07-22T19:11:37","modified_gmt":"2025-07-22T17:11:37","slug":"szabo-andras-4","status":"publish","type":"product","link":"https:\/\/uj.adatbank.ro\/lexikon\/termek\/szabo-andras-4\/","title":{"rendered":"SZAB\u00d3 Andr\u00e1s"},"content":{"rendered":"<p>? 1926., \u2020\u00a0Dics\u0151szentm\u00e1rton, 1999. j\u00fal. 12., Mez\u0151b\u00e1ndra temett\u00e9k: fog\u00e1sz f\u0151orvos. <br \/><strong>Irod.:<\/strong> MMK.<\/br><\/p>\n","protected":false},"excerpt":{"rendered":"<p>? 1926., \u2020\u00a0Dics\u0151szentm\u00e1rton, 1999. j\u00fal. 12., Mez\u0151b\u00e1ndra temett\u00e9k: fog\u00e1sz f\u0151orvos. Irod.: MMK.<\/p>\n","protected":false},"featured_media":0,"comment_status":"open","ping_status":"closed","template":"","meta":[],"product_brand":[],"product_cat":[137],"product_tag":[],"class_list":{"0":"post-21058","1":"product","2":"type-product","3":"status-publish","5":"product_cat-maros-megyei-eletrajzi-lexikon","7":"first","8":"instock","9":"shipping-taxable","10":"product-type-simple"},"_links":{"self":[{"href":"https:\/\/uj.adatbank.ro\/lexikon\/wp-json\/wp\/v2\/product\/21058","targetHints":{"allow":["GET"]}}],"collection":[{"href":"https:\/\/uj.adatbank.ro\/lexikon\/wp-json\/wp\/v2\/product"}],"about":[{"href":"https:\/\/uj.adatbank.ro\/lexikon\/wp-json\/wp\/v2\/types\/product"}],"replies":[{"embeddable":true,"href":"https:\/\/uj.adatbank.ro\/lexikon\/wp-json\/wp\/v2\/comments?post=21058"}],"wp:attachment":[{"href":"https:\/\/uj.adatbank.ro\/lexikon\/wp-json\/wp\/v2\/media?parent=21058"}],"wp:term":[{"taxonomy":"product_brand","embeddable":true,"href":"https:\/\/uj.adatbank.ro\/lexikon\/wp-json\/wp\/v2\/product_brand?post=21058"},{"taxonomy":"product_cat","embeddable":true,"href":"https:\/\/uj.adatbank.ro\/lexikon\/wp-json\/wp\/v2\/product_cat?post=21058"},{"taxonomy":"product_tag","embeddable":true,"href":"https:\/\/uj.adatbank.ro\/lexikon\/wp-json\/wp\/v2\/product_tag?post=21058"}],"curies":[{"name":"wp","href":"https:\/\/api.w.org\/{rel}","templated":true}]}}