{"id":21060,"date":"2025-07-22T19:11:40","date_gmt":"2025-07-22T17:11:40","guid":{"rendered":"https:\/\/uj.adatbank.ro\/lexikon\/termek\/szabo-andras-6\/"},"modified":"2025-07-22T19:11:40","modified_gmt":"2025-07-22T17:11:40","slug":"szabo-andras-6","status":"publish","type":"product","link":"https:\/\/uj.adatbank.ro\/lexikon\/termek\/szabo-andras-6\/","title":{"rendered":"SZAB\u00d3 Andr\u00e1s"},"content":{"rendered":"<p>? 1962., \u2020\u00a0Gernyeszeg, 1997. j\u00fan. 10.: ref. pap. \u2013 Sz\u00e9kelytomp\u00e1ban lelk\u00e9sz (1991\u201393), majd Gernyeszegen szolg\u00e1lt, aut\u00f3balest \u00e1ldozata lett. <br \/><strong>Irod.:<\/strong> Ny\u00e1r\u00e1dg\u00e1lfalva; [Nekrol\u00f3g] (N\u00fa., 1997. j\u00fan. 11.).<\/br><\/p>\n","protected":false},"excerpt":{"rendered":"<p>? 1962., \u2020\u00a0Gernyeszeg, 1997. j\u00fan. 10.: ref. pap. \u2013 Sz\u00e9kelytomp\u00e1ban lelk\u00e9sz (1991\u201393), majd Gernyeszegen szolg\u00e1lt, aut\u00f3balest \u00e1ldozata lett. Irod.: Ny\u00e1r\u00e1dg\u00e1lfalva; [Nekrol\u00f3g] (N\u00fa., 1997. j\u00fan. 11.).<\/p>\n","protected":false},"featured_media":0,"comment_status":"open","ping_status":"closed","template":"","meta":[],"product_brand":[],"product_cat":[137],"product_tag":[],"class_list":{"0":"post-21060","1":"product","2":"type-product","3":"status-publish","5":"product_cat-maros-megyei-eletrajzi-lexikon","7":"first","8":"instock","9":"shipping-taxable","10":"product-type-simple"},"_links":{"self":[{"href":"https:\/\/uj.adatbank.ro\/lexikon\/wp-json\/wp\/v2\/product\/21060","targetHints":{"allow":["GET"]}}],"collection":[{"href":"https:\/\/uj.adatbank.ro\/lexikon\/wp-json\/wp\/v2\/product"}],"about":[{"href":"https:\/\/uj.adatbank.ro\/lexikon\/wp-json\/wp\/v2\/types\/product"}],"replies":[{"embeddable":true,"href":"https:\/\/uj.adatbank.ro\/lexikon\/wp-json\/wp\/v2\/comments?post=21060"}],"wp:attachment":[{"href":"https:\/\/uj.adatbank.ro\/lexikon\/wp-json\/wp\/v2\/media?parent=21060"}],"wp:term":[{"taxonomy":"product_brand","embeddable":true,"href":"https:\/\/uj.adatbank.ro\/lexikon\/wp-json\/wp\/v2\/product_brand?post=21060"},{"taxonomy":"product_cat","embeddable":true,"href":"https:\/\/uj.adatbank.ro\/lexikon\/wp-json\/wp\/v2\/product_cat?post=21060"},{"taxonomy":"product_tag","embeddable":true,"href":"https:\/\/uj.adatbank.ro\/lexikon\/wp-json\/wp\/v2\/product_tag?post=21060"}],"curies":[{"name":"wp","href":"https:\/\/api.w.org\/{rel}","templated":true}]}}