{"id":21061,"date":"2025-07-22T19:11:42","date_gmt":"2025-07-22T17:11:42","guid":{"rendered":"https:\/\/uj.adatbank.ro\/lexikon\/termek\/szabo-andras-%c2%a7\/"},"modified":"2025-07-22T19:11:42","modified_gmt":"2025-07-22T17:11:42","slug":"szabo-andras-%c2%a7","status":"publish","type":"product","link":"https:\/\/uj.adatbank.ro\/lexikon\/termek\/szabo-andras-%c2%a7\/","title":{"rendered":"SZAB\u00d3 Andr\u00e1s, \u00a7"},"content":{"rendered":"<p>? \u2020?: cip\u00e9szmester, b\u0151rkeresked\u0151. \u2013 Dics\u0151szentm\u00e1rtonban mint cip\u00e9szmester dolgozott (1926\u2013) 8\u201310 munk\u00e1ssal. Mv.-re k\u00f6lt\u00f6z\u00f6tt (1931), ahol mint b\u0151rkeresked\u0151 m\u0171k\u00f6d\u00f6tt. Az Ipartest\u00fclet v\u00e1lasztm\u00e1nyi tagja, majd eln\u0151ke (1933\u201337). A MP, az Iparos Egyes\u00fclet, a nemzet\u0151rs\u00e9g \u00e9s a kereszt\u00e9ny keresked\u0151k csoportj\u00e1nak tagja volt. A v\u00e1laszt\u00e1si harcokban tev\u00e9keny r\u00e9szt v\u00e1llalt. <br \/><strong>Irod.:<\/strong> Visnai.<\/br><\/p>\n","protected":false},"excerpt":{"rendered":"<p>? \u2020?: cip\u00e9szmester, b\u0151rkeresked\u0151. \u2013 Dics\u0151szentm\u00e1rtonban mint cip\u00e9szmester dolgozott (1926\u2013) 8\u201310 munk\u00e1ssal. Mv.-re k\u00f6lt\u00f6z\u00f6tt (1931), ahol mint b\u0151rkeresked\u0151 m\u0171k\u00f6d\u00f6tt. Az Ipartest\u00fclet v\u00e1lasztm\u00e1nyi tagja, majd eln\u0151ke (1933\u201337). A MP, az Iparos Egyes\u00fclet, a nemzet\u0151rs\u00e9g \u00e9s a kereszt\u00e9ny keresked\u0151k csoportj\u00e1nak tagja volt. A v\u00e1laszt\u00e1si harcokban tev\u00e9keny r\u00e9szt v\u00e1llalt. Irod.: Visnai.<\/p>\n","protected":false},"featured_media":0,"comment_status":"open","ping_status":"closed","template":"","meta":[],"product_brand":[],"product_cat":[137],"product_tag":[],"class_list":{"0":"post-21061","1":"product","2":"type-product","3":"status-publish","5":"product_cat-maros-megyei-eletrajzi-lexikon","7":"first","8":"instock","9":"shipping-taxable","10":"product-type-simple"},"_links":{"self":[{"href":"https:\/\/uj.adatbank.ro\/lexikon\/wp-json\/wp\/v2\/product\/21061","targetHints":{"allow":["GET"]}}],"collection":[{"href":"https:\/\/uj.adatbank.ro\/lexikon\/wp-json\/wp\/v2\/product"}],"about":[{"href":"https:\/\/uj.adatbank.ro\/lexikon\/wp-json\/wp\/v2\/types\/product"}],"replies":[{"embeddable":true,"href":"https:\/\/uj.adatbank.ro\/lexikon\/wp-json\/wp\/v2\/comments?post=21061"}],"wp:attachment":[{"href":"https:\/\/uj.adatbank.ro\/lexikon\/wp-json\/wp\/v2\/media?parent=21061"}],"wp:term":[{"taxonomy":"product_brand","embeddable":true,"href":"https:\/\/uj.adatbank.ro\/lexikon\/wp-json\/wp\/v2\/product_brand?post=21061"},{"taxonomy":"product_cat","embeddable":true,"href":"https:\/\/uj.adatbank.ro\/lexikon\/wp-json\/wp\/v2\/product_cat?post=21061"},{"taxonomy":"product_tag","embeddable":true,"href":"https:\/\/uj.adatbank.ro\/lexikon\/wp-json\/wp\/v2\/product_tag?post=21061"}],"curies":[{"name":"wp","href":"https:\/\/api.w.org\/{rel}","templated":true}]}}