{"id":21062,"date":"2025-07-22T19:11:45","date_gmt":"2025-07-22T17:11:45","guid":{"rendered":"https:\/\/uj.adatbank.ro\/lexikon\/termek\/szabo-antal-baratosi\/"},"modified":"2025-07-22T19:11:45","modified_gmt":"2025-07-22T17:11:45","slug":"szabo-antal-baratosi","status":"publish","type":"product","link":"https:\/\/uj.adatbank.ro\/lexikon\/termek\/szabo-antal-baratosi\/","title":{"rendered":"SZAB\u00d3 Antal, bar\u00e1tosi"},"content":{"rendered":"<p>? \u2020?: kir. t\u00e1b.-i \u00edrnok. \u2013 a Mv.-en polg\u00e1ri esk\u00fct tett (1807) mint nemes taxa n\u00e9lk\u00fcl. Alkir\u00e1lyb\u00edr\u00f3 (1840) az els\u0151 mv.-i T\u0171zment\u0151 Egylet p\u00e9nzt\u00e1rnoka. <br \/><strong>Irod.:<\/strong> Barab\u00e1s Endre; P\u00e1l-Antal 2006.<\/br><\/p>\n","protected":false},"excerpt":{"rendered":"<p>? \u2020?: kir. t\u00e1b.-i \u00edrnok. \u2013 a Mv.-en polg\u00e1ri esk\u00fct tett (1807) mint nemes taxa n\u00e9lk\u00fcl. Alkir\u00e1lyb\u00edr\u00f3 (1840) az els\u0151 mv.-i T\u0171zment\u0151 Egylet p\u00e9nzt\u00e1rnoka. Irod.: Barab\u00e1s Endre; P\u00e1l-Antal 2006.<\/p>\n","protected":false},"featured_media":0,"comment_status":"open","ping_status":"closed","template":"","meta":[],"product_brand":[],"product_cat":[137],"product_tag":[],"class_list":{"0":"post-21062","1":"product","2":"type-product","3":"status-publish","5":"product_cat-maros-megyei-eletrajzi-lexikon","7":"first","8":"instock","9":"shipping-taxable","10":"product-type-simple"},"_links":{"self":[{"href":"https:\/\/uj.adatbank.ro\/lexikon\/wp-json\/wp\/v2\/product\/21062","targetHints":{"allow":["GET"]}}],"collection":[{"href":"https:\/\/uj.adatbank.ro\/lexikon\/wp-json\/wp\/v2\/product"}],"about":[{"href":"https:\/\/uj.adatbank.ro\/lexikon\/wp-json\/wp\/v2\/types\/product"}],"replies":[{"embeddable":true,"href":"https:\/\/uj.adatbank.ro\/lexikon\/wp-json\/wp\/v2\/comments?post=21062"}],"wp:attachment":[{"href":"https:\/\/uj.adatbank.ro\/lexikon\/wp-json\/wp\/v2\/media?parent=21062"}],"wp:term":[{"taxonomy":"product_brand","embeddable":true,"href":"https:\/\/uj.adatbank.ro\/lexikon\/wp-json\/wp\/v2\/product_brand?post=21062"},{"taxonomy":"product_cat","embeddable":true,"href":"https:\/\/uj.adatbank.ro\/lexikon\/wp-json\/wp\/v2\/product_cat?post=21062"},{"taxonomy":"product_tag","embeddable":true,"href":"https:\/\/uj.adatbank.ro\/lexikon\/wp-json\/wp\/v2\/product_tag?post=21062"}],"curies":[{"name":"wp","href":"https:\/\/api.w.org\/{rel}","templated":true}]}}