{"id":21064,"date":"2025-07-22T19:11:51","date_gmt":"2025-07-22T17:11:51","guid":{"rendered":"https:\/\/uj.adatbank.ro\/lexikon\/termek\/szabo-antal-baratosi-baratosi-szabo-antal\/"},"modified":"2025-07-22T19:11:51","modified_gmt":"2025-07-22T17:11:51","slug":"szabo-antal-baratosi-baratosi-szabo-antal","status":"publish","type":"product","link":"https:\/\/uj.adatbank.ro\/lexikon\/termek\/szabo-antal-baratosi-baratosi-szabo-antal\/","title":{"rendered":"SZAB\u00d3 Antal, bar\u00e1tosi, Bar\u00e1tosi Szab\u00f3 Antal"},"content":{"rendered":"<p>Mv., 1868.,\u00a0\u2020?: dr. juris, \u00fcgyv\u00e9d, f\u00f6ldbirtokos. \u2013\u2013 A k\u00f6z\u00e9piskol\u00e1it Nagyenyeden a jogot Kv.-on v\u00e9gezte, \u00fcgyv\u00e9di vizsg\u00e1t tett (1896). T\u00e9nyleges katonai szolg\u00e1latot teljes\u00edtett (1894). \u00dcgyv\u00e9d Mv.-en. A V\u00e1rmegye legnagyobb ad\u00f3fizet\u0151inek (virilist\u00e1k) list\u00e1j\u00e1n szerepelt (1913). R\u00e9szt vett az els\u0151 vh.-ban (1916\u2013) a 22. h. gy. e.-el. Maros-Torda v\u00e1rmegy\u00e9ben a hadifogoly t\u00e1borban mint \u00fcgyeletes tiszt teljes\u00edtett szolg\u00e1latot, sz\u00e1zadosi rangban szerelt le. F\u00f6ldbirtokos volt Galambodon, a k\u00fari\u00e1ja ma a telep\u00fcl\u00e9s m\u0171vel\u0151d\u00e9si h\u00e1za. <br \/><strong>Irod.:<\/strong> Erd\u00e9lyi ezredek, Id\u0151t\u00e1r 2; P\u00e1lmay, Sepsisz\u00e9ki.<\/br><\/p>\n","protected":false},"excerpt":{"rendered":"<p>Mv., 1868.,\u00a0\u2020?: dr. juris, \u00fcgyv\u00e9d, f\u00f6ldbirtokos. \u2013\u2013 A k\u00f6z\u00e9piskol\u00e1it Nagyenyeden a jogot Kv.-on v\u00e9gezte, \u00fcgyv\u00e9di vizsg\u00e1t tett (1896). T\u00e9nyleges katonai szolg\u00e1latot teljes\u00edtett (1894). \u00dcgyv\u00e9d Mv.-en. A V\u00e1rmegye legnagyobb ad\u00f3fizet\u0151inek (virilist\u00e1k) list\u00e1j\u00e1n szerepelt (1913). R\u00e9szt vett az els\u0151 vh.-ban (1916\u2013) a 22. h. gy. e.-el. Maros-Torda v\u00e1rmegy\u00e9ben a hadifogoly t\u00e1borban mint \u00fcgyeletes tiszt teljes\u00edtett szolg\u00e1latot, sz\u00e1zadosi [&hellip;]<\/p>\n","protected":false},"featured_media":0,"comment_status":"open","ping_status":"closed","template":"","meta":[],"product_brand":[],"product_cat":[137],"product_tag":[],"class_list":{"0":"post-21064","1":"product","2":"type-product","3":"status-publish","5":"product_cat-maros-megyei-eletrajzi-lexikon","7":"first","8":"instock","9":"shipping-taxable","10":"product-type-simple"},"_links":{"self":[{"href":"https:\/\/uj.adatbank.ro\/lexikon\/wp-json\/wp\/v2\/product\/21064","targetHints":{"allow":["GET"]}}],"collection":[{"href":"https:\/\/uj.adatbank.ro\/lexikon\/wp-json\/wp\/v2\/product"}],"about":[{"href":"https:\/\/uj.adatbank.ro\/lexikon\/wp-json\/wp\/v2\/types\/product"}],"replies":[{"embeddable":true,"href":"https:\/\/uj.adatbank.ro\/lexikon\/wp-json\/wp\/v2\/comments?post=21064"}],"wp:attachment":[{"href":"https:\/\/uj.adatbank.ro\/lexikon\/wp-json\/wp\/v2\/media?parent=21064"}],"wp:term":[{"taxonomy":"product_brand","embeddable":true,"href":"https:\/\/uj.adatbank.ro\/lexikon\/wp-json\/wp\/v2\/product_brand?post=21064"},{"taxonomy":"product_cat","embeddable":true,"href":"https:\/\/uj.adatbank.ro\/lexikon\/wp-json\/wp\/v2\/product_cat?post=21064"},{"taxonomy":"product_tag","embeddable":true,"href":"https:\/\/uj.adatbank.ro\/lexikon\/wp-json\/wp\/v2\/product_tag?post=21064"}],"curies":[{"name":"wp","href":"https:\/\/api.w.org\/{rel}","templated":true}]}}