{"id":21065,"date":"2025-07-22T19:11:52","date_gmt":"2025-07-22T17:11:52","guid":{"rendered":"https:\/\/uj.adatbank.ro\/lexikon\/termek\/szabo-antal-baratosi-3\/"},"modified":"2025-07-22T19:11:52","modified_gmt":"2025-07-22T17:11:52","slug":"szabo-antal-baratosi-3","status":"publish","type":"product","link":"https:\/\/uj.adatbank.ro\/lexikon\/termek\/szabo-antal-baratosi-3\/","title":{"rendered":"SZAB\u00d3 Antal, bar\u00e1tosi"},"content":{"rendered":"<p>? 1900, \u2020\u00a0Mv., 1986. j\u00fal. 30.: gazdam\u00e9rn\u00f6k dr. <br \/><strong>Irod.:<\/strong> [Nekrol\u00f3g] (V. Z., 1986. j\u00fal. 31.).<\/br><\/p>\n","protected":false},"excerpt":{"rendered":"<p>? 1900, \u2020\u00a0Mv., 1986. j\u00fal. 30.: gazdam\u00e9rn\u00f6k dr. Irod.: [Nekrol\u00f3g] (V. Z., 1986. j\u00fal. 31.).<\/p>\n","protected":false},"featured_media":0,"comment_status":"open","ping_status":"closed","template":"","meta":[],"product_brand":[],"product_cat":[137],"product_tag":[],"class_list":{"0":"post-21065","1":"product","2":"type-product","3":"status-publish","5":"product_cat-maros-megyei-eletrajzi-lexikon","7":"first","8":"instock","9":"shipping-taxable","10":"product-type-simple"},"_links":{"self":[{"href":"https:\/\/uj.adatbank.ro\/lexikon\/wp-json\/wp\/v2\/product\/21065","targetHints":{"allow":["GET"]}}],"collection":[{"href":"https:\/\/uj.adatbank.ro\/lexikon\/wp-json\/wp\/v2\/product"}],"about":[{"href":"https:\/\/uj.adatbank.ro\/lexikon\/wp-json\/wp\/v2\/types\/product"}],"replies":[{"embeddable":true,"href":"https:\/\/uj.adatbank.ro\/lexikon\/wp-json\/wp\/v2\/comments?post=21065"}],"wp:attachment":[{"href":"https:\/\/uj.adatbank.ro\/lexikon\/wp-json\/wp\/v2\/media?parent=21065"}],"wp:term":[{"taxonomy":"product_brand","embeddable":true,"href":"https:\/\/uj.adatbank.ro\/lexikon\/wp-json\/wp\/v2\/product_brand?post=21065"},{"taxonomy":"product_cat","embeddable":true,"href":"https:\/\/uj.adatbank.ro\/lexikon\/wp-json\/wp\/v2\/product_cat?post=21065"},{"taxonomy":"product_tag","embeddable":true,"href":"https:\/\/uj.adatbank.ro\/lexikon\/wp-json\/wp\/v2\/product_tag?post=21065"}],"curies":[{"name":"wp","href":"https:\/\/api.w.org\/{rel}","templated":true}]}}