{"id":21067,"date":"2025-07-22T19:11:57","date_gmt":"2025-07-22T17:11:57","guid":{"rendered":"https:\/\/uj.adatbank.ro\/lexikon\/termek\/szabo-arpad\/"},"modified":"2025-07-22T19:11:57","modified_gmt":"2025-07-22T17:11:57","slug":"szabo-arpad","status":"publish","type":"product","link":"https:\/\/uj.adatbank.ro\/lexikon\/termek\/szabo-arpad\/","title":{"rendered":"SZAB\u00d3 \u00c1rp\u00e1d"},"content":{"rendered":"<p>1928. jan. 25 \u2020?: orvos, idegseb\u00e9sz. <br \/><strong>Irod.:<\/strong> N\u00fa. (1998. j\u00fan. 12.).<\/br><\/p>\n","protected":false},"excerpt":{"rendered":"<p>1928. jan. 25 \u2020?: orvos, idegseb\u00e9sz. Irod.: N\u00fa. (1998. j\u00fan. 12.).<\/p>\n","protected":false},"featured_media":0,"comment_status":"open","ping_status":"closed","template":"","meta":[],"product_brand":[],"product_cat":[137],"product_tag":[],"class_list":{"0":"post-21067","1":"product","2":"type-product","3":"status-publish","5":"product_cat-maros-megyei-eletrajzi-lexikon","7":"first","8":"instock","9":"shipping-taxable","10":"product-type-simple"},"_links":{"self":[{"href":"https:\/\/uj.adatbank.ro\/lexikon\/wp-json\/wp\/v2\/product\/21067","targetHints":{"allow":["GET"]}}],"collection":[{"href":"https:\/\/uj.adatbank.ro\/lexikon\/wp-json\/wp\/v2\/product"}],"about":[{"href":"https:\/\/uj.adatbank.ro\/lexikon\/wp-json\/wp\/v2\/types\/product"}],"replies":[{"embeddable":true,"href":"https:\/\/uj.adatbank.ro\/lexikon\/wp-json\/wp\/v2\/comments?post=21067"}],"wp:attachment":[{"href":"https:\/\/uj.adatbank.ro\/lexikon\/wp-json\/wp\/v2\/media?parent=21067"}],"wp:term":[{"taxonomy":"product_brand","embeddable":true,"href":"https:\/\/uj.adatbank.ro\/lexikon\/wp-json\/wp\/v2\/product_brand?post=21067"},{"taxonomy":"product_cat","embeddable":true,"href":"https:\/\/uj.adatbank.ro\/lexikon\/wp-json\/wp\/v2\/product_cat?post=21067"},{"taxonomy":"product_tag","embeddable":true,"href":"https:\/\/uj.adatbank.ro\/lexikon\/wp-json\/wp\/v2\/product_tag?post=21067"}],"curies":[{"name":"wp","href":"https:\/\/api.w.org\/{rel}","templated":true}]}}