{"id":21068,"date":"2025-07-22T19:11:59","date_gmt":"2025-07-22T17:11:59","guid":{"rendered":"https:\/\/uj.adatbank.ro\/lexikon\/termek\/szabo-balazs\/"},"modified":"2025-07-22T19:11:59","modified_gmt":"2025-07-22T17:11:59","slug":"szabo-balazs","status":"publish","type":"product","link":"https:\/\/uj.adatbank.ro\/lexikon\/termek\/szabo-balazs\/","title":{"rendered":"SZAB\u00d3 Bal\u00e1zs"},"content":{"rendered":"<p>? \u2020?: f\u0151b\u00edr\u00f3. \u2013 Mv. els\u0151 f\u0151b\u00edr\u00f3ja (1487\u2013), aki mellett \u00f6t esk\u00fcdt polg\u00e1r volt. Gyakorlatilag ez a v\u00e1rosi tan\u00e1cs els\u0151 eml\u00edt\u00e9se. <br \/><strong>Irod.:<\/strong> Fodor\u2013Bal\u00e1s; Id\u0151t\u00e1r 1; N\u00fa. (2006. j\u00fan. 10); P\u00e1l-Antal 2009; Szentgy\u00f6rgyi.<\/br><\/p>\n","protected":false},"excerpt":{"rendered":"<p>? \u2020?: f\u0151b\u00edr\u00f3. \u2013 Mv. els\u0151 f\u0151b\u00edr\u00f3ja (1487\u2013), aki mellett \u00f6t esk\u00fcdt polg\u00e1r volt. Gyakorlatilag ez a v\u00e1rosi tan\u00e1cs els\u0151 eml\u00edt\u00e9se. Irod.: Fodor\u2013Bal\u00e1s; Id\u0151t\u00e1r 1; N\u00fa. (2006. j\u00fan. 10); P\u00e1l-Antal 2009; Szentgy\u00f6rgyi.<\/p>\n","protected":false},"featured_media":0,"comment_status":"open","ping_status":"closed","template":"","meta":[],"product_brand":[],"product_cat":[137],"product_tag":[],"class_list":{"0":"post-21068","1":"product","2":"type-product","3":"status-publish","5":"product_cat-maros-megyei-eletrajzi-lexikon","7":"first","8":"instock","9":"shipping-taxable","10":"product-type-simple"},"_links":{"self":[{"href":"https:\/\/uj.adatbank.ro\/lexikon\/wp-json\/wp\/v2\/product\/21068","targetHints":{"allow":["GET"]}}],"collection":[{"href":"https:\/\/uj.adatbank.ro\/lexikon\/wp-json\/wp\/v2\/product"}],"about":[{"href":"https:\/\/uj.adatbank.ro\/lexikon\/wp-json\/wp\/v2\/types\/product"}],"replies":[{"embeddable":true,"href":"https:\/\/uj.adatbank.ro\/lexikon\/wp-json\/wp\/v2\/comments?post=21068"}],"wp:attachment":[{"href":"https:\/\/uj.adatbank.ro\/lexikon\/wp-json\/wp\/v2\/media?parent=21068"}],"wp:term":[{"taxonomy":"product_brand","embeddable":true,"href":"https:\/\/uj.adatbank.ro\/lexikon\/wp-json\/wp\/v2\/product_brand?post=21068"},{"taxonomy":"product_cat","embeddable":true,"href":"https:\/\/uj.adatbank.ro\/lexikon\/wp-json\/wp\/v2\/product_cat?post=21068"},{"taxonomy":"product_tag","embeddable":true,"href":"https:\/\/uj.adatbank.ro\/lexikon\/wp-json\/wp\/v2\/product_tag?post=21068"}],"curies":[{"name":"wp","href":"https:\/\/api.w.org\/{rel}","templated":true}]}}