{"id":21070,"date":"2025-07-22T19:12:04","date_gmt":"2025-07-22T17:12:04","guid":{"rendered":"https:\/\/uj.adatbank.ro\/lexikon\/termek\/szabo-balint\/"},"modified":"2025-07-22T19:12:04","modified_gmt":"2025-07-22T17:12:04","slug":"szabo-balint","status":"publish","type":"product","link":"https:\/\/uj.adatbank.ro\/lexikon\/termek\/szabo-balint\/","title":{"rendered":"SZAB\u00d3 B\u00e1lint"},"content":{"rendered":"<p>Ny\u00e1r\u00e1dszentimre, 1897., \u2020?: f\u00f6ldm\u0171ves. \u2013 Sz\u00e9kely nemesi csal\u00e1db\u00f3l sz\u00e1rmazott, gazd\u00e1lkod\u00e1ssal foglalkozott saj\u00e1t f\u00f6ldj\u00e9n. A k\u00f6zs\u00e9gi k\u00e9pvisel\u0151test\u00fcletnek tagja volt. Az els\u0151 vh. alatt k\u00e9t \u00e9vig teljes\u00edtett katonai szolg\u00e1latot. <br \/><strong>Irod.:<\/strong> Sz\u00e9kelyf\u00f6ld \u00ed. k.<\/br><\/p>\n","protected":false},"excerpt":{"rendered":"<p>Ny\u00e1r\u00e1dszentimre, 1897., \u2020?: f\u00f6ldm\u0171ves. \u2013 Sz\u00e9kely nemesi csal\u00e1db\u00f3l sz\u00e1rmazott, gazd\u00e1lkod\u00e1ssal foglalkozott saj\u00e1t f\u00f6ldj\u00e9n. A k\u00f6zs\u00e9gi k\u00e9pvisel\u0151test\u00fcletnek tagja volt. Az els\u0151 vh. alatt k\u00e9t \u00e9vig teljes\u00edtett katonai szolg\u00e1latot. Irod.: Sz\u00e9kelyf\u00f6ld \u00ed. k.<\/p>\n","protected":false},"featured_media":0,"comment_status":"open","ping_status":"closed","template":"","meta":[],"product_brand":[],"product_cat":[137],"product_tag":[],"class_list":{"0":"post-21070","1":"product","2":"type-product","3":"status-publish","5":"product_cat-maros-megyei-eletrajzi-lexikon","7":"first","8":"instock","9":"shipping-taxable","10":"product-type-simple"},"_links":{"self":[{"href":"https:\/\/uj.adatbank.ro\/lexikon\/wp-json\/wp\/v2\/product\/21070","targetHints":{"allow":["GET"]}}],"collection":[{"href":"https:\/\/uj.adatbank.ro\/lexikon\/wp-json\/wp\/v2\/product"}],"about":[{"href":"https:\/\/uj.adatbank.ro\/lexikon\/wp-json\/wp\/v2\/types\/product"}],"replies":[{"embeddable":true,"href":"https:\/\/uj.adatbank.ro\/lexikon\/wp-json\/wp\/v2\/comments?post=21070"}],"wp:attachment":[{"href":"https:\/\/uj.adatbank.ro\/lexikon\/wp-json\/wp\/v2\/media?parent=21070"}],"wp:term":[{"taxonomy":"product_brand","embeddable":true,"href":"https:\/\/uj.adatbank.ro\/lexikon\/wp-json\/wp\/v2\/product_brand?post=21070"},{"taxonomy":"product_cat","embeddable":true,"href":"https:\/\/uj.adatbank.ro\/lexikon\/wp-json\/wp\/v2\/product_cat?post=21070"},{"taxonomy":"product_tag","embeddable":true,"href":"https:\/\/uj.adatbank.ro\/lexikon\/wp-json\/wp\/v2\/product_tag?post=21070"}],"curies":[{"name":"wp","href":"https:\/\/api.w.org\/{rel}","templated":true}]}}