{"id":21071,"date":"2025-07-22T19:12:06","date_gmt":"2025-07-22T17:12:06","guid":{"rendered":"https:\/\/uj.adatbank.ro\/lexikon\/termek\/szabo-balint-2\/"},"modified":"2025-07-22T19:12:06","modified_gmt":"2025-07-22T17:12:06","slug":"szabo-balint-2","status":"publish","type":"product","link":"https:\/\/uj.adatbank.ro\/lexikon\/termek\/szabo-balint-2\/","title":{"rendered":"SZAB\u00d3 B\u00e1lint"},"content":{"rendered":"<p>Sz\u00e9kelybetlenfalva, Sz\u00e9kelyhodos, 1912. aug. 5., \u2020\u00a0\u00c1kosfalva, 1986. aug. 28., temetve Sz\u00e9kelyhodoson: r. k. pap. \u2013 Sz\u00e9kelyudvarhelyen \u00e9s Gyulafeh\u00e9rv\u00e1ron tanult \u00e9s papp\u00e1 szentelt\u00e9k (1934. szept. 22.). K\u00e1pl\u00e1n volt Cs\u00edkszentsimonon, Cs\u00edkszered\u00e1ban, Sepsiszentgy\u00f6rgy\u00f6n \u00e9s Brass\u00f3ban. Pl\u00e9b\u00e1nos Bordoson (1938), G\u00f6rg\u00e9nyszentimr\u00e9n (1939). Hittantan\u00e1r Gyergy\u00f3szentmikl\u00f3son \u00e9s K\u00e9zdiv\u00e1s\u00e1rhelyen, valamint r\u00e9gens (1940\u201343). Pl\u00e9b\u00e1nos Mez\u0151szengyelen (1945\u201355) \u00e9s Gyimesk\u00f6z\u00e9plokon. B\u00f6rt\u00f6nben volt (1958). Pl\u00e9b\u00e1nosk\u00e9nt szolg\u00e1lt m\u00e9g Feny\u00e9den, Farkaslak\u00e1n, Gyergy\u00f3\u00fajfaluban, K\u00e9zdis\u00e1rfalv\u00e1n. <br \/><strong>Irod.:<\/strong> 150 \u00e9ves a Gyimesk\u00f6z\u00e9ploki r.k. templom (2005); Ferenczi S\u00e1ndor 2009.<\/br><\/p>\n","protected":false},"excerpt":{"rendered":"<p>Sz\u00e9kelybetlenfalva, Sz\u00e9kelyhodos, 1912. aug. 5., \u2020\u00a0\u00c1kosfalva, 1986. aug. 28., temetve Sz\u00e9kelyhodoson: r. k. pap. \u2013 Sz\u00e9kelyudvarhelyen \u00e9s Gyulafeh\u00e9rv\u00e1ron tanult \u00e9s papp\u00e1 szentelt\u00e9k (1934. szept. 22.). K\u00e1pl\u00e1n volt Cs\u00edkszentsimonon, Cs\u00edkszered\u00e1ban, Sepsiszentgy\u00f6rgy\u00f6n \u00e9s Brass\u00f3ban. Pl\u00e9b\u00e1nos Bordoson (1938), G\u00f6rg\u00e9nyszentimr\u00e9n (1939). Hittantan\u00e1r Gyergy\u00f3szentmikl\u00f3son \u00e9s K\u00e9zdiv\u00e1s\u00e1rhelyen, valamint r\u00e9gens (1940\u201343). Pl\u00e9b\u00e1nos Mez\u0151szengyelen (1945\u201355) \u00e9s Gyimesk\u00f6z\u00e9plokon. B\u00f6rt\u00f6nben volt (1958). Pl\u00e9b\u00e1nosk\u00e9nt szolg\u00e1lt m\u00e9g [&hellip;]<\/p>\n","protected":false},"featured_media":0,"comment_status":"open","ping_status":"closed","template":"","meta":[],"product_brand":[],"product_cat":[137],"product_tag":[],"class_list":{"0":"post-21071","1":"product","2":"type-product","3":"status-publish","5":"product_cat-maros-megyei-eletrajzi-lexikon","7":"first","8":"instock","9":"shipping-taxable","10":"product-type-simple"},"_links":{"self":[{"href":"https:\/\/uj.adatbank.ro\/lexikon\/wp-json\/wp\/v2\/product\/21071","targetHints":{"allow":["GET"]}}],"collection":[{"href":"https:\/\/uj.adatbank.ro\/lexikon\/wp-json\/wp\/v2\/product"}],"about":[{"href":"https:\/\/uj.adatbank.ro\/lexikon\/wp-json\/wp\/v2\/types\/product"}],"replies":[{"embeddable":true,"href":"https:\/\/uj.adatbank.ro\/lexikon\/wp-json\/wp\/v2\/comments?post=21071"}],"wp:attachment":[{"href":"https:\/\/uj.adatbank.ro\/lexikon\/wp-json\/wp\/v2\/media?parent=21071"}],"wp:term":[{"taxonomy":"product_brand","embeddable":true,"href":"https:\/\/uj.adatbank.ro\/lexikon\/wp-json\/wp\/v2\/product_brand?post=21071"},{"taxonomy":"product_cat","embeddable":true,"href":"https:\/\/uj.adatbank.ro\/lexikon\/wp-json\/wp\/v2\/product_cat?post=21071"},{"taxonomy":"product_tag","embeddable":true,"href":"https:\/\/uj.adatbank.ro\/lexikon\/wp-json\/wp\/v2\/product_tag?post=21071"}],"curies":[{"name":"wp","href":"https:\/\/api.w.org\/{rel}","templated":true}]}}