{"id":21074,"date":"2025-07-22T19:12:12","date_gmt":"2025-07-22T17:12:12","guid":{"rendered":"https:\/\/uj.adatbank.ro\/lexikon\/termek\/szabo-bela\/"},"modified":"2025-07-22T19:12:12","modified_gmt":"2025-07-22T17:12:12","slug":"szabo-bela","status":"publish","type":"product","link":"https:\/\/uj.adatbank.ro\/lexikon\/termek\/szabo-bela\/","title":{"rendered":"SZAB\u00d3 B\u00e9la"},"content":{"rendered":"<p>Mv., 1875., \u2020?: tan\u00e1r, isk. igazgat\u00f3. \u2013 Tanulm\u00e1nyait Aradon \u00e9s Bp.-en v\u00e9gezte \u00e9s mint polg. isk. tan\u00e1r \u00dajszenttam\u00e1son kezdte m\u0171k\u00f6d\u00e9s\u00e9t, iskolaigazgat\u00f3 is volt, azut\u00e1n Soroks\u00e1rra ker\u00fclt (1918\u2013), ahol nyugalomba vonul\u00e1s\u00e1ig tan\u00edtott (1932). A Hargitav\u00e1ralja jelk\u00e9pes sz\u00e9kely k\u00f6zs\u00e9g tagja. <br \/><strong>Irod.:<\/strong> Sz\u00e9kelyf\u00f6ld \u00ed. k.<\/br><\/p>\n","protected":false},"excerpt":{"rendered":"<p>Mv., 1875., \u2020?: tan\u00e1r, isk. igazgat\u00f3. \u2013 Tanulm\u00e1nyait Aradon \u00e9s Bp.-en v\u00e9gezte \u00e9s mint polg. isk. tan\u00e1r \u00dajszenttam\u00e1son kezdte m\u0171k\u00f6d\u00e9s\u00e9t, iskolaigazgat\u00f3 is volt, azut\u00e1n Soroks\u00e1rra ker\u00fclt (1918\u2013), ahol nyugalomba vonul\u00e1s\u00e1ig tan\u00edtott (1932). A Hargitav\u00e1ralja jelk\u00e9pes sz\u00e9kely k\u00f6zs\u00e9g tagja. Irod.: Sz\u00e9kelyf\u00f6ld \u00ed. k.<\/p>\n","protected":false},"featured_media":0,"comment_status":"open","ping_status":"closed","template":"","meta":[],"product_brand":[],"product_cat":[137],"product_tag":[],"class_list":{"0":"post-21074","1":"product","2":"type-product","3":"status-publish","5":"product_cat-maros-megyei-eletrajzi-lexikon","7":"first","8":"instock","9":"shipping-taxable","10":"product-type-simple"},"_links":{"self":[{"href":"https:\/\/uj.adatbank.ro\/lexikon\/wp-json\/wp\/v2\/product\/21074","targetHints":{"allow":["GET"]}}],"collection":[{"href":"https:\/\/uj.adatbank.ro\/lexikon\/wp-json\/wp\/v2\/product"}],"about":[{"href":"https:\/\/uj.adatbank.ro\/lexikon\/wp-json\/wp\/v2\/types\/product"}],"replies":[{"embeddable":true,"href":"https:\/\/uj.adatbank.ro\/lexikon\/wp-json\/wp\/v2\/comments?post=21074"}],"wp:attachment":[{"href":"https:\/\/uj.adatbank.ro\/lexikon\/wp-json\/wp\/v2\/media?parent=21074"}],"wp:term":[{"taxonomy":"product_brand","embeddable":true,"href":"https:\/\/uj.adatbank.ro\/lexikon\/wp-json\/wp\/v2\/product_brand?post=21074"},{"taxonomy":"product_cat","embeddable":true,"href":"https:\/\/uj.adatbank.ro\/lexikon\/wp-json\/wp\/v2\/product_cat?post=21074"},{"taxonomy":"product_tag","embeddable":true,"href":"https:\/\/uj.adatbank.ro\/lexikon\/wp-json\/wp\/v2\/product_tag?post=21074"}],"curies":[{"name":"wp","href":"https:\/\/api.w.org\/{rel}","templated":true}]}}