{"id":21076,"date":"2025-07-22T19:12:16","date_gmt":"2025-07-22T17:12:16","guid":{"rendered":"https:\/\/uj.adatbank.ro\/lexikon\/termek\/szabo-bela-3\/"},"modified":"2025-07-22T19:12:16","modified_gmt":"2025-07-22T17:12:16","slug":"szabo-bela-3","status":"publish","type":"product","link":"https:\/\/uj.adatbank.ro\/lexikon\/termek\/szabo-bela-3\/","title":{"rendered":"SZAB\u00d3 B\u00e9la"},"content":{"rendered":"<p>? 1907., \u2020?: keresked\u0151 Mv.-en. \u2013 Iskol\u00e1i elv\u00e9gz\u00e9se ut\u00e1n apja mellett tanulta a keresked\u0151i szakm\u00e1t. \u00dczlete volt Mv.-en. Minden kultur\u00e1lis \u00e9s szoci\u00e1lis egyes\u00fclet t\u00e1mogat\u00f3ja. <br \/><strong>Irod.:<\/strong> Sz\u00e9kelyf\u00f6ld \u00ed. k.<\/br><\/p>\n","protected":false},"excerpt":{"rendered":"<p>? 1907., \u2020?: keresked\u0151 Mv.-en. \u2013 Iskol\u00e1i elv\u00e9gz\u00e9se ut\u00e1n apja mellett tanulta a keresked\u0151i szakm\u00e1t. \u00dczlete volt Mv.-en. Minden kultur\u00e1lis \u00e9s szoci\u00e1lis egyes\u00fclet t\u00e1mogat\u00f3ja. Irod.: Sz\u00e9kelyf\u00f6ld \u00ed. k.<\/p>\n","protected":false},"featured_media":0,"comment_status":"open","ping_status":"closed","template":"","meta":[],"product_brand":[],"product_cat":[137],"product_tag":[],"class_list":{"0":"post-21076","1":"product","2":"type-product","3":"status-publish","5":"product_cat-maros-megyei-eletrajzi-lexikon","7":"first","8":"instock","9":"shipping-taxable","10":"product-type-simple"},"_links":{"self":[{"href":"https:\/\/uj.adatbank.ro\/lexikon\/wp-json\/wp\/v2\/product\/21076","targetHints":{"allow":["GET"]}}],"collection":[{"href":"https:\/\/uj.adatbank.ro\/lexikon\/wp-json\/wp\/v2\/product"}],"about":[{"href":"https:\/\/uj.adatbank.ro\/lexikon\/wp-json\/wp\/v2\/types\/product"}],"replies":[{"embeddable":true,"href":"https:\/\/uj.adatbank.ro\/lexikon\/wp-json\/wp\/v2\/comments?post=21076"}],"wp:attachment":[{"href":"https:\/\/uj.adatbank.ro\/lexikon\/wp-json\/wp\/v2\/media?parent=21076"}],"wp:term":[{"taxonomy":"product_brand","embeddable":true,"href":"https:\/\/uj.adatbank.ro\/lexikon\/wp-json\/wp\/v2\/product_brand?post=21076"},{"taxonomy":"product_cat","embeddable":true,"href":"https:\/\/uj.adatbank.ro\/lexikon\/wp-json\/wp\/v2\/product_cat?post=21076"},{"taxonomy":"product_tag","embeddable":true,"href":"https:\/\/uj.adatbank.ro\/lexikon\/wp-json\/wp\/v2\/product_tag?post=21076"}],"curies":[{"name":"wp","href":"https:\/\/api.w.org\/{rel}","templated":true}]}}