{"id":21078,"date":"2025-07-22T19:12:19","date_gmt":"2025-07-22T17:12:19","guid":{"rendered":"https:\/\/uj.adatbank.ro\/lexikon\/termek\/szabo-bela-5\/"},"modified":"2025-07-22T19:12:19","modified_gmt":"2025-07-22T17:12:19","slug":"szabo-bela-5","status":"publish","type":"product","link":"https:\/\/uj.adatbank.ro\/lexikon\/termek\/szabo-bela-5\/","title":{"rendered":"SZAB\u00d3 B\u00e9la"},"content":{"rendered":"<p>Szov\u00e1ta, 1923., \u2020\u00a0Szov\u00e1ta, 1979. szept. 19.: ref. lek\u00e9sz. \u2013 Feles\u00e9ge: M\u00e1th\u00e9 Gizella (1925-Szov\u00e1ta, 2003. m\u00e1rc. 21.), tan\u00edt\u00f3n\u0151. \u2013 H\u00e1rmasfalusi lelkip\u00e1sztor, majd a szov\u00e1tai ref. lelk\u00e9sznek v\u00e1lasztott\u00e1k meg (1962. jan. 21.). Esperes. <br \/><strong>Irod.:<\/strong> Szab\u00f3 Magdolna Matild: Napl\u00f3: 1943\u20131946 (Cs\u00edkszereda, 2011)<\/br><\/p>\n","protected":false},"excerpt":{"rendered":"<p>Szov\u00e1ta, 1923., \u2020\u00a0Szov\u00e1ta, 1979. szept. 19.: ref. lek\u00e9sz. \u2013 Feles\u00e9ge: M\u00e1th\u00e9 Gizella (1925-Szov\u00e1ta, 2003. m\u00e1rc. 21.), tan\u00edt\u00f3n\u0151. \u2013 H\u00e1rmasfalusi lelkip\u00e1sztor, majd a szov\u00e1tai ref. lelk\u00e9sznek v\u00e1lasztott\u00e1k meg (1962. jan. 21.). Esperes. Irod.: Szab\u00f3 Magdolna Matild: Napl\u00f3: 1943\u20131946 (Cs\u00edkszereda, 2011)<\/p>\n","protected":false},"featured_media":0,"comment_status":"open","ping_status":"closed","template":"","meta":[],"product_brand":[],"product_cat":[137],"product_tag":[],"class_list":{"0":"post-21078","1":"product","2":"type-product","3":"status-publish","5":"product_cat-maros-megyei-eletrajzi-lexikon","7":"first","8":"instock","9":"shipping-taxable","10":"product-type-simple"},"_links":{"self":[{"href":"https:\/\/uj.adatbank.ro\/lexikon\/wp-json\/wp\/v2\/product\/21078","targetHints":{"allow":["GET"]}}],"collection":[{"href":"https:\/\/uj.adatbank.ro\/lexikon\/wp-json\/wp\/v2\/product"}],"about":[{"href":"https:\/\/uj.adatbank.ro\/lexikon\/wp-json\/wp\/v2\/types\/product"}],"replies":[{"embeddable":true,"href":"https:\/\/uj.adatbank.ro\/lexikon\/wp-json\/wp\/v2\/comments?post=21078"}],"wp:attachment":[{"href":"https:\/\/uj.adatbank.ro\/lexikon\/wp-json\/wp\/v2\/media?parent=21078"}],"wp:term":[{"taxonomy":"product_brand","embeddable":true,"href":"https:\/\/uj.adatbank.ro\/lexikon\/wp-json\/wp\/v2\/product_brand?post=21078"},{"taxonomy":"product_cat","embeddable":true,"href":"https:\/\/uj.adatbank.ro\/lexikon\/wp-json\/wp\/v2\/product_cat?post=21078"},{"taxonomy":"product_tag","embeddable":true,"href":"https:\/\/uj.adatbank.ro\/lexikon\/wp-json\/wp\/v2\/product_tag?post=21078"}],"curies":[{"name":"wp","href":"https:\/\/api.w.org\/{rel}","templated":true}]}}