{"id":21081,"date":"2025-07-22T19:12:25","date_gmt":"2025-07-22T17:12:25","guid":{"rendered":"https:\/\/uj.adatbank.ro\/lexikon\/termek\/szabo-beres-janos-dicsoszentmartoni\/"},"modified":"2025-07-22T19:12:25","modified_gmt":"2025-07-22T17:12:25","slug":"szabo-beres-janos-dicsoszentmartoni","status":"publish","type":"product","link":"https:\/\/uj.adatbank.ro\/lexikon\/termek\/szabo-beres-janos-dicsoszentmartoni\/","title":{"rendered":"SZAB\u00d3 B\u00c9RES J\u00e1nos; dics\u0151szentm\u00e1rtoni"},"content":{"rendered":"<p>? \u2020?: nemess\u00e9get kapott (1591 febr. 19.) B\u00e1thori Zsigmondt\u00f3l. <br \/><strong>Irod.:<\/strong> \u00c1ld\u00e1si Antal: A Magyar Nemzeti M\u00fazeum K\u00f6nyvt\u00e1r\u00e1nak cz\u00edmjegyz\u00e9ke 2. Cz\u00edmereslevelek (Bp., 1904\u201341).<\/br><\/p>\n","protected":false},"excerpt":{"rendered":"<p>? \u2020?: nemess\u00e9get kapott (1591 febr. 19.) B\u00e1thori Zsigmondt\u00f3l. Irod.: \u00c1ld\u00e1si Antal: A Magyar Nemzeti M\u00fazeum K\u00f6nyvt\u00e1r\u00e1nak cz\u00edmjegyz\u00e9ke 2. Cz\u00edmereslevelek (Bp., 1904\u201341).<\/p>\n","protected":false},"featured_media":0,"comment_status":"open","ping_status":"closed","template":"","meta":[],"product_brand":[],"product_cat":[137],"product_tag":[],"class_list":{"0":"post-21081","1":"product","2":"type-product","3":"status-publish","5":"product_cat-maros-megyei-eletrajzi-lexikon","7":"first","8":"instock","9":"shipping-taxable","10":"product-type-simple"},"_links":{"self":[{"href":"https:\/\/uj.adatbank.ro\/lexikon\/wp-json\/wp\/v2\/product\/21081","targetHints":{"allow":["GET"]}}],"collection":[{"href":"https:\/\/uj.adatbank.ro\/lexikon\/wp-json\/wp\/v2\/product"}],"about":[{"href":"https:\/\/uj.adatbank.ro\/lexikon\/wp-json\/wp\/v2\/types\/product"}],"replies":[{"embeddable":true,"href":"https:\/\/uj.adatbank.ro\/lexikon\/wp-json\/wp\/v2\/comments?post=21081"}],"wp:attachment":[{"href":"https:\/\/uj.adatbank.ro\/lexikon\/wp-json\/wp\/v2\/media?parent=21081"}],"wp:term":[{"taxonomy":"product_brand","embeddable":true,"href":"https:\/\/uj.adatbank.ro\/lexikon\/wp-json\/wp\/v2\/product_brand?post=21081"},{"taxonomy":"product_cat","embeddable":true,"href":"https:\/\/uj.adatbank.ro\/lexikon\/wp-json\/wp\/v2\/product_cat?post=21081"},{"taxonomy":"product_tag","embeddable":true,"href":"https:\/\/uj.adatbank.ro\/lexikon\/wp-json\/wp\/v2\/product_tag?post=21081"}],"curies":[{"name":"wp","href":"https:\/\/api.w.org\/{rel}","templated":true}]}}