{"id":21083,"date":"2025-07-22T19:12:28","date_gmt":"2025-07-22T17:12:28","guid":{"rendered":"https:\/\/uj.adatbank.ro\/lexikon\/termek\/szabo-bodis-erzsebet\/"},"modified":"2025-07-22T19:12:28","modified_gmt":"2025-07-22T17:12:28","slug":"szabo-bodis-erzsebet","status":"publish","type":"product","link":"https:\/\/uj.adatbank.ro\/lexikon\/termek\/szabo-bodis-erzsebet\/","title":{"rendered":"SZAB\u00d3 B\u00d3DIS Erzs\u00e9bet"},"content":{"rendered":"<p>Zsobok, 1923. m\u00e1j. 12. \u2020?: textilm\u0171v\u00e9sz. \u2013 A kv.-i K\u00e9pz\u0151m\u0171v\u00e9szeti F\u0151iskol\u00e1n v\u00e9gzett. Mv.-en \u00e9lt (1986\u2013).A K\u00e9pz\u0151m\u0171v\u00e9szek Sz\u00f6vets\u00e9g\u00e9nek tagja. <br \/><strong>Irod.:<\/strong> Banner; Kiss P\u00e1l; Moln\u00e1r; N\u00fa. (2006. \u00e1pr. 29).<\/br><\/p>\n","protected":false},"excerpt":{"rendered":"<p>Zsobok, 1923. m\u00e1j. 12. \u2020?: textilm\u0171v\u00e9sz. \u2013 A kv.-i K\u00e9pz\u0151m\u0171v\u00e9szeti F\u0151iskol\u00e1n v\u00e9gzett. Mv.-en \u00e9lt (1986\u2013).A K\u00e9pz\u0151m\u0171v\u00e9szek Sz\u00f6vets\u00e9g\u00e9nek tagja. Irod.: Banner; Kiss P\u00e1l; Moln\u00e1r; N\u00fa. (2006. \u00e1pr. 29).<\/p>\n","protected":false},"featured_media":0,"comment_status":"open","ping_status":"closed","template":"","meta":[],"product_brand":[],"product_cat":[137],"product_tag":[],"class_list":{"0":"post-21083","1":"product","2":"type-product","3":"status-publish","5":"product_cat-maros-megyei-eletrajzi-lexikon","7":"first","8":"instock","9":"shipping-taxable","10":"product-type-simple"},"_links":{"self":[{"href":"https:\/\/uj.adatbank.ro\/lexikon\/wp-json\/wp\/v2\/product\/21083","targetHints":{"allow":["GET"]}}],"collection":[{"href":"https:\/\/uj.adatbank.ro\/lexikon\/wp-json\/wp\/v2\/product"}],"about":[{"href":"https:\/\/uj.adatbank.ro\/lexikon\/wp-json\/wp\/v2\/types\/product"}],"replies":[{"embeddable":true,"href":"https:\/\/uj.adatbank.ro\/lexikon\/wp-json\/wp\/v2\/comments?post=21083"}],"wp:attachment":[{"href":"https:\/\/uj.adatbank.ro\/lexikon\/wp-json\/wp\/v2\/media?parent=21083"}],"wp:term":[{"taxonomy":"product_brand","embeddable":true,"href":"https:\/\/uj.adatbank.ro\/lexikon\/wp-json\/wp\/v2\/product_brand?post=21083"},{"taxonomy":"product_cat","embeddable":true,"href":"https:\/\/uj.adatbank.ro\/lexikon\/wp-json\/wp\/v2\/product_cat?post=21083"},{"taxonomy":"product_tag","embeddable":true,"href":"https:\/\/uj.adatbank.ro\/lexikon\/wp-json\/wp\/v2\/product_tag?post=21083"}],"curies":[{"name":"wp","href":"https:\/\/api.w.org\/{rel}","templated":true}]}}