{"id":21084,"date":"2025-07-22T19:12:31","date_gmt":"2025-07-22T17:12:31","guid":{"rendered":"https:\/\/uj.adatbank.ro\/lexikon\/termek\/szabo-csaba-%c2%a7\/"},"modified":"2025-07-22T19:12:31","modified_gmt":"2025-07-22T17:12:31","slug":"szabo-csaba-%c2%a7","status":"publish","type":"product","link":"https:\/\/uj.adatbank.ro\/lexikon\/termek\/szabo-csaba-%c2%a7\/","title":{"rendered":"SZAB\u00d3 Csaba, \u00a7"},"content":{"rendered":"<p>\u00c1kosfalva, 1936. \u00e1pr. 19., \u2020 Szombathely, 2003. m\u00e1j. 23, Bp-en a Farkasr\u00e9ti temet\u0151ben nyugszik.: zeneszerz\u0151, karmester, zenetud\u00f3s, egyetemi tan\u00e1r. \u2013 A mv.-i Zenei L\u00edc.-ban \u00e9retts\u00e9gizett (1953); \u00f6sszhangzat- \u00e9s ellenponttant el\u0151sz\u00f6r Tr\u00f3zner J\u00f3zseft\u0151l tanult, majd Kv.-on a Gheorghe Dima Konzervat\u00f3riumban zeneszerz\u00e9s szakon Jod\u00e1l G\u00e1bor \u00e9s Jagamas J\u00e1nos ir\u00e1ny\u00edt\u00e1s\u00e1val szerzett oklevelet (1953\u201359). A Sz\u00e9kely N\u00e9pi Egy\u00fcttes karmestere (1959\u201367), zeneszerz\u0151k\u00e9nt k\u00f6zrem\u0171k\u00f6d\u00f6tt az egy\u00fcttes reperto\u00e1rj\u00e1nak kialak\u00edt\u00e1s\u00e1ban. A Szentgy\u00f6rgyi Istv\u00e1n Szinm\u0171v\u00e9szeti F\u0151iskol\u00e1n tan\u00e1rseg\u00e9d, adjunktus, zeneelm\u00e9letet, zenet\u00f6rt\u00e9netet, a \u201eM. besz\u00e9d ritmusa \u00e9s hanglejt\u00e9se\u201d c\u00edm\u0171 tant\u00e1rgyat tan\u00edtotta (1963\u201387). Szombathelyen a Berzsenyi D\u00e1niel Tan\u00e1rk\u00e9pz\u0151 F\u0151iskola tansz\u00e9kvezet\u0151 egyetemi el\u0151ad\u00f3tan\u00e1ra hal\u00e1l\u00e1ig (1988\u20132003). Sokoldal\u00fa munk\u00e1ss\u00e1got folytatott egyar\u00e1nt volt zeneszerz\u0151, zenetud\u00f3s, n\u00e9pzenekutat\u00f3, tan\u00e1r. Kutat\u00e1si ter\u00fclete: n\u00e9pzene, zenepedag\u00f3gia, zenet\u00f6rt\u00e9net, zenei proz\u00f3dia. Szerzem\u00e9nyei: dalok, kamarazene, n\u00e9pdal feldolgoz\u00e1sok, k\u00f3r\u00fasok, sz\u00ednpadi zen\u00e9k b\u00e1bsz\u00ednh\u00e1zak sz\u00e1m\u00e1ra is, vok\u00e1l-szimf\u00f3nikus m\u0171vek, zongoradarabok, szimf\u00f3ni\u00e1k, madrig\u00e1lok, mis\u00e9k, megzen\u00e9s\u00edtett versek T\u00f3th Istv\u00e1n, Illy\u00e9s Gyula, Dsida Jen\u0151 verseire. Az \u00e9vente rendezett Mv.-i Zenei Napok hangversenyein mutatt\u00e1k be m\u0171veit. Irt dalos-t\u00e1ncos j\u00e1t\u00e9kokat a Sz\u00e9kely N\u00e9pi Egy\u00fcttes sz\u00e1m\u00e1ra: Bokr\u00e9ta (1962), T\u00f6r\u00f6kb\u00fazah\u00e1nt\u00e1s (1964), Kis \u00e9p\u00edt\u0151k: Gyermekopera (1965); sz\u00ednpadi zen\u00e9t \u00edrt: Moln\u00e1r Ferenc: Liliom (1965), Bajor Andor par\u00f3di\u00e1k (1965), Arany J\u00e1nos: Toldi (1966), Tam\u00e1si \u00c1ron: \u00c9nekes mad\u00e1r (1967), S\u00fct\u0151 Andr\u00e1s: Csodatarisznya (1968) Katona J\u00f3zsef: B\u00e1nk B\u00e1n (1970), V\u00f6r\u00f6smarty Mih\u00e1ly: Csongor \u00e9s T\u00fcnde (1972) darabjaihoz. Az erd\u00e9lyi k\u00f3rusmozgalom \u00fajj\u00e1sz\u00fclet\u00e9s\u00e9nek lelkes t\u00e1mogat\u00f3ja. N\u00e9pdalgy\u0171jt\u00e9sei a kev\u00e9sb\u00e9 ismert Kisk\u00fck\u00fcll\u0151 menti k\u00f6rzetre estek. K\u00f6zrem\u0171k\u00f6d\u00f6tt a k\u00f3rustal\u00e1lkoz\u00f3k, szakmai tanfolyamok szervez\u00e9s\u00e9ben (Ny\u00e1r\u00e1dmenti, K\u00fck\u00fcll\u0151menti K\u00f3rustal\u00e1lkoz\u00f3k). A M\u0171vel\u0151d\u00e9s zenei rovat\u00e1nak (1969\u201375), a Zenetudom\u00e1nyi \u00cdr\u00e1sok (1977\u2013) szerkeszt\u0151je. K\u00f6z\u00edr\u00f3k\u00e9nt zenekritik\u00e1it, recenzi\u00f3it, n\u00e9pszer\u0171s\u00edt\u0151 zenetudom\u00e1nyi cikkeit, tanulm\u00e1nyait k\u00f6z\u00f6lte a M\u0171vel\u0151d\u00e9s, Korunk, A H\u00e9t, El\u0151re, V.Z., Igaz Sz\u00f3, a Szombathelyi Berzsenyi D\u00e1niel Tan\u00e1rk\u00e9pz\u0151 F\u0151iskola Tudom\u00e1nyos K\u00f6zlem\u00e9nyei. El\u0151ad\u00e1sokat tartott Rom\u00e1ni\u00e1ban, Magyaro.-on, USA-ban, Franciao.-ban. A Rom\u00e1niai Zeneszerz\u0151k \u00e9s Muzikol\u00f3gusok Sz\u00f6v. tagja (1961\u201386), Rom\u00e1niai Zeneszerz\u0151k \u00e9s Zenetud\u00f3sok Sz\u00f6vets\u00e9g\u00e9nek mv.-i tagozat\u00e1nak vezet\u0151je (1979\u201386), a M. Zeneszerz\u0151k Egyes\u00fclete, a M. Kod\u00e1ly T\u00e1rsas\u00e1g, a B\u00e1rdos T\u00e1rsas\u00e1g tagja. A Sepr\u0151di J\u00e1nos Nemzetk\u00f6zi K\u00f3russz\u00f6vets\u00e9g tb. tagja. A Rom\u00e1niai Zeneszerz\u0151k \u00e9s Muzikol\u00f3gusok Sz\u00f6vets\u00e9ge d\u00edj\u00e1t nyerte el az \u00d6t Dal Dsida Jen\u0151 verseire, szopr\u00e1n hangra \u00e9s zenekarra c. darabj\u00e1val (1978); Erd\u00e9lyi M. Harm\u00f3ni\u00e1s \u00c9nekl\u00e9s a XVIII. sz\u00e1zadb\u00f3l c. tudom\u00e1nyos munk\u00e1j\u00e1val ki\u00e9rdemelte a M. M\u0171v\u00e9szeti Akad\u00e9mia Milleneumi Alkot\u00f3m\u0171v\u00e9szeti P\u00e1ly\u00e1zat\u00e1n az Aranyd\u00edjat (1999). Eml\u00e9k\u00e9re \u00e9s az \u00e9letm\u0171 \u00e1pol\u00e1s\u00e1ra megalakult a \u201eSz. Cs. Nemzetk\u00f6zi T\u00e1rsas\u00e1g\u201d K\u00f6zhaszn\u00fa Egyes\u00fclet (2004. dec. 7.). Sz\u00fcl\u0151faluj\u00e1ban hal\u00e1l\u00e1nak \u00f6t\u00f6dik \u00e9s sz\u00fclet\u00e9s\u00e9nek 72. \u00e9vfordul\u00f3j\u00e1n kopjaf\u00e1t avattak (2008). Nev\u00e9t viseli a Mv.-i M\u0171v\u00e9szeti Egyetem zenem\u0171v\u00e9szeti kar\u00e1nak egy terme a P\u00e1lffy-h\u00e1zban (2010. m\u00e1j. 12.). \u2013 F. zenem\u0171vei: F\u00fav\u00f3s szeren\u00e1d (fuvola, oboa, klarin\u00e9t, k\u00fcrt, fagott) (1956); Kis szvit zongor\u00e1ra (1956); K\u00e9t dal r\u00e9gi k\u00ednai versekre mezzoszopr\u00e1n, fortepiano (1956); A Nap innepe (Csokonai Vit\u00e9z Mih\u00e1ly vers\u00e9re) (1956); A szeret\u0151 \u00f3hajt\u00e1sa (V\u00f6r\u00f6smarty Mih\u00e1ly vers\u00e9re) (1956); Tart\u00f3zkod\u00f3 k\u00e9relem (Csokonai Vit\u00e9z Mih\u00e1ly vers\u00e9re) (1957); H\u00e1rom cs\u00e1ng\u00f3 n\u00e9pdal szopr\u00e1n, tenorsz\u00f3l\u00f3ra \u00e9s n\u00e9pi zenekarra (1957); Aranysz\u0151r\u0171 b\u00e1r\u00e1ny egyfelvon\u00e1sos balett (1958); Ifj\u00fas\u00e1gi von\u00f3sn\u00e9gyes (1958); K\u00e9t cs\u00e1ng\u00f3 n\u00e9pdal n\u0151i karra (1958); Homage to B. and B. sz\u00f3l\u00f3 fuvol\u00e1ra (1959); Cantata Bistri\u0163ei: \u00e1llamvizsga dolgozat, Hajd\u00fa Zolt\u00e1n verse, Zeno Ghi\u0163ulescu ford. (1959); Mad\u00e1rdal mezzoszopr\u00e1nra, zongor\u00e1ra (1960); Matr\u00f3zdal baritonra, zongor\u00e1ra (1960); Pillang\u00f3 dalos, t\u00e1ncos j\u00e1t\u00e9k k\u00f3rusra, zenekarra (1960); N\u00e9gy miniat\u0171r zongor\u00e1ra (1961); Rondo concertante heged\u0171re \u00e9s zenekarra (1963); Bokr\u00e9ta dalos, t\u00e1ncos j\u00e1t\u00e9k n\u00e9gy k\u00e9pben (1963); Cvartetul tinere\u0163ii. Pentru vioar\u0103 I, vioar\u0103 II, viol\u0103, violoncel. Stime \u015fi partitur\u0103. Buc., 1964), T\u00f6r\u00f6kb\u00fazah\u00e1nt\u00e1s (1964); Sonata con ritmo di ballo fuvol\u00e1ra \u00e9s zongor\u00e1ra (1965); Kis \u00e9p\u00edt\u0151k: Gyermekopera 1 felv. Elekes Ferenc sz\u00f6veg\u00e9re (1965). A bety\u00e1r ballad\u00e1ja: Balett (1966), Fagott-zongora szon\u00e1ta (1966); Naenia zenekarra, magnetofonra (1966); \u00d6t madrig\u00e1l k\u00f6z\u00e9pkori erd\u00e9lyi latin k\u00f6lt\u0151k verseire (1967); Egyszer\u0171 \u00e9nekek: \u00d6t madrig\u00e1l k\u00f6z\u00e9pkori erd\u00e9lyi latin k\u00f6lt\u0151k verseire (Mv., 1968, 1970); Cs\u00e1ng\u00f3 dalok a tat\u00e1r fogs\u00e1gb\u00f3l, f\u00e9rfikarra \u00e9s zenekarra (1968); \u00d6t dal Dzsida Jen\u0151 verseire szopr\u00e1nhangra \u00e9s zenekarra (1969); A Tavaszhoz, Pet\u0151fi S\u00e1ndor vers\u00e9re, h\u00e1romsz\u00f3lam\u00fa vegyes kar (1969); Cs\u00e1rd\u00e1s, P\u00e1l Lajos vers\u00e9re, \u00e9nekhangra \u00e9s zongor\u00e1ra (1970); Harangok, Farkas \u00c1rp\u00e1d vers\u00e9re, \u00e9nekhangra \u00e9s zongor\u00e1ra (1970); H\u00e1rom m. n\u00e9pdal szopr\u00e1n hangra \u00e9s zenekarra (1971); Kir\u00e1lyfalvi sz\u0151l\u0151hegyen, dalos, t\u00e1ncos sz\u00fcreti j\u00e1t\u00e9k (1971); \u00d6t k\u00e9tsz\u00f3lam\u00fa gyermekkar (1971\u20131972); \u00c9nekek \u00e9neke (Salamon kir\u00e1ly vers\u00e9re, Babits Mih\u00e1ly ford\u00edt\u00e1sa) f\u00e9rfikarra (1972); K\u00f6zmond\u00e1sok (1972); N\u00e9gy k\u00f3rusm\u0171 Illy\u00e9s Gyula verseire (1972); Parlando giusto e corale zongor\u00e1n (1973); C\u00eentece senine = Egyszer\u0171 \u00e9nekek (Buc., 1974); Mikor Cs\u00edkb\u00f3l kiindultam.: Prepar\u00e1lt zongor\u00e1ra (1974); Passacaglia K\u00e1joni J\u00e1nos Sz\u00e9kely Mis\u00e9j\u00e9nek kyrie eleison dallam\u00e1ra von\u00f3szenekarra (1975); Szon\u00e1ta r\u00e9zf\u00fav\u00f3s\u00f6t\u00f6sre \u00e9s magnetofonra (1975); Ny\u00e1r\u00e1dmenti forgat\u00f3s (1975); \u00dcvegszil\u00e1nkok k\u00f6z\u00f6tt: Zenekari vari\u00e1ci\u00f3k (1976); Sirat\u00f3 Janus Pannoniusr\u00f3l \/ Hilarius Wolphardus, ford. T\u00f3th Istv\u00e1n (1972); In memoriam J\u00f3zsa B\u00e9la 12 \u00e9nekhang, 36 hangszerj\u00e1t\u00e9kos (1977); Szvit gordonk\u00e1ra kolompokkal (1978), N\u00e9gy kis darab heged\u0171re \u00e9s zongor\u00e1ra (1978); Cinci lieduri pe versurile lui Dsida Jen\u0151 pentru sopran\u0103 solo \u015fi orchestr\u0103 = \u00d6t dal Dsida Jen\u0151 verseire szopr\u00e1n sz\u00f3l\u00f3ra \u00e9s zenekarra (Buc., 1978); \u00d6t du\u00f3 heged\u0171re \u00e9s gordonk\u00e1ra (1979); N\u00e9gyen a t\u00e9rben: Von\u00f3sn\u00e9gyes (1979); \u00d6t dal K\u00e1ny\u00e1di S\u00e1ndor verseire, baritonhangra \u00e9s zongor\u00e1ra (1980); Moving away: T\u00e1volodva nyolc v\u00e1ltozat prepar\u00e1lt zongor\u00e1ra Bart\u00f3k B\u00e9la \u201eH\u00e1rom Cs\u00edk megyei n\u00e9pdal\u201d c\u00edm\u0171 darabj\u00e1nak els\u0151 t\u00e9tel\u00e9re (1981); K\u00e9t darab 12 n\u0151i hangra: I. Mag\u00e1nhangz\u00f3k, II. M\u00e1ssalhangz\u00f3k (1981); A t\u00fccs\u00f6k \u00e9s a hangra, Szil\u00e1gyi Domokos vers\u00e9re \u00e9nek, zongora, \u00fct\u0151hangszer (1982); Conversasions zongor\u00e1ra \u00e9s \u00fct\u0151hangszerekre (1983); Epithalamium madrigal for mixed chorus text by A. R. D. Fairburn vers\u00e9re (1983); Kis erd\u00e9lyi szvit kamarazenekarra (1983, rev. 1997); Requiem for Girl. Requiem egy kisl\u00e1ny\u00e9rt, gyermek narr\u00e1torra, gyermekkara, vegyes karra, zenekarra, szopr\u00e1nsz\u00f3l\u00f3ra, tenor, baritonsz\u00f3l\u00f3ra (1984); Duo for saxophone and Bassoon (1984, rev. 1998); Epithalamium: Madrig\u00e1l vegyeskarra a. R. D. Fairburn verseire (1985); Hommage \u00e0 Lajhta L\u00e1szl\u00f3: 3 erd\u00e9lyi magyar n\u00e9pdal szopr\u00e1nhangra, zongor\u00e1ra (1986); \u00d6t zsolt\u00e1r K\u00e1roli G\u00e1sp\u00e1r sz\u00f6veg\u00e9re, vegyeskarra \u00e9s orgon\u00e1ra (1991); Sonatina gordonk\u00e1ra \u00e9s zongor\u00e1ra (1992); Istennek f\u00e9lelme vegyes karra, orgon\u00e1ra (J\u00f3b k\u00f6nyve 28) (1994); \u00d6t darab orgon\u00e1ra (1998); Im\u00e1k heged\u0171re, orgon\u00e1ra \u00e9s magnetofonra (1999); H\u00e1rom tavaszi dalocska \u00c1prily Lajos verseire gyerek szopr\u00e1n hangra \u00e9s gordonk\u00e1ra (2001); T\u00f6red\u00e9kek Babits Mih\u00e1ly verseire, szopr\u00e1n hangra, br\u00e1cs\u00e1ra, zongor\u00e1ra (2002); Szent M\u00e1rton mise (2002); Szent Cecilia mise (2003). Magyar\u2026Erd\u00e9lyben; Hogyan tan\u00edtsuk korunk zen\u00e9j\u00e9t? Sv\u00e9d, angol \u00e9s kanadai szerz\u0151k munk\u00e1ib\u00f3l (Buk., 1977); Zene \u00e9s szolg\u00e1lat: Cikkek, tanulm\u00e1nyok (Buk., 1980); A m. n\u00e9pzene \u00f6t-fok\u00fa hangsorai (Bp., 1982); K\u00f3rusm\u0171vek 1\u20132. (Szombathely, 1990\u20131993); Adal\u00e9kok a n\u00e9pzene-proz\u00f3dia k\u00e9rd\u00e9s\u00e9hez (Szombathely, 2003); CD-ROM: Erd\u00e9lyi M. Harm\u00f3ni\u00e1s \u00c9nekek a XVIII. sz\u00e1zadb\u00f3l (CD-rom; Bp., 2001); <strong>t\u00e1rssz.:<\/strong> Zenetudom\u00e1nyi \u00edr\u00e1sok (szerk.; Buk., 1977); Cs\u00e1ng\u00f3magyar dalosk\u00f6nyv, Moldva 1972\u20131988 (Seres Andr\u00e1ssal, Szerv\u00e1tiusz Tibor rajzaival; Bp., 1990); Zenetudom\u00e1nyi \u00edr\u00e1sok 1983. (Buk., 1983), <strong>lemeze: <\/strong> Passacaglia K\u00e1joni J\u00e1nos Sz\u00e9kely mis\u00e9j\u00e9nek kyrie eleison dallam\u00e1ra von\u00f3szenekarra; \u00dcvegszil\u00e1nkok k\u00f6z\u00f6tt, zenekari vari\u00e1ci\u00f3k; H\u00e1rom magyar n\u00e9pdal; Sz. Cs. szerz\u0151i lemeze \u2013 HUNGAROTON HCD 32183. <br \/><strong>Irod.:<\/strong> Angi Istv\u00e1n: Itthon \u00e9s otthon \u2013 pillanatfelv\u00e9telek egy \u00e9letm\u0171r\u0151l (Szab\u00f3 Csaba 1936\u20132003) (Kr\u00f3nika, 2003. j\u00fan. 7\u20138); Aranykorszak; Benk\u0151 Andr\u00e1s: Sz. CS. (M\u0171vel\u0151d\u00e9s, 1. sz., 1971); B\u00f6l\u00f6ni Domokos: Sz. Cs. \u00e9s \u00c1kosfalva (N\u00fa., Sz\u00ednes Vil\u00e1g, 2011. febr. 12.); Brockhaus-Riemann: Zenei lexikon. 3. k\u00f6t. (Bp., 1985); Cosma, V: Muzicieni rom\u00e2ni (Buc.,1970); Elekes M-A. 2007; A H\u00e9t (25.sz., 2003. j\u00fal. 3.); A H\u00e9t \u00e9vk. (1982); Internet: szcsnt.hu; J\u00e1ray Fekete Katalin: Elb\u00facs\u00faztatt\u00e1k Sz. Cs. Zeneszerzpt (N\u00fa., 2003., j\u00fan 7.); Kim; KKACs; Koch M\u00e1ria: El kell juttatni az emberekhez a j\u00f3 zen\u00e9t! Besz\u00e9lget\u00e9s Sz. Cs. zeneszerz\u0151vel (V. Z., 1972. szept. 24.); Kov\u00e1cs Levente: In memoriam Sz. Cs. (N\u00fa., M\u00fazsa, 2013. dec. 7.); Kov\u00e1cs Levente: Szab\u00f3 Csaba \u00e9s a N\u00e9pi Egy\u00fcttes = Kusz\u00e1lik; MIIB; MRL; Nagy Mikl\u00f3s Kund: Sok emberhez szeretn\u00e9k sz\u00f3lni (V. Z., 1986. m\u00e1rc. 29.); [Nekrol\u00f3g] (N\u00fa., 2003. m\u00e1j. 31.); Pers. mure\u015fene; Popescu, M: Repertoriul general al crea\u0163iei muzicale rom\u00e2ne\u015fti. 1\u20132. k\u00f6t. (Buk. 1979\u20131981); R\u00e9thy\u2013\u00dajv\u00e1ri\u2013V\u00e1czi, RMIL; Sava; Sava-Vartolomei; Sz\u00e9kely D\u00e9nes 2005; Sz\u00e9kely Sz.Z.; Todea 2013; \u00dcvegszil\u00e1nkok k\u00f6z\u00f6tt: Sz. Cs. eml\u00e9kk\u00f6nyv (Mv., 2013.); Viharban; Zenetud. \u00edr\u00e1sok 1998; Magyarnak maradni Erd\u00e9lyben. (Szerk. Mik\u00f3 Zsuzsanna \u00e9s Szab\u00f3 Csaba. Kv., 2021).<\/br><\/p>\n","protected":false},"excerpt":{"rendered":"<p>\u00c1kosfalva, 1936. \u00e1pr. 19., \u2020 Szombathely, 2003. m\u00e1j. 23, Bp-en a Farkasr\u00e9ti temet\u0151ben nyugszik.: zeneszerz\u0151, karmester, zenetud\u00f3s, egyetemi tan\u00e1r. \u2013 A mv.-i Zenei L\u00edc.-ban \u00e9retts\u00e9gizett (1953); \u00f6sszhangzat- \u00e9s ellenponttant el\u0151sz\u00f6r Tr\u00f3zner J\u00f3zseft\u0151l tanult, majd Kv.-on a Gheorghe Dima Konzervat\u00f3riumban zeneszerz\u00e9s szakon Jod\u00e1l G\u00e1bor \u00e9s Jagamas J\u00e1nos ir\u00e1ny\u00edt\u00e1s\u00e1val szerzett oklevelet (1953\u201359). A Sz\u00e9kely N\u00e9pi Egy\u00fcttes karmestere [&hellip;]<\/p>\n","protected":false},"featured_media":0,"comment_status":"open","ping_status":"closed","template":"","meta":[],"product_brand":[],"product_cat":[137],"product_tag":[],"class_list":{"0":"post-21084","1":"product","2":"type-product","3":"status-publish","5":"product_cat-maros-megyei-eletrajzi-lexikon","7":"first","8":"instock","9":"shipping-taxable","10":"product-type-simple"},"_links":{"self":[{"href":"https:\/\/uj.adatbank.ro\/lexikon\/wp-json\/wp\/v2\/product\/21084","targetHints":{"allow":["GET"]}}],"collection":[{"href":"https:\/\/uj.adatbank.ro\/lexikon\/wp-json\/wp\/v2\/product"}],"about":[{"href":"https:\/\/uj.adatbank.ro\/lexikon\/wp-json\/wp\/v2\/types\/product"}],"replies":[{"embeddable":true,"href":"https:\/\/uj.adatbank.ro\/lexikon\/wp-json\/wp\/v2\/comments?post=21084"}],"wp:attachment":[{"href":"https:\/\/uj.adatbank.ro\/lexikon\/wp-json\/wp\/v2\/media?parent=21084"}],"wp:term":[{"taxonomy":"product_brand","embeddable":true,"href":"https:\/\/uj.adatbank.ro\/lexikon\/wp-json\/wp\/v2\/product_brand?post=21084"},{"taxonomy":"product_cat","embeddable":true,"href":"https:\/\/uj.adatbank.ro\/lexikon\/wp-json\/wp\/v2\/product_cat?post=21084"},{"taxonomy":"product_tag","embeddable":true,"href":"https:\/\/uj.adatbank.ro\/lexikon\/wp-json\/wp\/v2\/product_tag?post=21084"}],"curies":[{"name":"wp","href":"https:\/\/api.w.org\/{rel}","templated":true}]}}