{"id":21086,"date":"2025-07-22T19:12:37","date_gmt":"2025-07-22T17:12:37","guid":{"rendered":"https:\/\/uj.adatbank.ro\/lexikon\/termek\/szabo-david\/"},"modified":"2025-07-22T19:12:37","modified_gmt":"2025-07-22T17:12:37","slug":"szabo-david","status":"publish","type":"product","link":"https:\/\/uj.adatbank.ro\/lexikon\/termek\/szabo-david\/","title":{"rendered":"SZAB\u00d3 D\u00e1vid"},"content":{"rendered":"<p>?, \u2020?: tan\u00e1r. \u2013 A sz\u00e1sszr\u00e9geni M. tannyelv\u0171 Vegyes Pedag\u00f3giai Iskol\u00e1ban magyarnyelvet \u00e9s irodalmat tan\u00edtott (1952\u201356). <br \/><strong>Irod.:<\/strong> Csern\u00e1toni.<\/br><\/p>\n","protected":false},"excerpt":{"rendered":"<p>?, \u2020?: tan\u00e1r. \u2013 A sz\u00e1sszr\u00e9geni M. tannyelv\u0171 Vegyes Pedag\u00f3giai Iskol\u00e1ban magyarnyelvet \u00e9s irodalmat tan\u00edtott (1952\u201356). Irod.: Csern\u00e1toni.<\/p>\n","protected":false},"featured_media":0,"comment_status":"open","ping_status":"closed","template":"","meta":[],"product_brand":[],"product_cat":[137],"product_tag":[],"class_list":{"0":"post-21086","1":"product","2":"type-product","3":"status-publish","5":"product_cat-maros-megyei-eletrajzi-lexikon","7":"first","8":"instock","9":"shipping-taxable","10":"product-type-simple"},"_links":{"self":[{"href":"https:\/\/uj.adatbank.ro\/lexikon\/wp-json\/wp\/v2\/product\/21086","targetHints":{"allow":["GET"]}}],"collection":[{"href":"https:\/\/uj.adatbank.ro\/lexikon\/wp-json\/wp\/v2\/product"}],"about":[{"href":"https:\/\/uj.adatbank.ro\/lexikon\/wp-json\/wp\/v2\/types\/product"}],"replies":[{"embeddable":true,"href":"https:\/\/uj.adatbank.ro\/lexikon\/wp-json\/wp\/v2\/comments?post=21086"}],"wp:attachment":[{"href":"https:\/\/uj.adatbank.ro\/lexikon\/wp-json\/wp\/v2\/media?parent=21086"}],"wp:term":[{"taxonomy":"product_brand","embeddable":true,"href":"https:\/\/uj.adatbank.ro\/lexikon\/wp-json\/wp\/v2\/product_brand?post=21086"},{"taxonomy":"product_cat","embeddable":true,"href":"https:\/\/uj.adatbank.ro\/lexikon\/wp-json\/wp\/v2\/product_cat?post=21086"},{"taxonomy":"product_tag","embeddable":true,"href":"https:\/\/uj.adatbank.ro\/lexikon\/wp-json\/wp\/v2\/product_tag?post=21086"}],"curies":[{"name":"wp","href":"https:\/\/api.w.org\/{rel}","templated":true}]}}