{"id":21088,"date":"2025-07-22T19:12:41","date_gmt":"2025-07-22T17:12:41","guid":{"rendered":"https:\/\/uj.adatbank.ro\/lexikon\/termek\/szabo-denes\/"},"modified":"2025-07-22T19:12:41","modified_gmt":"2025-07-22T17:12:41","slug":"szabo-denes","status":"publish","type":"product","link":"https:\/\/uj.adatbank.ro\/lexikon\/termek\/szabo-denes\/","title":{"rendered":"SZAB\u00d3 D\u00e9nes"},"content":{"rendered":"<p>Sz\u00e9kelyp\u00e1lfalva (Har.), 1878. dec. 27., \u2020\u00a0Sz\u00e9kelyp\u00e1lfalva, 1961. jan. 24.: r. k. pap. \u2013 Tanulm\u00e1nyait Udvarhelyen \u00e9s Gyulafeh\u00e9rv\u00e1ron v\u00e9gezte, papp\u00e1 szentelt\u00e9k (1902. j\u00fan. 26.). Mint k\u00e1pl\u00e1n Gyergy\u00f3remet\u00e9n kezdte m\u0171k\u00f6d\u00e9s\u00e9t, onnan Ditr\u00f3ba helyezt\u00e9k \u00e9s pl\u00e9b\u00e1nos lett (1906). Szenth\u00e1roms\u00e1gon (1906\u2013), S\u00f3mez\u0151n, Bordoson (1909\u201318.), Et\u00e9den, Atyh\u00e1ban szolg\u00e1lt, majd B\u00f6z\u00f6d\u00fajfalura ker\u00fclt (1939\u201342). M\u00e1r nyugd\u00edjask\u00e9nt szolg\u00e1lt a ny\u00e1r\u00e1dselyei pl\u00e9b\u00e1ni\u00e1n (1952. aug. 1. \u2013 55. \u00e1pr.). <br \/><strong>Irod.:<\/strong> Ferenczi S\u00e1ndor 2009; Maros-k\u00fck\u00fcll\u0151i f\u0151esp.; Sz\u00e9kelyf\u00f6ld \u00ed. k.<\/br><\/p>\n","protected":false},"excerpt":{"rendered":"<p>Sz\u00e9kelyp\u00e1lfalva (Har.), 1878. dec. 27., \u2020\u00a0Sz\u00e9kelyp\u00e1lfalva, 1961. jan. 24.: r. k. pap. \u2013 Tanulm\u00e1nyait Udvarhelyen \u00e9s Gyulafeh\u00e9rv\u00e1ron v\u00e9gezte, papp\u00e1 szentelt\u00e9k (1902. j\u00fan. 26.). Mint k\u00e1pl\u00e1n Gyergy\u00f3remet\u00e9n kezdte m\u0171k\u00f6d\u00e9s\u00e9t, onnan Ditr\u00f3ba helyezt\u00e9k \u00e9s pl\u00e9b\u00e1nos lett (1906). Szenth\u00e1roms\u00e1gon (1906\u2013), S\u00f3mez\u0151n, Bordoson (1909\u201318.), Et\u00e9den, Atyh\u00e1ban szolg\u00e1lt, majd B\u00f6z\u00f6d\u00fajfalura ker\u00fclt (1939\u201342). M\u00e1r nyugd\u00edjask\u00e9nt szolg\u00e1lt a ny\u00e1r\u00e1dselyei pl\u00e9b\u00e1ni\u00e1n (1952. aug. [&hellip;]<\/p>\n","protected":false},"featured_media":0,"comment_status":"open","ping_status":"closed","template":"","meta":[],"product_brand":[],"product_cat":[137],"product_tag":[],"class_list":{"0":"post-21088","1":"product","2":"type-product","3":"status-publish","5":"product_cat-maros-megyei-eletrajzi-lexikon","7":"first","8":"instock","9":"shipping-taxable","10":"product-type-simple"},"_links":{"self":[{"href":"https:\/\/uj.adatbank.ro\/lexikon\/wp-json\/wp\/v2\/product\/21088","targetHints":{"allow":["GET"]}}],"collection":[{"href":"https:\/\/uj.adatbank.ro\/lexikon\/wp-json\/wp\/v2\/product"}],"about":[{"href":"https:\/\/uj.adatbank.ro\/lexikon\/wp-json\/wp\/v2\/types\/product"}],"replies":[{"embeddable":true,"href":"https:\/\/uj.adatbank.ro\/lexikon\/wp-json\/wp\/v2\/comments?post=21088"}],"wp:attachment":[{"href":"https:\/\/uj.adatbank.ro\/lexikon\/wp-json\/wp\/v2\/media?parent=21088"}],"wp:term":[{"taxonomy":"product_brand","embeddable":true,"href":"https:\/\/uj.adatbank.ro\/lexikon\/wp-json\/wp\/v2\/product_brand?post=21088"},{"taxonomy":"product_cat","embeddable":true,"href":"https:\/\/uj.adatbank.ro\/lexikon\/wp-json\/wp\/v2\/product_cat?post=21088"},{"taxonomy":"product_tag","embeddable":true,"href":"https:\/\/uj.adatbank.ro\/lexikon\/wp-json\/wp\/v2\/product_tag?post=21088"}],"curies":[{"name":"wp","href":"https:\/\/api.w.org\/{rel}","templated":true}]}}